{"id":2232,"date":"2024-11-29T16:27:15","date_gmt":"2024-11-29T19:27:15","guid":{"rendered":"https:\/\/sites.uel.br\/ndph\/?page_id=2232"},"modified":"2024-12-04T15:03:29","modified_gmt":"2024-12-04T18:03:29","slug":"colecao-autos-criminais-do-forum-da-comarca-de-londrina-1930-1974","status":"publish","type":"page","link":"https:\/\/sites.uel.br\/ndph\/colecao-autos-criminais-do-forum-da-comarca-de-londrina-1930-1974\/","title":{"rendered":"Cole\u00e7\u00e3o Autos Criminais do F\u00f3rum da Comarca de Londrina 1930-1974"},"content":{"rendered":"\n<p><strong>Informa\u00e7\u00e3o da cole\u00e7\u00e3o:<\/strong> <\/p>\n\n\n\n<ul class=\"wp-block-list\">\n<li>5323 processos crime;<\/li>\n<\/ul>\n\n\n\n<p><\/p>\n\n\n\n<p>Consulta exclusivamente presencial.<\/p>\n\n\n\n<p><\/p>\n","protected":false},"excerpt":{"rendered":"<p>Informa\u00e7\u00e3o da cole\u00e7\u00e3o: Consulta exclusivamente presencial.<\/p>\n","protected":false},"author":6,"featured_media":0,"parent":0,"menu_order":0,"comment_status":"closed","ping_status":"closed","template":"","meta":{"footnotes":""},"class_list":["post-2232","page","type-page","status-publish","hentry"],"acf":[],"_links":{"self":[{"href":"https:\/\/sites.uel.br\/ndph\/wp-json\/wp\/v2\/pages\/2232","targetHints":{"allow":["GET"]}}],"collection":[{"href":"https:\/\/sites.uel.br\/ndph\/wp-json\/wp\/v2\/pages"}],"about":[{"href":"https:\/\/sites.uel.br\/ndph\/wp-json\/wp\/v2\/types\/page"}],"author":[{"embeddable":true,"href":"https:\/\/sites.uel.br\/ndph\/wp-json\/wp\/v2\/users\/6"}],"replies":[{"embeddable":true,"href":"https:\/\/sites.uel.br\/ndph\/wp-json\/wp\/v2\/comments?post=2232"}],"version-history":[{"count":4,"href":"https:\/\/sites.uel.br\/ndph\/wp-json\/wp\/v2\/pages\/2232\/revisions"}],"predecessor-version":[{"id":2281,"href":"https:\/\/sites.uel.br\/ndph\/wp-json\/wp\/v2\/pages\/2232\/revisions\/2281"}],"wp:attachment":[{"href":"https:\/\/sites.uel.br\/ndph\/wp-json\/wp\/v2\/media?parent=2232"}],"curies":[{"name":"wp","href":"https:\/\/api.w.org\/{rel}","templated":true}]}}