{"id":2161,"date":"2024-11-28T20:07:26","date_gmt":"2024-11-28T23:07:26","guid":{"rendered":"https:\/\/sites.uel.br\/ndph\/?page_id=2161"},"modified":"2025-01-10T14:16:39","modified_gmt":"2025-01-10T17:16:39","slug":"fundos-coletivos","status":"publish","type":"page","link":"https:\/\/sites.uel.br\/ndph\/fundos-coletivos\/","title":{"rendered":"Fundos Institucionais \/ Coletivos"},"content":{"rendered":"\n<p><strong><a href=\"https:\/\/sites.uel.br\/ndph\/fundo-associacao-brasileira-de-reforma-agraria-abra\/\" data-type=\"page\" data-id=\"2068\">Associa\u00e7\u00e3o Brasileira de Reforma Agr\u00e1ria (ABRA)<\/a><\/strong><br><a href=\"https:\/\/sites.uel.br\/ndph\/associacao-nacional-de-pos-graduacao-e-pesquisa-em-letras-e-linguistica-anpoll\/\" data-type=\"page\" data-id=\"2371\"><strong>Associa\u00e7\u00e3o Nacional de P\u00f3s-gradua\u00e7\u00e3o e Pesquisa em Letras e Lingu\u00edstica (ANPOLL)<\/strong><\/a><br><strong><a href=\"https:\/\/sites.uel.br\/ndph\/fundo-associacao-projeto-de-educacao-do-assalariado-rural-temporario-apeart\/\" data-type=\"link\" data-id=\"https:\/\/sites.uel.br\/ndph\/fundo-associacao-projeto-de-educacao-do-assalariado-rural-temporario-apeart\/\">Associa\u00e7\u00e3o Projeto de Educa\u00e7\u00e3o do Assalariado Rural Tempor\u00e1rio (APEART)<\/a><\/strong><br><strong><a href=\"https:\/\/sites.uel.br\/ndph\/fundo-comissao-pastoral-da-terra-parana-cpt-pr\/\" data-type=\"link\" data-id=\"https:\/\/sites.uel.br\/ndph\/fundo-comissao-pastoral-da-terra-parana-cpt-pr\/\">Comiss\u00e3o Pastoral da Terra\/Paran\u00e1 (CPT\/PR)<\/a><\/strong><br><strong><a href=\"https:\/\/sites.uel.br\/ndph\/fundo-diretorio-central-dos-estudantes-dce\/\" data-type=\"page\" data-id=\"2078\">Diret\u00f3rio Central dos Estudantes (DCE)<\/a><\/strong><br><strong><a href=\"https:\/\/sites.uel.br\/ndph\/fundo-foto-clube-de-londrina-fftcl\/\" data-type=\"page\" data-id=\"2085\">Foto Clube de Londrina (FFtCL)<\/a><\/strong><br><strong><a href=\"https:\/\/sites.uel.br\/ndph\/fundo-guerrilha-de-porecatu-fgpor\/\" data-type=\"page\" data-id=\"2091\">Guerrilha de Porecatu (FGPor)<\/a><br><a href=\"https:\/\/sites.uel.br\/ndph\/fundo-paginas-censuradas-do-sao-paulo-pcsp\/\" data-type=\"link\" data-id=\"https:\/\/sites.uel.br\/ndph\/fundo-paginas-censuradas-do-sao-paulo-pcsp\/\">P\u00e1ginas Censuradas d\u2019O S\u00e3o Paulo (PCSP)<\/a><\/strong><\/p>\n\n\n\n<p><\/p>\n","protected":false},"excerpt":{"rendered":"<p>Associa\u00e7\u00e3o Brasileira de Reforma Agr\u00e1ria (ABRA)Associa\u00e7\u00e3o Nacional de P\u00f3s-gradua\u00e7\u00e3o e Pesquisa em Letras e Lingu\u00edstica (ANPOLL)Associa\u00e7\u00e3o Projeto de Educa\u00e7\u00e3o do Assalariado Rural Tempor\u00e1rio (APEART)Comiss\u00e3o Pastoral da Terra\/Paran\u00e1 (CPT\/PR)Diret\u00f3rio Central dos Estudantes (DCE)Foto Clube de Londrina (FFtCL)Guerrilha de Porecatu (FGPor)P\u00e1ginas Censuradas d\u2019O S\u00e3o Paulo (PCSP)<\/p>\n","protected":false},"author":6,"featured_media":0,"parent":0,"menu_order":0,"comment_status":"closed","ping_status":"closed","template":"","meta":{"footnotes":""},"class_list":["post-2161","page","type-page","status-publish","hentry"],"acf":[],"_links":{"self":[{"href":"https:\/\/sites.uel.br\/ndph\/wp-json\/wp\/v2\/pages\/2161","targetHints":{"allow":["GET"]}}],"collection":[{"href":"https:\/\/sites.uel.br\/ndph\/wp-json\/wp\/v2\/pages"}],"about":[{"href":"https:\/\/sites.uel.br\/ndph\/wp-json\/wp\/v2\/types\/page"}],"author":[{"embeddable":true,"href":"https:\/\/sites.uel.br\/ndph\/wp-json\/wp\/v2\/users\/6"}],"replies":[{"embeddable":true,"href":"https:\/\/sites.uel.br\/ndph\/wp-json\/wp\/v2\/comments?post=2161"}],"version-history":[{"count":5,"href":"https:\/\/sites.uel.br\/ndph\/wp-json\/wp\/v2\/pages\/2161\/revisions"}],"predecessor-version":[{"id":2373,"href":"https:\/\/sites.uel.br\/ndph\/wp-json\/wp\/v2\/pages\/2161\/revisions\/2373"}],"wp:attachment":[{"href":"https:\/\/sites.uel.br\/ndph\/wp-json\/wp\/v2\/media?parent=2161"}],"curies":[{"name":"wp","href":"https:\/\/api.w.org\/{rel}","templated":true}]}}