{"id":2157,"date":"2024-11-28T19:58:40","date_gmt":"2024-11-28T22:58:40","guid":{"rendered":"https:\/\/sites.uel.br\/ndph\/?page_id=2157"},"modified":"2026-03-27T14:34:50","modified_gmt":"2026-03-27T17:34:50","slug":"colecoes-coletivas","status":"publish","type":"page","link":"https:\/\/sites.uel.br\/ndph\/colecoes-coletivas\/","title":{"rendered":"Cole\u00e7\u00f5es Institucionais \/ Coletivas"},"content":{"rendered":"\n<p><strong><a href=\"https:\/\/sites.uel.br\/ndph\/colecao-albuns-fotograficos\/\" data-type=\"page\" data-id=\"2145\">\u00c1lbuns Fotogr\u00e1ficos<\/a><\/strong><br><strong><a href=\"https:\/\/sites.uel.br\/ndph\/antigas-faculdades-afac\/\" data-type=\"link\" data-id=\"https:\/\/sites.uel.br\/ndph\/antigas-faculdades-afac\/\">Antigas Faculdades (AFAC)<\/a><\/strong><br><strong><a href=\"https:\/\/sites.uel.br\/ndph\/colecao-arquivo-historico-judaico-brasileiro-ahjb\/\" data-type=\"link\" data-id=\"https:\/\/sites.uel.br\/ndph\/colecao-arquivo-historico-judaico-brasileiro-ahjb\/\">Arquivo Hist\u00f3rico Judaico Brasileiro (AHJB)<\/a><\/strong><br><strong><a href=\"https:\/\/sites.uel.br\/ndph\/colecao-associacao-londrinense-de-cineastas-amadores-alca\/\">Associa\u00e7\u00e3o Londrinense de Cineastas Amadores (ALCA)<\/a><\/strong><br><a href=\"https:\/\/sites.uel.br\/ndph\/audiovisual\/\" data-type=\"page\" data-id=\"2227\"><strong>Audiovisual<\/strong><\/a><br><strong><a href=\"https:\/\/sites.uel.br\/ndph\/colecao-autos-criminais-do-forum-da-comarca-de-londrina-1930-1974\/\" data-type=\"page\" data-id=\"2232\">Autos Criminais do F\u00f3rum da Comarca de Londrina 1930-1974<\/a><\/strong><br><strong><a href=\"https:\/\/sites.uel.br\/ndph\/colecao-autos-criminais-do-juizo-de-direito-da-comarca-de-londrina-accl\/\">Autos Criminais do Ju\u00edzo de Direito da Comarca de Londrina (ACCL)<\/a><\/strong><br><strong><a href=\"https:\/\/sites.uel.br\/ndph\/colecao-brasil-nunca-mais-bnm\/\" data-type=\"link\" data-id=\"https:\/\/sites.uel.br\/ndph\/colecao-brasil-nunca-mais-bnm\/\">Brasil: Nunca Mais (BNM)<\/a><\/strong><br><strong><a href=\"https:\/\/sites.uel.br\/ndph\/colecao-economia-paranaense-ecopr\/\" data-type=\"link\" data-id=\"https:\/\/sites.uel.br\/ndph\/colecao-economia-paranaense-ecopr\/\">Economia Paranaense (ECOPR)<\/a><\/strong><br><strong><a href=\"https:\/\/sites.uel.br\/ndph\/exposicoes-ndph\/\" data-type=\"link\" data-id=\"https:\/\/sites.uel.br\/ndph\/exposicoes-ndph\/\">Exposi\u00e7\u00f5es NDPH<\/a><\/strong><br><strong><a href=\"https:\/\/sites.uel.br\/ndph\/fontes-orais\/\" data-type=\"page\" data-id=\"2230\">Fontes orais<\/a><\/strong><br><strong><a href=\"https:\/\/sites.uel.br\/ndph\/colecao-guerra-do-contestado-gc\/\" data-type=\"link\" data-id=\"https:\/\/sites.uel.br\/ndph\/colecao-guerra-do-contestado-gc\/\">Guerra do Contestado (GC)<\/a><\/strong><br><strong><a href=\"https:\/\/sites.uel.br\/ndph\/igreja-matriz-de-apucarana-ima\/\" data-type=\"link\" data-id=\"https:\/\/sites.uel.br\/ndph\/igreja-matriz-de-apucarana-ima\/\">Igreja Matriz de Apucarana (IMA)<\/a><\/strong><br><strong><a href=\"https:\/\/sites.uel.br\/ndph\/colecao-irmandade-da-santa-casa-de-londrina-iscal\/\" data-type=\"link\" data-id=\"https:\/\/sites.uel.br\/ndph\/colecao-irmandade-da-santa-casa-de-londrina-iscal\/\">Irmandade da Santa Casa de Londrina (ISCAL)<\/a><\/strong><br><strong><a href=\"https:\/\/sites.uel.br\/ndph\/colecao-historia-e-ensino-he\/\" data-type=\"link\" data-id=\"https:\/\/sites.uel.br\/ndph\/colecao-historia-e-ensino-he\/\" target=\"_blank\" rel=\"noreferrer noopener\">Livros Did\u00e1ticos<\/a><\/strong><br><strong><a href=\"https:\/\/sites.uel.br\/ndph\/colecao-livros-religiosos-clr\/\" data-type=\"page\" data-id=\"2024\">Livros Religiosos (CLR)<\/a><\/strong><br><strong><a href=\"https:\/\/sites.uel.br\/ndph\/colecao-memoria-da-saude-em-londrina-msl\/\" data-type=\"page\" data-id=\"2034\">Mem\u00f3ria da Sa\u00fade em Londrina (MSL)<\/a><\/strong><br><strong><a href=\"https:\/\/sites.uel.br\/ndph\/colecao-moralidade-publica-londrina-belinati-cmplb\/\" data-type=\"page\" data-id=\"3034\">Moralidade P\u00fablica Londrina &#8211; Belinati (CMPLB)<\/a><\/strong><br><strong><a href=\"https:\/\/sites.uel.br\/ndph\/colecao-movimento-brasileiro-de-alfabetizacao-mobral\/\" data-type=\"page\" data-id=\"2036\">Movimento Brasileiro de Alfabetiza\u00e7\u00e3o (MOBRAL)<\/a><\/strong><br><strong><a href=\"https:\/\/sites.uel.br\/ndph\/colecao-partido-social-democratico-psd\/\" data-type=\"link\" data-id=\"https:\/\/sites.uel.br\/ndph\/colecao-partido-social-democratico-psd\/\">Partido Social Democr\u00e1tico (PSD)<\/a><\/strong><br><strong><a href=\"https:\/\/sites.uel.br\/ndph\/peronismo-per\/\" data-type=\"link\" data-id=\"https:\/\/sites.uel.br\/ndph\/peronismo-per\/\">Peronismo (PER)<\/a><\/strong><br><strong><a href=\"https:\/\/sites.uel.br\/ndph\/colecao-sertanopolis-sert\/\" data-type=\"page\" data-id=\"2046\">Sertan\u00f3polis (SERT)<\/a><\/strong><br><strong><a href=\"https:\/\/sites.uel.br\/ndph\/radio-uel-cru\/\" data-type=\"link\" data-id=\"https:\/\/sites.uel.br\/ndph\/radio-uel-cru\/\">R\u00e1dio UEL (CRU)<\/a><br><a href=\"https:\/\/sites.uel.br\/ndph\/colecao-sociedade-rural-do-parana-srp\/\" data-type=\"page\" data-id=\"2051\">Sociedade Rural do Paran\u00e1 (SRP)<\/a><\/strong><\/p>\n\n\n\n<p><\/p>\n","protected":false},"excerpt":{"rendered":"<p>\u00c1lbuns Fotogr\u00e1ficosAntigas Faculdades (AFAC)Arquivo Hist\u00f3rico Judaico Brasileiro (AHJB)Associa\u00e7\u00e3o Londrinense de Cineastas Amadores (ALCA)AudiovisualAutos Criminais do F\u00f3rum da Comarca de Londrina 1930-1974Autos Criminais do Ju\u00edzo de Direito da Comarca de Londrina (ACCL)Brasil: Nunca Mais (BNM)Economia Paranaense (ECOPR)Exposi\u00e7\u00f5es NDPHFontes oraisGuerra do Contestado (GC)Igreja Matriz de Apucarana (IMA)Irmandade da Santa Casa de Londrina (ISCAL)Livros Did\u00e1ticosLivros Religiosos (CLR)Mem\u00f3ria da [&hellip;]<\/p>\n","protected":false},"author":6,"featured_media":0,"parent":0,"menu_order":0,"comment_status":"closed","ping_status":"closed","template":"","meta":{"footnotes":""},"class_list":["post-2157","page","type-page","status-publish","hentry"],"acf":[],"_links":{"self":[{"href":"https:\/\/sites.uel.br\/ndph\/wp-json\/wp\/v2\/pages\/2157","targetHints":{"allow":["GET"]}}],"collection":[{"href":"https:\/\/sites.uel.br\/ndph\/wp-json\/wp\/v2\/pages"}],"about":[{"href":"https:\/\/sites.uel.br\/ndph\/wp-json\/wp\/v2\/types\/page"}],"author":[{"embeddable":true,"href":"https:\/\/sites.uel.br\/ndph\/wp-json\/wp\/v2\/users\/6"}],"replies":[{"embeddable":true,"href":"https:\/\/sites.uel.br\/ndph\/wp-json\/wp\/v2\/comments?post=2157"}],"version-history":[{"count":8,"href":"https:\/\/sites.uel.br\/ndph\/wp-json\/wp\/v2\/pages\/2157\/revisions"}],"predecessor-version":[{"id":3037,"href":"https:\/\/sites.uel.br\/ndph\/wp-json\/wp\/v2\/pages\/2157\/revisions\/3037"}],"wp:attachment":[{"href":"https:\/\/sites.uel.br\/ndph\/wp-json\/wp\/v2\/media?parent=2157"}],"curies":[{"name":"wp","href":"https:\/\/api.w.org\/{rel}","templated":true}]}}