{"id":2147,"date":"2024-11-28T19:30:56","date_gmt":"2024-11-28T22:30:56","guid":{"rendered":"https:\/\/sites.uel.br\/ndph\/?page_id=2147"},"modified":"2024-11-28T19:30:56","modified_gmt":"2024-11-28T22:30:56","slug":"a-geada-negra","status":"publish","type":"page","link":"https:\/\/sites.uel.br\/ndph\/a-geada-negra\/","title":{"rendered":"A Geada Negra"},"content":{"rendered":"\n<p><strong><a href=\"https:\/\/www.youtube.com\/watch?v=YJOzNMJaphg\" target=\"_blank\" rel=\"noreferrer noopener\">Document\u00e1rio On-Line<\/a><\/strong><br><br>Document\u00e1rio produzido pela TV Coroados (atual RPC Londrina) em 1980, destacando os efeitos da Geada Negra no norte do Paran\u00e1, principalmente na regi\u00e3o de Londrina, cidade que era conhecida como \u201cCapital do Caf\u00e9\u201d e concentrava as maiores negocia\u00e7\u00f5es envolvendo o produto, tanto para o Brasil quanto para o exterior.<\/p>\n\n\n\n<p><\/p>\n","protected":false},"excerpt":{"rendered":"<p>Document\u00e1rio On-Line Document\u00e1rio produzido pela TV Coroados (atual RPC Londrina) em 1980, destacando os efeitos da Geada Negra no norte do Paran\u00e1, principalmente na regi\u00e3o de Londrina, cidade que era conhecida como \u201cCapital do Caf\u00e9\u201d e concentrava as maiores negocia\u00e7\u00f5es envolvendo o produto, tanto para o Brasil quanto para o exterior.<\/p>\n","protected":false},"author":6,"featured_media":0,"parent":0,"menu_order":0,"comment_status":"closed","ping_status":"closed","template":"","meta":{"footnotes":""},"class_list":["post-2147","page","type-page","status-publish","hentry"],"acf":[],"_links":{"self":[{"href":"https:\/\/sites.uel.br\/ndph\/wp-json\/wp\/v2\/pages\/2147","targetHints":{"allow":["GET"]}}],"collection":[{"href":"https:\/\/sites.uel.br\/ndph\/wp-json\/wp\/v2\/pages"}],"about":[{"href":"https:\/\/sites.uel.br\/ndph\/wp-json\/wp\/v2\/types\/page"}],"author":[{"embeddable":true,"href":"https:\/\/sites.uel.br\/ndph\/wp-json\/wp\/v2\/users\/6"}],"replies":[{"embeddable":true,"href":"https:\/\/sites.uel.br\/ndph\/wp-json\/wp\/v2\/comments?post=2147"}],"version-history":[{"count":1,"href":"https:\/\/sites.uel.br\/ndph\/wp-json\/wp\/v2\/pages\/2147\/revisions"}],"predecessor-version":[{"id":2149,"href":"https:\/\/sites.uel.br\/ndph\/wp-json\/wp\/v2\/pages\/2147\/revisions\/2149"}],"wp:attachment":[{"href":"https:\/\/sites.uel.br\/ndph\/wp-json\/wp\/v2\/media?parent=2147"}],"curies":[{"name":"wp","href":"https:\/\/api.w.org\/{rel}","templated":true}]}}