{"id":2145,"date":"2024-11-28T19:21:02","date_gmt":"2024-11-28T22:21:02","guid":{"rendered":"https:\/\/sites.uel.br\/ndph\/?page_id=2145"},"modified":"2024-11-28T19:21:02","modified_gmt":"2024-11-28T22:21:02","slug":"colecao-albuns-fotograficos","status":"publish","type":"page","link":"https:\/\/sites.uel.br\/ndph\/colecao-albuns-fotograficos\/","title":{"rendered":"Cole\u00e7\u00e3o \u00c1lbuns Fotogr\u00e1ficos"},"content":{"rendered":"\n<p><strong>0001<\/strong>\u00a0\u2013\u00a0<a href=\"https:\/\/sites.uel.br\/ndph\/wp-content\/uploads\/2022\/08\/0001.pdf\" target=\"_blank\" rel=\"noreferrer noopener\">Cenas de filmes norte-americanos e brasileiros<br><\/a><strong>0002<\/strong>\u00a0\u2013\u00a0<a href=\"https:\/\/sites.uel.br\/ndph\/wp-content\/uploads\/2022\/08\/0002.pdf\" target=\"_blank\" rel=\"noreferrer noopener\">Constru\u00e7\u00e3o da FESULON \u2013 Centro de Ci\u00eancias Morfol\u00f3gicas (1968)<\/a><br><strong>0003<\/strong>\u00a0\u2013\u00a0<a href=\"https:\/\/sites.uel.br\/ndph\/wp-content\/uploads\/2022\/08\/0003.pdf\" target=\"_blank\" rel=\"noreferrer noopener\">Desfavelamento da Vila Fraternidade e outros<\/a><br><strong>0004<\/strong>\u00a0\u2013\u00a0<a href=\"https:\/\/sites.uel.br\/ndph\/wp-content\/uploads\/2022\/08\/0004.pdf\" target=\"_blank\" rel=\"noreferrer noopener\">Inaugura\u00e7\u00e3o do Sal\u00e3o de Ch\u00e1 Fuganti (1956)<\/a><br><strong>0005<\/strong>\u00a0\u2013\u00a0<a href=\"https:\/\/sites.uel.br\/ndph\/wp-content\/uploads\/2022\/08\/0005.pdf\" target=\"_blank\" rel=\"noreferrer noopener\">Pictografias antigas<\/a><br><strong>0006<\/strong>\u00a0\u2013\u00a0<a href=\"https:\/\/sites.uel.br\/ndph\/wp-content\/uploads\/2022\/08\/0006.pdf\" target=\"_blank\" rel=\"noreferrer noopener\">Postais cenas londrinenses \u2013 Kaing\u00e1ng<\/a><br><strong>0007<\/strong>\u00a0\u2013\u00a0<a href=\"https:\/\/sites.uel.br\/ndph\/wp-content\/uploads\/2022\/08\/0007.pdf\" target=\"_blank\" rel=\"noreferrer noopener\">Religi\u00e3o, patrim\u00f4nio e identidade<\/a><br><strong>0008<\/strong>\u00a0\u2013\u00a0<a href=\"https:\/\/sites.uel.br\/ndph\/wp-content\/uploads\/2022\/08\/0008.pdf\" target=\"_blank\" rel=\"noreferrer noopener\">Ru\u00ednas da Mem\u00f3ria<\/a><br><strong>0009<\/strong>\u00a0\u2013\u00a0<a href=\"https:\/\/sites.uel.br\/ndph\/wp-content\/uploads\/2022\/08\/0009.pdf\" target=\"_blank\" rel=\"noreferrer noopener\">Igreja Matriz de Londrina<br><\/a><strong>0010<\/strong>\u00a0\u2013\u00a0<a href=\"https:\/\/sites.uel.br\/ndph\/wp-content\/uploads\/2022\/08\/0010.pdf\" target=\"_blank\" rel=\"noreferrer noopener\">Pres\u00eddio de Londrina (Cadei\u00e3o)<\/a><br><strong>0011<\/strong>\u00a0\u2013\u00a0<a href=\"https:\/\/sites.uel.br\/ndph\/wp-content\/uploads\/2022\/08\/0011.pdf\" target=\"_blank\" rel=\"noreferrer noopener\">Lago Igap\u00f3<\/a><br><strong>0012<\/strong>\u00a0\u2013\u00a0<a href=\"https:\/\/sites.uel.br\/ndph\/wp-content\/uploads\/2022\/08\/0012.pdf\" target=\"_blank\" rel=\"noreferrer noopener\">Oswald Nixdorf<\/a><br><strong>0013<\/strong>\u00a0\u2013\u00a0<a href=\"https:\/\/sites.uel.br\/ndph\/wp-content\/uploads\/2022\/08\/0013.pdf\" target=\"_blank\" rel=\"noreferrer noopener\">Fotografias do CDPH\/UEL<\/a><br><strong>0014<\/strong>\u00a0\u2013\u00a0<a href=\"https:\/\/sites.uel.br\/ndph\/wp-content\/uploads\/2022\/08\/0014.pdf\" target=\"_blank\" rel=\"noreferrer noopener\">Faculdades e Col\u00e9gios em Londrina<\/a><br><strong>0015<\/strong>\u00a0\u2013\u00a0<a href=\"https:\/\/sites.uel.br\/ndph\/wp-content\/uploads\/2022\/08\/0015.pdf\" target=\"_blank\" rel=\"noreferrer noopener\">Museu Hist\u00f3rico de Londrina \/ Antiga Esta\u00e7\u00e3o Ferrovi\u00e1ria<\/a><br><strong>0016<\/strong>\u00a0\u2013\u00a0<a href=\"https:\/\/sites.uel.br\/ndph\/wp-content\/uploads\/2022\/08\/0016.pdf\" target=\"_blank\" rel=\"noreferrer noopener\">Cidade de Londrina \u2013 Geral<br><\/a><strong>0017\u00a0<\/strong>\u2013\u00a0<a href=\"https:\/\/sites.uel.br\/ndph\/wp-content\/uploads\/2022\/08\/0017.pdf\" target=\"_blank\" rel=\"noreferrer noopener\">Fotografias de Londrina \u2013 C\u00f3pias<\/a><br><strong>0019\u00a0<\/strong>\u2013\u00a0<a href=\"https:\/\/sites.uel.br\/ndph\/wp-content\/uploads\/2022\/08\/0019.pdf\" target=\"_blank\" rel=\"noreferrer noopener\">Frutos da Terra: os trabalhadores da Matte Laranjeira<\/a><br><strong>0020<\/strong>\u00a0\u2013\u00a0<a href=\"https:\/\/sites.uel.br\/ndph\/wp-content\/uploads\/2022\/08\/0020.pdf\" target=\"_blank\" rel=\"noreferrer noopener\">Visita do Presidente Dwright Eisenhawer (EUA) ao Brasil \u2013 Anos 1960<\/a><br><strong>0021<\/strong>\u00a0\u2013\u00a0<a href=\"https:\/\/sites.uel.br\/ndph\/wp-content\/uploads\/2022\/08\/0021.pdf\" target=\"_blank\" rel=\"noreferrer noopener\">Carpeaux: imagens cr\u00edticas<\/a><br><strong>0022<\/strong>\u00a0\u2013\u00a0<a href=\"https:\/\/sites.uel.br\/ndph\/wp-content\/uploads\/2022\/08\/0022.pdf\" target=\"_blank\" rel=\"noreferrer noopener\">Ensaios de Pe\u00e7as Teatrais \u2013 Londrina<\/a><br><strong>0023<\/strong>\u00a0\u2013\u00a0<a href=\"https:\/\/sites.uel.br\/ndph\/wp-content\/uploads\/2022\/08\/0023.pdf\" target=\"_blank\" rel=\"noreferrer noopener\">Jockey Club de Londrina<\/a><br><strong>0024<\/strong>\u00a0\u2013\u00a0<a href=\"https:\/\/sites.uel.br\/ndph\/wp-content\/uploads\/2022\/08\/0024.pdf\" target=\"_blank\" rel=\"noreferrer noopener\">Vida social, cultural e pol\u00edtica na Ditadura Militar<\/a><\/p>\n","protected":false},"excerpt":{"rendered":"<p>0001\u00a0\u2013\u00a0Cenas de filmes norte-americanos e brasileiros0002\u00a0\u2013\u00a0Constru\u00e7\u00e3o da FESULON \u2013 Centro de Ci\u00eancias Morfol\u00f3gicas (1968)0003\u00a0\u2013\u00a0Desfavelamento da Vila Fraternidade e outros0004\u00a0\u2013\u00a0Inaugura\u00e7\u00e3o do Sal\u00e3o de Ch\u00e1 Fuganti (1956)0005\u00a0\u2013\u00a0Pictografias antigas0006\u00a0\u2013\u00a0Postais cenas londrinenses \u2013 Kaing\u00e1ng0007\u00a0\u2013\u00a0Religi\u00e3o, patrim\u00f4nio e identidade0008\u00a0\u2013\u00a0Ru\u00ednas da Mem\u00f3ria0009\u00a0\u2013\u00a0Igreja Matriz de Londrina0010\u00a0\u2013\u00a0Pres\u00eddio de Londrina (Cadei\u00e3o)0011\u00a0\u2013\u00a0Lago Igap\u00f30012\u00a0\u2013\u00a0Oswald Nixdorf0013\u00a0\u2013\u00a0Fotografias do CDPH\/UEL0014\u00a0\u2013\u00a0Faculdades e Col\u00e9gios em Londrina0015\u00a0\u2013\u00a0Museu Hist\u00f3rico de Londrina \/ Antiga Esta\u00e7\u00e3o [&hellip;]<\/p>\n","protected":false},"author":6,"featured_media":0,"parent":0,"menu_order":0,"comment_status":"closed","ping_status":"closed","template":"","meta":{"footnotes":""},"class_list":["post-2145","page","type-page","status-publish","hentry"],"acf":[],"_links":{"self":[{"href":"https:\/\/sites.uel.br\/ndph\/wp-json\/wp\/v2\/pages\/2145","targetHints":{"allow":["GET"]}}],"collection":[{"href":"https:\/\/sites.uel.br\/ndph\/wp-json\/wp\/v2\/pages"}],"about":[{"href":"https:\/\/sites.uel.br\/ndph\/wp-json\/wp\/v2\/types\/page"}],"author":[{"embeddable":true,"href":"https:\/\/sites.uel.br\/ndph\/wp-json\/wp\/v2\/users\/6"}],"replies":[{"embeddable":true,"href":"https:\/\/sites.uel.br\/ndph\/wp-json\/wp\/v2\/comments?post=2145"}],"version-history":[{"count":1,"href":"https:\/\/sites.uel.br\/ndph\/wp-json\/wp\/v2\/pages\/2145\/revisions"}],"predecessor-version":[{"id":2146,"href":"https:\/\/sites.uel.br\/ndph\/wp-json\/wp\/v2\/pages\/2145\/revisions\/2146"}],"wp:attachment":[{"href":"https:\/\/sites.uel.br\/ndph\/wp-json\/wp\/v2\/media?parent=2145"}],"curies":[{"name":"wp","href":"https:\/\/api.w.org\/{rel}","templated":true}]}}