{"id":2141,"date":"2024-11-28T19:07:19","date_gmt":"2024-11-28T22:07:19","guid":{"rendered":"https:\/\/sites.uel.br\/ndph\/?page_id=2141"},"modified":"2024-11-28T19:07:19","modified_gmt":"2024-11-28T22:07:19","slug":"colecao-musicalia-msc","status":"publish","type":"page","link":"https:\/\/sites.uel.br\/ndph\/colecao-musicalia-msc\/","title":{"rendered":"Cole\u00e7\u00e3o Music\u00e1lia (MSC)"},"content":{"rendered":"\n<p>S\u00e9rie\u00a0<a href=\"https:\/\/sites.uel.br\/ndph\/wp-content\/uploads\/2022\/08\/MSC.SERIE-BR.pdf\" target=\"_blank\" rel=\"noreferrer noopener\">Brasilidade<\/a><br>S\u00e9rie\u00a0<a href=\"https:\/\/sites.uel.br\/ndph\/wp-content\/uploads\/2022\/08\/MSC.SERIE-ERD.pdf\" target=\"_blank\" rel=\"noreferrer noopener\">Erudi\u00e7\u00e3o<\/a><\/p>\n\n\n\n<p><\/p>\n","protected":false},"excerpt":{"rendered":"<p>S\u00e9rie\u00a0BrasilidadeS\u00e9rie\u00a0Erudi\u00e7\u00e3o<\/p>\n","protected":false},"author":6,"featured_media":0,"parent":0,"menu_order":0,"comment_status":"closed","ping_status":"closed","template":"","meta":{"footnotes":""},"class_list":["post-2141","page","type-page","status-publish","hentry"],"acf":[],"_links":{"self":[{"href":"https:\/\/sites.uel.br\/ndph\/wp-json\/wp\/v2\/pages\/2141","targetHints":{"allow":["GET"]}}],"collection":[{"href":"https:\/\/sites.uel.br\/ndph\/wp-json\/wp\/v2\/pages"}],"about":[{"href":"https:\/\/sites.uel.br\/ndph\/wp-json\/wp\/v2\/types\/page"}],"author":[{"embeddable":true,"href":"https:\/\/sites.uel.br\/ndph\/wp-json\/wp\/v2\/users\/6"}],"replies":[{"embeddable":true,"href":"https:\/\/sites.uel.br\/ndph\/wp-json\/wp\/v2\/comments?post=2141"}],"version-history":[{"count":1,"href":"https:\/\/sites.uel.br\/ndph\/wp-json\/wp\/v2\/pages\/2141\/revisions"}],"predecessor-version":[{"id":2142,"href":"https:\/\/sites.uel.br\/ndph\/wp-json\/wp\/v2\/pages\/2141\/revisions\/2142"}],"wp:attachment":[{"href":"https:\/\/sites.uel.br\/ndph\/wp-json\/wp\/v2\/media?parent=2141"}],"curies":[{"name":"wp","href":"https:\/\/api.w.org\/{rel}","templated":true}]}}