{"id":2129,"date":"2024-11-28T16:56:56","date_gmt":"2024-11-28T19:56:56","guid":{"rendered":"https:\/\/sites.uel.br\/ndph\/?page_id=2129"},"modified":"2024-11-28T16:56:56","modified_gmt":"2024-11-28T19:56:56","slug":"colecao-de-fanzines-luis-eduardo-cientista-cflec","status":"publish","type":"page","link":"https:\/\/sites.uel.br\/ndph\/colecao-de-fanzines-luis-eduardo-cientista-cflec\/","title":{"rendered":"Cole\u00e7\u00e3o de Fanzines Lu\u00eds Eduardo \u201cCientista\u201d (CFLEC)"},"content":{"rendered":"\n<p><strong>. S\u00e9rie Fanzines<\/strong><br><em>Subs\u00e9rie<\/em>\u00a0<a href=\"https:\/\/sites.uel.br\/ndph\/wp-content\/uploads\/2022\/08\/CFLEC.SERIE-FANZINE_G.pdf\" target=\"_blank\" rel=\"noreferrer noopener\">Tamanho Grande<\/a><br><em>Subs\u00e9rie<\/em>\u00a0<a href=\"https:\/\/sites.uel.br\/ndph\/wp-content\/uploads\/2022\/08\/CFLEC.SERIE-FANZINE_P.pdf\" target=\"_blank\" rel=\"noreferrer noopener\">Tamanho Pequeno<\/a><\/p>\n\n\n\n<p><strong>. S\u00e9rie Literatura<\/strong><br><em>Subs\u00e9rie<\/em>&nbsp;<a rel=\"noreferrer noopener\" href=\"https:\/\/sites.uel.br\/ndph\/wp-content\/uploads\/2022\/08\/CFLEC.SERIE-LITERATURA_G.pdf\" target=\"_blank\">Tamanho Grande<\/a><br><em>Subs\u00e9rie<\/em>&nbsp;<a rel=\"noreferrer noopener\" href=\"https:\/\/sites.uel.br\/ndph\/wp-content\/uploads\/2022\/08\/CFLEC.SERIE-LITERATURA_P.pdf\" target=\"_blank\">Tamanho Pequeno<\/a><br><br><strong>. S\u00e9rie&nbsp;<a href=\"https:\/\/sites.uel.br\/ndph\/wp-content\/uploads\/2022\/08\/CFLEC.SERIE-REVISTAS.pdf\" target=\"_blank\" rel=\"noreferrer noopener\">Revistas<\/a><\/strong><br><br><strong>. S\u00e9rie HQ<\/strong><br><em>Subs\u00e9rie<\/em>&nbsp;<a href=\"https:\/\/sites.uel.br\/ndph\/wp-content\/uploads\/2022\/08\/CFLEC.SERIE-HQ_G.pdf\" target=\"_blank\" rel=\"noreferrer noopener\">Tamanho Grande<\/a><br><em>Subs\u00e9rie<\/em>&nbsp;<a href=\"https:\/\/sites.uel.br\/ndph\/wp-content\/uploads\/2022\/08\/CFLEC.SERIE-HQ_P.pdf\" target=\"_blank\" rel=\"noreferrer noopener\">Tamanho Pequeno<\/a><br><br><strong>. S\u00e9rie&nbsp;<a href=\"https:\/\/sites.uel.br\/ndph\/wp-content\/uploads\/2022\/08\/CFLEC.SERIE-CATALOGO.pdf\" target=\"_blank\" rel=\"noreferrer noopener\">Cat\u00e1logo<\/a><\/strong><br><br><strong>. S\u00e9rie&nbsp;<a href=\"https:\/\/sites.uel.br\/ndph\/wp-content\/uploads\/2022\/08\/CFLEC.SERIE-BANDAS.pdf\" target=\"_blank\" rel=\"noreferrer noopener\">Informativos de Bandas<\/a><\/strong><br><br><strong>. S\u00e9rie&nbsp;<a href=\"https:\/\/sites.uel.br\/ndph\/wp-content\/uploads\/2022\/08\/CFLEC.SERIE-RECORTES.pdf\" target=\"_blank\" rel=\"noreferrer noopener\">Recortes<\/a><\/strong><br><br><strong>. S\u00e9rie Eventos<\/strong><br><em>Subs\u00e9rie<\/em>&nbsp;<a href=\"https:\/\/sites.uel.br\/ndph\/wp-content\/uploads\/2022\/08\/CFLEC.SERIE-EVENTOS_FG.pdf\" target=\"_blank\" rel=\"noreferrer noopener\">Formato Grande<\/a><br><em>Subs\u00e9rie<\/em>&nbsp;<a href=\"https:\/\/sites.uel.br\/ndph\/wp-content\/uploads\/2022\/08\/CFLEC.SERIE-EVENTOS_FPM.pdf\" target=\"_blank\" rel=\"noreferrer noopener\">Formato Pequeno-M\u00e9dio<\/a><br><br><strong>. S\u00e9rie Informativos<\/strong><br><em>Subs\u00e9rie<\/em>&nbsp;<a href=\"https:\/\/sites.uel.br\/ndph\/wp-content\/uploads\/2022\/08\/CFLEC.SERIE-INFORMAT_FG.pdf\" target=\"_blank\" rel=\"noreferrer noopener\">Formato Grande<\/a><br><em>Subs\u00e9rie<\/em>&nbsp;<a href=\"https:\/\/sites.uel.br\/ndph\/wp-content\/uploads\/2022\/08\/CFLEC.SERIE-INFORMAT_FP.pdf\" target=\"_blank\" rel=\"noreferrer noopener\">Formato Pequeno<\/a><br><br><strong>. S\u00e9rie&nbsp;<a href=\"https:\/\/sites.uel.br\/ndph\/wp-content\/uploads\/2022\/08\/CFLEC.SERIE-CORRESP.pdf\" target=\"_blank\" rel=\"noreferrer noopener\">Correspond\u00eancias<\/a><\/strong><br><br><strong>. S\u00e9rie&nbsp;<a href=\"https:\/\/sites.uel.br\/ndph\/wp-content\/uploads\/2022\/08\/CFLEC.SERIE-DOCS.DIV_.pdf\" target=\"_blank\" rel=\"noreferrer noopener\">Documentos Diversos<\/a><\/strong><br><br><strong>. S\u00e9rie&nbsp;<a href=\"https:\/\/sites.uel.br\/ndph\/wp-content\/uploads\/2022\/08\/CFLEC.SERIE-IMAGENS.pdf\" target=\"_blank\" rel=\"noreferrer noopener\">Imagens<\/a><\/strong><\/p>\n","protected":false},"excerpt":{"rendered":"<p>. S\u00e9rie FanzinesSubs\u00e9rie\u00a0Tamanho GrandeSubs\u00e9rie\u00a0Tamanho Pequeno . S\u00e9rie LiteraturaSubs\u00e9rie&nbsp;Tamanho GrandeSubs\u00e9rie&nbsp;Tamanho Pequeno . S\u00e9rie&nbsp;Revistas . S\u00e9rie HQSubs\u00e9rie&nbsp;Tamanho GrandeSubs\u00e9rie&nbsp;Tamanho Pequeno . S\u00e9rie&nbsp;Cat\u00e1logo . S\u00e9rie&nbsp;Informativos de Bandas . S\u00e9rie&nbsp;Recortes . S\u00e9rie EventosSubs\u00e9rie&nbsp;Formato GrandeSubs\u00e9rie&nbsp;Formato Pequeno-M\u00e9dio . S\u00e9rie InformativosSubs\u00e9rie&nbsp;Formato GrandeSubs\u00e9rie&nbsp;Formato Pequeno . S\u00e9rie&nbsp;Correspond\u00eancias . S\u00e9rie&nbsp;Documentos Diversos . S\u00e9rie&nbsp;Imagens<\/p>\n","protected":false},"author":6,"featured_media":0,"parent":0,"menu_order":0,"comment_status":"closed","ping_status":"closed","template":"","meta":{"footnotes":""},"class_list":["post-2129","page","type-page","status-publish","hentry"],"acf":[],"_links":{"self":[{"href":"https:\/\/sites.uel.br\/ndph\/wp-json\/wp\/v2\/pages\/2129","targetHints":{"allow":["GET"]}}],"collection":[{"href":"https:\/\/sites.uel.br\/ndph\/wp-json\/wp\/v2\/pages"}],"about":[{"href":"https:\/\/sites.uel.br\/ndph\/wp-json\/wp\/v2\/types\/page"}],"author":[{"embeddable":true,"href":"https:\/\/sites.uel.br\/ndph\/wp-json\/wp\/v2\/users\/6"}],"replies":[{"embeddable":true,"href":"https:\/\/sites.uel.br\/ndph\/wp-json\/wp\/v2\/comments?post=2129"}],"version-history":[{"count":1,"href":"https:\/\/sites.uel.br\/ndph\/wp-json\/wp\/v2\/pages\/2129\/revisions"}],"predecessor-version":[{"id":2130,"href":"https:\/\/sites.uel.br\/ndph\/wp-json\/wp\/v2\/pages\/2129\/revisions\/2130"}],"wp:attachment":[{"href":"https:\/\/sites.uel.br\/ndph\/wp-json\/wp\/v2\/media?parent=2129"}],"curies":[{"name":"wp","href":"https:\/\/api.w.org\/{rel}","templated":true}]}}