{"id":2127,"date":"2024-11-28T17:01:56","date_gmt":"2024-11-28T20:01:56","guid":{"rendered":"https:\/\/sites.uel.br\/ndph\/?page_id=2127"},"modified":"2025-09-09T14:08:06","modified_gmt":"2025-09-09T17:08:06","slug":"hemeroteca-2","status":"publish","type":"page","link":"https:\/\/sites.uel.br\/ndph\/hemeroteca-2\/","title":{"rendered":"Hemeroteca"},"content":{"rendered":"\n<p>Para realizar busca em nossa biblioteca aperte o comando&nbsp;<strong>CTRL+F<\/strong>. No campo de busca do cat\u00e1logo, digite a palavra-chave que deseja localizar:&nbsp;<strong>nome do autor<\/strong>,&nbsp;<strong>t\u00edtulo da obra<\/strong>&nbsp;ou&nbsp;<strong>assunto da pesquisa<\/strong>.<\/p>\n\n\n\n<p><\/p>\n\n\n\n<p><strong><a href=\"https:\/\/sites.uel.br\/ndph\/wp-content\/uploads\/2022\/08\/COLECAO_JORNAIS.pdf\" target=\"_blank\" rel=\"noreferrer noopener\">Cole\u00e7\u00e3o de Jornais<\/a><\/strong><br><strong><a href=\"https:\/\/sites.uel.br\/ndph\/?page_id=452\">Cole\u00e7\u00e3o de Revistas<\/a><\/strong><br><a href=\"https:\/\/sites.uel.br\/ndph\/jornal-poeira\/\" target=\"_blank\" rel=\"noreferrer noopener\"><strong>Jornal Poeira<\/strong><\/a><\/p>\n\n\n\n<p><\/p>\n\n\n\n<p><\/p>\n\n\n\n<p><\/p>\n","protected":false},"excerpt":{"rendered":"<p>Para realizar busca em nossa biblioteca aperte o comando&nbsp;CTRL+F. No campo de busca do cat\u00e1logo, digite a palavra-chave que deseja localizar:&nbsp;nome do autor,&nbsp;t\u00edtulo da obra&nbsp;ou&nbsp;assunto da pesquisa. Cole\u00e7\u00e3o de JornaisCole\u00e7\u00e3o de RevistasJornal Poeira<\/p>\n","protected":false},"author":6,"featured_media":0,"parent":0,"menu_order":0,"comment_status":"closed","ping_status":"closed","template":"","meta":{"footnotes":""},"class_list":["post-2127","page","type-page","status-publish","hentry"],"acf":[],"_links":{"self":[{"href":"https:\/\/sites.uel.br\/ndph\/wp-json\/wp\/v2\/pages\/2127","targetHints":{"allow":["GET"]}}],"collection":[{"href":"https:\/\/sites.uel.br\/ndph\/wp-json\/wp\/v2\/pages"}],"about":[{"href":"https:\/\/sites.uel.br\/ndph\/wp-json\/wp\/v2\/types\/page"}],"author":[{"embeddable":true,"href":"https:\/\/sites.uel.br\/ndph\/wp-json\/wp\/v2\/users\/6"}],"replies":[{"embeddable":true,"href":"https:\/\/sites.uel.br\/ndph\/wp-json\/wp\/v2\/comments?post=2127"}],"version-history":[{"count":6,"href":"https:\/\/sites.uel.br\/ndph\/wp-json\/wp\/v2\/pages\/2127\/revisions"}],"predecessor-version":[{"id":2835,"href":"https:\/\/sites.uel.br\/ndph\/wp-json\/wp\/v2\/pages\/2127\/revisions\/2835"}],"wp:attachment":[{"href":"https:\/\/sites.uel.br\/ndph\/wp-json\/wp\/v2\/media?parent=2127"}],"curies":[{"name":"wp","href":"https:\/\/api.w.org\/{rel}","templated":true}]}}