{"id":2121,"date":"2024-11-28T16:35:07","date_gmt":"2024-11-28T19:35:07","guid":{"rendered":"https:\/\/sites.uel.br\/ndph\/?page_id=2121"},"modified":"2024-12-05T17:06:04","modified_gmt":"2024-12-05T20:06:04","slug":"colecao-legislacao-do-estado-brasileiro-lex","status":"publish","type":"page","link":"https:\/\/sites.uel.br\/ndph\/colecao-legislacao-do-estado-brasileiro-lex\/","title":{"rendered":"Documentos do Estado Brasileiro"},"content":{"rendered":"\n<p>&#8211; <strong><a href=\"https:\/\/www25.senado.leg.br\/web\/atividade\/anais\/atas-do-conselho-de-estado\" data-type=\"link\" data-id=\"https:\/\/www25.senado.leg.br\/web\/atividade\/anais\/atas-do-conselho-de-estado\">Atas do Conselho de Estado (1822-1889)<\/a><\/strong><br>&#8211; <strong><a href=\"https:\/\/catalog.crl.edu\/Record\/b5cec86e-753e-501b-b10c-6b2d50c3dd38\" data-type=\"link\" data-id=\"https:\/\/catalog.crl.edu\/Record\/b5cec86e-753e-501b-b10c-6b2d50c3dd38\">Relat\u00f3rios Ministeriais (1827-1889)<\/a><\/strong><br>&#8211; <strong><a href=\"https:\/\/www25.senado.leg.br\/web\/atividade\/anais\" data-type=\"link\" data-id=\"https:\/\/www25.senado.leg.br\/web\/atividade\/anais\">Anais do Senado (Imp\u00e9rio e Rep\u00fablica)<\/a><\/strong><br>&#8211; <strong><a href=\"https:\/\/www2.camara.leg.br\/a-camara\/documentos-e-pesquisa\/diariosdacamara\" data-type=\"link\" data-id=\"https:\/\/www2.camara.leg.br\/a-camara\/documentos-e-pesquisa\/diariosdacamara\">Anais da C\u00e2mara dos Deputados (Imp\u00e9rio e Republica<\/a><\/strong>)<br>&#8211; <strong><a href=\"https:\/\/sites.uel.br\/ndph\/wp-content\/uploads\/2022\/08\/DECISOES-GOV.pdf\" target=\"_blank\" rel=\"noreferrer noopener\">Decis\u00f5es de Governo <strong>(1832-1917) [Impresso]<\/strong><\/a><\/strong><br>&#8211; <strong><a href=\"https:\/\/sites.uel.br\/ndph\/wp-content\/uploads\/2022\/08\/DECRETOS-GOV-PROV.pdf\" target=\"_blank\" rel=\"noreferrer noopener\">Decretos do Governo Provis\u00f3rio <strong>(1889-1891) [Impresso]<\/strong><\/a><\/strong><br>&#8211; <strong><a href=\"https:\/\/www2.camara.leg.br\/atividade-legislativa\/legislacao\/colecao-anual-de-leis\" data-type=\"link\" data-id=\"https:\/\/www2.camara.leg.br\/atividade-legislativa\/legislacao\/colecao-anual-de-leis\">Cole\u00e7\u00e3o de Leis do Brasil (Imp\u00e9rio e Rep\u00fablica)<\/a><\/strong><\/p>\n\n\n\n<p><\/p>\n","protected":false},"excerpt":{"rendered":"<p>&#8211; Atas do Conselho de Estado (1822-1889)&#8211; Relat\u00f3rios Ministeriais (1827-1889)&#8211; Anais do Senado (Imp\u00e9rio e Rep\u00fablica)&#8211; Anais da C\u00e2mara dos Deputados (Imp\u00e9rio e Republica)&#8211; Decis\u00f5es de Governo (1832-1917) [Impresso]&#8211; Decretos do Governo Provis\u00f3rio (1889-1891) [Impresso]&#8211; Cole\u00e7\u00e3o de Leis do Brasil (Imp\u00e9rio e Rep\u00fablica)<\/p>\n","protected":false},"author":6,"featured_media":0,"parent":0,"menu_order":0,"comment_status":"closed","ping_status":"closed","template":"","meta":{"footnotes":""},"class_list":["post-2121","page","type-page","status-publish","hentry"],"acf":[],"_links":{"self":[{"href":"https:\/\/sites.uel.br\/ndph\/wp-json\/wp\/v2\/pages\/2121","targetHints":{"allow":["GET"]}}],"collection":[{"href":"https:\/\/sites.uel.br\/ndph\/wp-json\/wp\/v2\/pages"}],"about":[{"href":"https:\/\/sites.uel.br\/ndph\/wp-json\/wp\/v2\/types\/page"}],"author":[{"embeddable":true,"href":"https:\/\/sites.uel.br\/ndph\/wp-json\/wp\/v2\/users\/6"}],"replies":[{"embeddable":true,"href":"https:\/\/sites.uel.br\/ndph\/wp-json\/wp\/v2\/comments?post=2121"}],"version-history":[{"count":4,"href":"https:\/\/sites.uel.br\/ndph\/wp-json\/wp\/v2\/pages\/2121\/revisions"}],"predecessor-version":[{"id":2317,"href":"https:\/\/sites.uel.br\/ndph\/wp-json\/wp\/v2\/pages\/2121\/revisions\/2317"}],"wp:attachment":[{"href":"https:\/\/sites.uel.br\/ndph\/wp-json\/wp\/v2\/media?parent=2121"}],"curies":[{"name":"wp","href":"https:\/\/api.w.org\/{rel}","templated":true}]}}