{"id":2105,"date":"2024-11-25T16:53:56","date_gmt":"2024-11-25T19:53:56","guid":{"rendered":"https:\/\/sites.uel.br\/ndph\/?page_id=2105"},"modified":"2024-11-25T16:53:56","modified_gmt":"2024-11-25T19:53:56","slug":"fundo-michael-traumann-fmt","status":"publish","type":"page","link":"https:\/\/sites.uel.br\/ndph\/fundo-michael-traumann-fmt\/","title":{"rendered":"Fundo Michael Traumann (FMT)"},"content":{"rendered":"\n<p><strong>=&gt; Se\u00e7\u00e3o: Discoteca<\/strong><br>\u2013&nbsp;<a href=\"https:\/\/sites.uel.br\/ndph\/wp-content\/uploads\/2022\/08\/FMT-D.RELACAO-FONTES.pdf\" target=\"_blank\" rel=\"noreferrer noopener\">Rela\u00e7\u00e3o de fontes<\/a><\/p>\n\n\n\n<p><strong>=&gt; Se\u00e7\u00e3o: Material Bibliogr\u00e1fico<\/strong><br>\u2013 S\u00e9rie&nbsp;<a href=\"https:\/\/sites.uel.br\/ndph\/wp-content\/uploads\/2022\/08\/FMT-MB.SF_.pdf\" target=\"_blank\" rel=\"noreferrer noopener\">Filosofia<\/a><br>\u2013 S\u00e9rie&nbsp;<a href=\"https:\/\/sites.uel.br\/ndph\/wp-content\/uploads\/2022\/08\/FMT-MB.SL_.pdf\" target=\"_blank\" rel=\"noreferrer noopener\">Literatura<\/a><br>\u2013 S\u00e9rie&nbsp;<a href=\"https:\/\/sites.uel.br\/ndph\/wp-content\/uploads\/2022\/08\/FMT-MB.OG_.pdf\" target=\"_blank\" rel=\"noreferrer noopener\">Obras Gerais<\/a><\/p>\n\n\n\n<p><strong>=&gt; Se\u00e7\u00e3o: Documenta\u00e7\u00e3o Textual<\/strong><\/p>\n\n\n\n<p><strong>=&gt; Se\u00e7\u00e3o: Fonte Oral<\/strong><\/p>\n\n\n\n<p><strong>=&gt; Se\u00e7\u00e3o: Fotografia<\/strong><\/p>\n","protected":false},"excerpt":{"rendered":"<p>=&gt; Se\u00e7\u00e3o: Discoteca\u2013&nbsp;Rela\u00e7\u00e3o de fontes =&gt; Se\u00e7\u00e3o: Material Bibliogr\u00e1fico\u2013 S\u00e9rie&nbsp;Filosofia\u2013 S\u00e9rie&nbsp;Literatura\u2013 S\u00e9rie&nbsp;Obras Gerais =&gt; Se\u00e7\u00e3o: Documenta\u00e7\u00e3o Textual =&gt; Se\u00e7\u00e3o: Fonte Oral =&gt; Se\u00e7\u00e3o: Fotografia<\/p>\n","protected":false},"author":6,"featured_media":0,"parent":0,"menu_order":0,"comment_status":"closed","ping_status":"closed","template":"","meta":{"footnotes":""},"class_list":["post-2105","page","type-page","status-publish","hentry"],"acf":[],"_links":{"self":[{"href":"https:\/\/sites.uel.br\/ndph\/wp-json\/wp\/v2\/pages\/2105","targetHints":{"allow":["GET"]}}],"collection":[{"href":"https:\/\/sites.uel.br\/ndph\/wp-json\/wp\/v2\/pages"}],"about":[{"href":"https:\/\/sites.uel.br\/ndph\/wp-json\/wp\/v2\/types\/page"}],"author":[{"embeddable":true,"href":"https:\/\/sites.uel.br\/ndph\/wp-json\/wp\/v2\/users\/6"}],"replies":[{"embeddable":true,"href":"https:\/\/sites.uel.br\/ndph\/wp-json\/wp\/v2\/comments?post=2105"}],"version-history":[{"count":1,"href":"https:\/\/sites.uel.br\/ndph\/wp-json\/wp\/v2\/pages\/2105\/revisions"}],"predecessor-version":[{"id":2106,"href":"https:\/\/sites.uel.br\/ndph\/wp-json\/wp\/v2\/pages\/2105\/revisions\/2106"}],"wp:attachment":[{"href":"https:\/\/sites.uel.br\/ndph\/wp-json\/wp\/v2\/media?parent=2105"}],"curies":[{"name":"wp","href":"https:\/\/api.w.org\/{rel}","templated":true}]}}