{"id":2101,"date":"2024-11-25T16:52:44","date_gmt":"2024-11-25T19:52:44","guid":{"rendered":"https:\/\/sites.uel.br\/ndph\/?page_id=2101"},"modified":"2024-11-25T16:52:44","modified_gmt":"2024-11-25T19:52:44","slug":"fundo-maria-dulce-alho-gotti-mdg","status":"publish","type":"page","link":"https:\/\/sites.uel.br\/ndph\/fundo-maria-dulce-alho-gotti-mdg\/","title":{"rendered":"Fundo Maria Dulce Alho Gotti (MDG)"},"content":{"rendered":"\n<p><strong>=&gt; Se\u00e7\u00e3o: 01<\/strong><br>-S\u00e9rie Cidades Paranaenses<\/p>\n\n\n\n<p>\u2013 Dossi\u00ea&nbsp;<a href=\"https:\/\/sites.uel.br\/ndph\/wp-content\/uploads\/2022\/08\/MDG.CPR_.DOSSIE-AP.pdf\" target=\"_blank\" rel=\"noreferrer noopener\">Apucarana<\/a><br>\u2013 Dossi\u00ea&nbsp;<a href=\"https:\/\/sites.uel.br\/ndph\/wp-content\/uploads\/2022\/08\/MDG.CPR_.DOSSIE-AR.pdf\" target=\"_blank\" rel=\"noreferrer noopener\">Arapongas<\/a><br>\u2013 Dossi\u00ea&nbsp;<a href=\"https:\/\/sites.uel.br\/ndph\/wp-content\/uploads\/2022\/08\/MDG.CPR_.DOSSIE-AST.pdf\" target=\"_blank\" rel=\"noreferrer noopener\">Astorga<\/a><br>\u2013 Dossi\u00ea&nbsp;<a href=\"https:\/\/sites.uel.br\/ndph\/wp-content\/uploads\/2022\/08\/MDG.CPR_.DOSSIE-BVP.pdf\" target=\"_blank\" rel=\"noreferrer noopener\">Bela Vista do Para\u00edso<\/a><br>\u2013 Dossi\u00ea&nbsp;<a href=\"https:\/\/sites.uel.br\/ndph\/wp-content\/uploads\/2022\/08\/MDG.CPR_.DOSSIE-CA.pdf\" target=\"_blank\" rel=\"noreferrer noopener\">Camb\u00e9<\/a><br>\u2013 Dossi\u00ea&nbsp;<a href=\"https:\/\/sites.uel.br\/ndph\/wp-content\/uploads\/2022\/08\/MDG.CPR_.DOSSIE-CP.pdf\" target=\"_blank\" rel=\"noreferrer noopener\">Corn\u00e9lio Proc\u00f3pio<\/a><br>\u2013 Dossi\u00ea&nbsp;<a href=\"https:\/\/sites.uel.br\/ndph\/wp-content\/uploads\/2022\/08\/MDG.CPR_.DOSSIE-IB.pdf\" target=\"_blank\" rel=\"noreferrer noopener\">Ibipor\u00e3<\/a><br>\u2013 Dossi\u00ea&nbsp;<a href=\"https:\/\/sites.uel.br\/ndph\/wp-content\/uploads\/2022\/08\/MDG.CPR_.DOSSIE-JS.pdf\" target=\"_blank\" rel=\"noreferrer noopener\">Jandaia do Sul<\/a><br>\u2013 Dossi\u00ea&nbsp;<a href=\"https:\/\/sites.uel.br\/ndph\/wp-content\/uploads\/2022\/08\/MDG.CPR_.DOSSIE-JT.pdf\" target=\"_blank\" rel=\"noreferrer noopener\">Jataizinho<\/a><br>\u2013 Dossi\u00ea&nbsp;<a href=\"https:\/\/sites.uel.br\/ndph\/wp-content\/uploads\/2022\/08\/MDG.CPR_.DOSSIE-LDA.pdf\" target=\"_blank\" rel=\"noreferrer noopener\">Londrina<\/a><br>\u2013 Dossi\u00ea&nbsp;<a href=\"https:\/\/sites.uel.br\/ndph\/wp-content\/uploads\/2022\/08\/MDG.CPR_.DOSSIE-MAN.pdf\" target=\"_blank\" rel=\"noreferrer noopener\">Mandaguari<\/a><br>\u2013 Dossi\u00ea&nbsp;<a href=\"https:\/\/sites.uel.br\/ndph\/wp-content\/uploads\/2022\/08\/MDG.CPR_.DOSSIE-MAR.pdf\" target=\"_blank\" rel=\"noreferrer noopener\">Maring\u00e1<\/a><br>\u2013 Dossi\u00ea&nbsp;<a href=\"https:\/\/sites.uel.br\/ndph\/wp-content\/uploads\/2022\/08\/MDG.CPR_.DOSSIE-OU.pdf\" target=\"_blank\" rel=\"noreferrer noopener\">Ourizona<\/a><br>\u2013 Dossi\u00ea&nbsp;<a href=\"https:\/\/sites.uel.br\/ndph\/wp-content\/uploads\/2022\/08\/MDG.CPR_.DOSSIE-PA.pdf\" target=\"_blank\" rel=\"noreferrer noopener\">Paranagu\u00e1<\/a><br>\u2013 Dossi\u00ea&nbsp;<a href=\"https:\/\/sites.uel.br\/ndph\/wp-content\/uploads\/2022\/08\/MDG.CPR_.DOSSIE-PO.pdf\" target=\"_blank\" rel=\"noreferrer noopener\">Porecatu<\/a><br>\u2013 Dossi\u00ea&nbsp;<a href=\"https:\/\/sites.uel.br\/ndph\/wp-content\/uploads\/2022\/08\/MDG.CPR_.DOSSIE-PM.pdf\" target=\"_blank\" rel=\"noreferrer noopener\">Primeiro de Maio<\/a><br>\u2013 Dossi\u00ea&nbsp;<a href=\"https:\/\/sites.uel.br\/ndph\/wp-content\/uploads\/2022\/08\/MDG.CPR_.DOSSIE-RO.pdf\" target=\"_blank\" rel=\"noreferrer noopener\">Rol\u00e2ndia<\/a><br>\u2013 Dossi\u00ea&nbsp;<a href=\"https:\/\/sites.uel.br\/ndph\/wp-content\/uploads\/2022\/08\/MDG.CPR_.DOSSIE-SA.pdf\" target=\"_blank\" rel=\"noreferrer noopener\">Sab\u00e1udia<\/a><br>\u2013 Dossi\u00ea&nbsp;<a href=\"https:\/\/sites.uel.br\/ndph\/wp-content\/uploads\/2022\/08\/MDG.CPR_.DOSSIE-SSA.pdf\" target=\"_blank\" rel=\"noreferrer noopener\">S\u00e3o Sebasti\u00e3o da Amoreira<\/a><br>\u2013 Dossi\u00ea&nbsp;<a href=\"https:\/\/sites.uel.br\/ndph\/wp-content\/uploads\/2022\/08\/MDG.CPR_.DOSSIE-SE.pdf\" target=\"_blank\" rel=\"noreferrer noopener\">Sertan\u00f3polis<\/a><br>\u2013 Dossi\u00ea&nbsp;<a href=\"https:\/\/sites.uel.br\/ndph\/wp-content\/uploads\/2022\/08\/MDG.CPR_.DOSSIE-UR.pdf\" target=\"_blank\" rel=\"noreferrer noopener\">Ura\u00ed<\/a><\/p>\n\n\n\n<p><strong>=&gt; Se\u00e7\u00e3o: 02<\/strong><br>\u2013 S\u00e9rie&nbsp;<a href=\"https:\/\/sites.uel.br\/ndph\/wp-content\/uploads\/2022\/08\/MDG.SERIE-BIBLIO.pdf\" target=\"_blank\" rel=\"noreferrer noopener\">Bibliogr\u00e1fica<\/a><br>\u2013 S\u00e9rie&nbsp;<a href=\"https:\/\/sites.uel.br\/ndph\/wp-content\/uploads\/2022\/08\/MDG.SERIE-FOTO.pdf\" target=\"_blank\" rel=\"noreferrer noopener\">Fotogr\u00e1fica<\/a><br>\u2013 S\u00e9rie&nbsp;<a href=\"https:\/\/sites.uel.br\/ndph\/wp-content\/uploads\/2022\/08\/MDG.SERIE-HEMERO.pdf\" target=\"_blank\" rel=\"noreferrer noopener\">Hemerogr\u00e1fica<\/a><\/p>\n","protected":false},"excerpt":{"rendered":"<p>=&gt; Se\u00e7\u00e3o: 01-S\u00e9rie Cidades Paranaenses \u2013 Dossi\u00ea&nbsp;Apucarana\u2013 Dossi\u00ea&nbsp;Arapongas\u2013 Dossi\u00ea&nbsp;Astorga\u2013 Dossi\u00ea&nbsp;Bela Vista do Para\u00edso\u2013 Dossi\u00ea&nbsp;Camb\u00e9\u2013 Dossi\u00ea&nbsp;Corn\u00e9lio Proc\u00f3pio\u2013 Dossi\u00ea&nbsp;Ibipor\u00e3\u2013 Dossi\u00ea&nbsp;Jandaia do Sul\u2013 Dossi\u00ea&nbsp;Jataizinho\u2013 Dossi\u00ea&nbsp;Londrina\u2013 Dossi\u00ea&nbsp;Mandaguari\u2013 Dossi\u00ea&nbsp;Maring\u00e1\u2013 Dossi\u00ea&nbsp;Ourizona\u2013 Dossi\u00ea&nbsp;Paranagu\u00e1\u2013 Dossi\u00ea&nbsp;Porecatu\u2013 Dossi\u00ea&nbsp;Primeiro de Maio\u2013 Dossi\u00ea&nbsp;Rol\u00e2ndia\u2013 Dossi\u00ea&nbsp;Sab\u00e1udia\u2013 Dossi\u00ea&nbsp;S\u00e3o Sebasti\u00e3o da Amoreira\u2013 Dossi\u00ea&nbsp;Sertan\u00f3polis\u2013 Dossi\u00ea&nbsp;Ura\u00ed =&gt; Se\u00e7\u00e3o: 02\u2013 S\u00e9rie&nbsp;Bibliogr\u00e1fica\u2013 S\u00e9rie&nbsp;Fotogr\u00e1fica\u2013 S\u00e9rie&nbsp;Hemerogr\u00e1fica<\/p>\n","protected":false},"author":6,"featured_media":0,"parent":0,"menu_order":0,"comment_status":"closed","ping_status":"closed","template":"","meta":{"footnotes":""},"class_list":["post-2101","page","type-page","status-publish","hentry"],"acf":[],"_links":{"self":[{"href":"https:\/\/sites.uel.br\/ndph\/wp-json\/wp\/v2\/pages\/2101","targetHints":{"allow":["GET"]}}],"collection":[{"href":"https:\/\/sites.uel.br\/ndph\/wp-json\/wp\/v2\/pages"}],"about":[{"href":"https:\/\/sites.uel.br\/ndph\/wp-json\/wp\/v2\/types\/page"}],"author":[{"embeddable":true,"href":"https:\/\/sites.uel.br\/ndph\/wp-json\/wp\/v2\/users\/6"}],"replies":[{"embeddable":true,"href":"https:\/\/sites.uel.br\/ndph\/wp-json\/wp\/v2\/comments?post=2101"}],"version-history":[{"count":1,"href":"https:\/\/sites.uel.br\/ndph\/wp-json\/wp\/v2\/pages\/2101\/revisions"}],"predecessor-version":[{"id":2102,"href":"https:\/\/sites.uel.br\/ndph\/wp-json\/wp\/v2\/pages\/2101\/revisions\/2102"}],"wp:attachment":[{"href":"https:\/\/sites.uel.br\/ndph\/wp-json\/wp\/v2\/media?parent=2101"}],"curies":[{"name":"wp","href":"https:\/\/api.w.org\/{rel}","templated":true}]}}