{"id":2078,"date":"2024-11-22T15:46:25","date_gmt":"2024-11-22T18:46:25","guid":{"rendered":"https:\/\/sites.uel.br\/ndph\/?page_id=2078"},"modified":"2024-11-22T15:46:25","modified_gmt":"2024-11-22T18:46:25","slug":"fundo-diretorio-central-dos-estudantes-dce","status":"publish","type":"page","link":"https:\/\/sites.uel.br\/ndph\/fundo-diretorio-central-dos-estudantes-dce\/","title":{"rendered":"Fundo Diret\u00f3rio Central dos Estudantes (DCE)"},"content":{"rendered":"\n<p><strong>=&gt; Se\u00e7\u00e3o 01<\/strong><br>\u2013 S\u00e9rie&nbsp;<a rel=\"noreferrer noopener\" href=\"https:\/\/sites.uel.br\/ndph\/wp-content\/uploads\/2022\/08\/DCE.SERIE-A.pdf\" target=\"_blank\">A: DCE \u2013 Londrina<\/a><br>\u2013 S\u00e9rie&nbsp;<a rel=\"noreferrer noopener\" href=\"https:\/\/sites.uel.br\/ndph\/wp-content\/uploads\/2022\/08\/DCE.SERIE-B.pdf\" target=\"_blank\">B: Institui\u00e7\u00f5es Estudantis de Outras Cidades<\/a><br>\u2013 S\u00e9rie&nbsp;<a rel=\"noreferrer noopener\" href=\"https:\/\/sites.uel.br\/ndph\/wp-content\/uploads\/2022\/08\/DCE.SERIE-C.pdf\" target=\"_blank\">C: Outras Institui\u00e7\u00f5es Estudantis de Londrina<\/a><br>\u2013 S\u00e9rie&nbsp;<a rel=\"noreferrer noopener\" href=\"https:\/\/sites.uel.br\/ndph\/wp-content\/uploads\/2022\/08\/DCE.SERIE-D.pdf\" target=\"_blank\">D: Eventos e Institui\u00e7\u00f5es da UEL<\/a><br><br><strong>=&gt; Se\u00e7\u00e3o 02<\/strong><br>\u2013 S\u00e9rie&nbsp;<a rel=\"noreferrer noopener\" href=\"https:\/\/sites.uel.br\/ndph\/wp-content\/uploads\/2022\/08\/COLECAO_DCEAESI.pdf\" target=\"_blank\">DCE-AESI<\/a><\/p>\n","protected":false},"excerpt":{"rendered":"<p>=&gt; Se\u00e7\u00e3o 01\u2013 S\u00e9rie&nbsp;A: DCE \u2013 Londrina\u2013 S\u00e9rie&nbsp;B: Institui\u00e7\u00f5es Estudantis de Outras Cidades\u2013 S\u00e9rie&nbsp;C: Outras Institui\u00e7\u00f5es Estudantis de Londrina\u2013 S\u00e9rie&nbsp;D: Eventos e Institui\u00e7\u00f5es da UEL =&gt; Se\u00e7\u00e3o 02\u2013 S\u00e9rie&nbsp;DCE-AESI<\/p>\n","protected":false},"author":6,"featured_media":0,"parent":0,"menu_order":0,"comment_status":"closed","ping_status":"closed","template":"","meta":{"footnotes":""},"class_list":["post-2078","page","type-page","status-publish","hentry"],"acf":[],"_links":{"self":[{"href":"https:\/\/sites.uel.br\/ndph\/wp-json\/wp\/v2\/pages\/2078","targetHints":{"allow":["GET"]}}],"collection":[{"href":"https:\/\/sites.uel.br\/ndph\/wp-json\/wp\/v2\/pages"}],"about":[{"href":"https:\/\/sites.uel.br\/ndph\/wp-json\/wp\/v2\/types\/page"}],"author":[{"embeddable":true,"href":"https:\/\/sites.uel.br\/ndph\/wp-json\/wp\/v2\/users\/6"}],"replies":[{"embeddable":true,"href":"https:\/\/sites.uel.br\/ndph\/wp-json\/wp\/v2\/comments?post=2078"}],"version-history":[{"count":1,"href":"https:\/\/sites.uel.br\/ndph\/wp-json\/wp\/v2\/pages\/2078\/revisions"}],"predecessor-version":[{"id":2080,"href":"https:\/\/sites.uel.br\/ndph\/wp-json\/wp\/v2\/pages\/2078\/revisions\/2080"}],"wp:attachment":[{"href":"https:\/\/sites.uel.br\/ndph\/wp-json\/wp\/v2\/media?parent=2078"}],"curies":[{"name":"wp","href":"https:\/\/api.w.org\/{rel}","templated":true}]}}