{"id":2070,"date":"2024-11-22T14:44:40","date_gmt":"2024-11-22T17:44:40","guid":{"rendered":"https:\/\/sites.uel.br\/ndph\/?page_id=2070"},"modified":"2024-11-22T14:44:40","modified_gmt":"2024-11-22T17:44:40","slug":"fundo-associacao-projeto-de-educacao-do-assalariado-rural-temporario-apeart","status":"publish","type":"page","link":"https:\/\/sites.uel.br\/ndph\/fundo-associacao-projeto-de-educacao-do-assalariado-rural-temporario-apeart\/","title":{"rendered":"Fundo Associa\u00e7\u00e3o Projeto de Educa\u00e7\u00e3o do Assalariado Rural Tempor\u00e1rio (APEART)"},"content":{"rendered":"\n<p>\u2013 S\u00e9rie\u00a0<a href=\"https:\/\/sites.uel.br\/ndph\/wp-content\/uploads\/2022\/08\/APEART.SERIE-BIBLIO.pdf\" target=\"_blank\" rel=\"noreferrer noopener\">Bibliogr\u00e1fica<\/a><\/p>\n","protected":false},"excerpt":{"rendered":"<p>\u2013 S\u00e9rie\u00a0Bibliogr\u00e1fica<\/p>\n","protected":false},"author":6,"featured_media":0,"parent":0,"menu_order":0,"comment_status":"closed","ping_status":"closed","template":"","meta":{"footnotes":""},"class_list":["post-2070","page","type-page","status-publish","hentry"],"acf":[],"_links":{"self":[{"href":"https:\/\/sites.uel.br\/ndph\/wp-json\/wp\/v2\/pages\/2070","targetHints":{"allow":["GET"]}}],"collection":[{"href":"https:\/\/sites.uel.br\/ndph\/wp-json\/wp\/v2\/pages"}],"about":[{"href":"https:\/\/sites.uel.br\/ndph\/wp-json\/wp\/v2\/types\/page"}],"author":[{"embeddable":true,"href":"https:\/\/sites.uel.br\/ndph\/wp-json\/wp\/v2\/users\/6"}],"replies":[{"embeddable":true,"href":"https:\/\/sites.uel.br\/ndph\/wp-json\/wp\/v2\/comments?post=2070"}],"version-history":[{"count":1,"href":"https:\/\/sites.uel.br\/ndph\/wp-json\/wp\/v2\/pages\/2070\/revisions"}],"predecessor-version":[{"id":2071,"href":"https:\/\/sites.uel.br\/ndph\/wp-json\/wp\/v2\/pages\/2070\/revisions\/2071"}],"wp:attachment":[{"href":"https:\/\/sites.uel.br\/ndph\/wp-json\/wp\/v2\/media?parent=2070"}],"curies":[{"name":"wp","href":"https:\/\/api.w.org\/{rel}","templated":true}]}}