{"id":2068,"date":"2024-11-22T14:43:56","date_gmt":"2024-11-22T17:43:56","guid":{"rendered":"https:\/\/sites.uel.br\/ndph\/?page_id=2068"},"modified":"2024-12-05T14:40:52","modified_gmt":"2024-12-05T17:40:52","slug":"fundo-associacao-brasileira-de-reforma-agraria-abra","status":"publish","type":"page","link":"https:\/\/sites.uel.br\/ndph\/fundo-associacao-brasileira-de-reforma-agraria-abra\/","title":{"rendered":"Fundo Associa\u00e7\u00e3o Brasileira de Reforma Agr\u00e1ria (ABRA)"},"content":{"rendered":"\n<p><strong><a href=\"https:\/\/sites.uel.br\/ndph\/wp-content\/uploads\/2022\/08\/ABRA.INFO-NOBRADE.pdf\" data-type=\"link\" data-id=\"https:\/\/sites.uel.br\/ndph\/wp-content\/uploads\/2022\/08\/ABRA.INFO-NOBRADE.pdf\" target=\"_blank\" rel=\"noreferrer noopener\">Informa\u00e7\u00e3o do Fundo<\/a><\/strong><\/p>\n\n\n\n<p>\u2013 S\u00e9rie&nbsp;<a href=\"https:\/\/sites.uel.br\/ndph\/wp-content\/uploads\/2022\/08\/ABRA.SERIE_.HEMEROTECA.pdf\" target=\"_blank\" rel=\"noreferrer noopener\">Hemeroteca<\/a><br>\u2013 S\u00e9rie&nbsp;<a href=\"https:\/\/sites.uel.br\/ndph\/wp-content\/uploads\/2022\/08\/ABRA.SERIE-SEPARATAS.pdf\" target=\"_blank\" rel=\"noreferrer noopener\">Separatas<\/a><br>\u2013 S\u00e9rie<a href=\"https:\/\/sites.uel.br\/ndph\/wp-content\/uploads\/2022\/08\/ABRA.SERIE-CORRESPONDENCIAS.pdf\" target=\"_blank\" rel=\"noreferrer noopener\">&nbsp;Correspond\u00eancias<\/a><br>\u2013 S\u00e9rie&nbsp;<a href=\"https:\/\/sites.uel.br\/ndph\/wp-content\/uploads\/2022\/08\/ABRA.SERIE-DOSSIES.pdf\" target=\"_blank\" rel=\"noreferrer noopener\">Dossi\u00eas<\/a><br>\u2013 S\u00e9rie&nbsp;<a href=\"https:\/\/sites.uel.br\/ndph\/wp-content\/uploads\/2022\/08\/ABRA.SERIE-PERIODICOS.pdf\" target=\"_blank\" rel=\"noreferrer noopener\">Peri\u00f3dicos<\/a><br>\u2013 S\u00e9rie&nbsp;<a href=\"https:\/\/sites.uel.br\/ndph\/wp-content\/uploads\/2022\/08\/ABRA.SERIE-CARTAZES.pdf\" target=\"_blank\" rel=\"noreferrer noopener\">Cartazes<\/a><br>\u2013 S\u00e9rie&nbsp;<a href=\"https:\/\/sites.uel.br\/ndph\/wp-content\/uploads\/2022\/08\/ABRA.SERIE-DOCS.ADM_.pdf\" target=\"_blank\" rel=\"noreferrer noopener\">Documentos Administrativos<\/a><\/p>\n","protected":false},"excerpt":{"rendered":"<p>Informa\u00e7\u00e3o do Fundo \u2013 S\u00e9rie&nbsp;Hemeroteca\u2013 S\u00e9rie&nbsp;Separatas\u2013 S\u00e9rie&nbsp;Correspond\u00eancias\u2013 S\u00e9rie&nbsp;Dossi\u00eas\u2013 S\u00e9rie&nbsp;Peri\u00f3dicos\u2013 S\u00e9rie&nbsp;Cartazes\u2013 S\u00e9rie&nbsp;Documentos Administrativos<\/p>\n","protected":false},"author":6,"featured_media":0,"parent":0,"menu_order":0,"comment_status":"closed","ping_status":"closed","template":"","meta":{"footnotes":""},"class_list":["post-2068","page","type-page","status-publish","hentry"],"acf":[],"_links":{"self":[{"href":"https:\/\/sites.uel.br\/ndph\/wp-json\/wp\/v2\/pages\/2068","targetHints":{"allow":["GET"]}}],"collection":[{"href":"https:\/\/sites.uel.br\/ndph\/wp-json\/wp\/v2\/pages"}],"about":[{"href":"https:\/\/sites.uel.br\/ndph\/wp-json\/wp\/v2\/types\/page"}],"author":[{"embeddable":true,"href":"https:\/\/sites.uel.br\/ndph\/wp-json\/wp\/v2\/users\/6"}],"replies":[{"embeddable":true,"href":"https:\/\/sites.uel.br\/ndph\/wp-json\/wp\/v2\/comments?post=2068"}],"version-history":[{"count":3,"href":"https:\/\/sites.uel.br\/ndph\/wp-json\/wp\/v2\/pages\/2068\/revisions"}],"predecessor-version":[{"id":2303,"href":"https:\/\/sites.uel.br\/ndph\/wp-json\/wp\/v2\/pages\/2068\/revisions\/2303"}],"wp:attachment":[{"href":"https:\/\/sites.uel.br\/ndph\/wp-json\/wp\/v2\/media?parent=2068"}],"curies":[{"name":"wp","href":"https:\/\/api.w.org\/{rel}","templated":true}]}}