{"id":2057,"date":"2024-11-22T11:40:25","date_gmt":"2024-11-22T14:40:25","guid":{"rendered":"https:\/\/sites.uel.br\/ndph\/?page_id=2057"},"modified":"2024-12-04T14:49:18","modified_gmt":"2024-12-04T17:49:18","slug":"colecao-zelma-torres-tomazi-ztt","status":"publish","type":"page","link":"https:\/\/sites.uel.br\/ndph\/colecao-zelma-torres-tomazi-ztt\/","title":{"rendered":"Cole\u00e7\u00e3o Zelma Torres Tomazi (ZTT)"},"content":{"rendered":"\n<p><strong><a href=\"https:\/\/sites.uel.br\/ndph\/wp-content\/uploads\/2022\/08\/ZTT.INFO-NOBRADE.pdf\" data-type=\"link\" data-id=\"https:\/\/sites.uel.br\/ndph\/wp-content\/uploads\/2022\/08\/ZTT.INFO-NOBRADE.pdf\">Informa\u00e7\u00e3o Nobrade<\/a><\/strong><\/p>\n\n\n\n<p>\u2013 S\u00e9rie Correspond\u00eancias<br><em>Subs\u00e9rie<\/em>&nbsp;<a href=\"https:\/\/sites.uel.br\/ndph\/wp-content\/uploads\/2022\/08\/ZTT.SERIE-CORRESP.SUB-EXP.pdf\" target=\"_blank\" rel=\"noreferrer noopener\">Expedidas<\/a><br><em>Subs\u00e9rie<\/em>&nbsp;<a href=\"https:\/\/sites.uel.br\/ndph\/wp-content\/uploads\/2022\/08\/ZTT.SERIE-CORRESP.SUB-RECEB.pdf\" target=\"_blank\" rel=\"noreferrer noopener\">Recebidas<\/a><br>\u2013 S\u00e9rie&nbsp;<a href=\"https:\/\/sites.uel.br\/ndph\/wp-content\/uploads\/2022\/08\/ZTT.SERIE-DOCDIV.pdf\" target=\"_blank\" rel=\"noreferrer noopener\">Documentos Diversos<\/a><br>\u2013 S\u00e9rie&nbsp;<a href=\"https:\/\/sites.uel.br\/ndph\/wp-content\/uploads\/2022\/08\/ZTT.SERIE-FONTES.ORAIS_.pdf\" target=\"_blank\" rel=\"noreferrer noopener\">Fontes Orais<\/a><br>\u2013 S\u00e9rie&nbsp;<a href=\"https:\/\/sites.uel.br\/ndph\/wp-content\/uploads\/2022\/08\/ZTT.SERIE-IMPRENSA.pdf\" target=\"_blank\" rel=\"noreferrer noopener\">Imprensa<\/a><br>\u2013 S\u00e9rie&nbsp;<a href=\"https:\/\/sites.uel.br\/ndph\/wp-content\/uploads\/2022\/08\/ZTT.SERIE-TRANSCRICAO.pdf\" target=\"_blank\" rel=\"noreferrer noopener\">Transcri\u00e7\u00e3o de Depoimentos<\/a><\/p>\n","protected":false},"excerpt":{"rendered":"<p>Informa\u00e7\u00e3o Nobrade \u2013 S\u00e9rie Correspond\u00eanciasSubs\u00e9rie&nbsp;ExpedidasSubs\u00e9rie&nbsp;Recebidas\u2013 S\u00e9rie&nbsp;Documentos Diversos\u2013 S\u00e9rie&nbsp;Fontes Orais\u2013 S\u00e9rie&nbsp;Imprensa\u2013 S\u00e9rie&nbsp;Transcri\u00e7\u00e3o de Depoimentos<\/p>\n","protected":false},"author":6,"featured_media":0,"parent":0,"menu_order":0,"comment_status":"closed","ping_status":"closed","template":"","meta":{"footnotes":""},"class_list":["post-2057","page","type-page","status-publish","hentry"],"acf":[],"_links":{"self":[{"href":"https:\/\/sites.uel.br\/ndph\/wp-json\/wp\/v2\/pages\/2057","targetHints":{"allow":["GET"]}}],"collection":[{"href":"https:\/\/sites.uel.br\/ndph\/wp-json\/wp\/v2\/pages"}],"about":[{"href":"https:\/\/sites.uel.br\/ndph\/wp-json\/wp\/v2\/types\/page"}],"author":[{"embeddable":true,"href":"https:\/\/sites.uel.br\/ndph\/wp-json\/wp\/v2\/users\/6"}],"replies":[{"embeddable":true,"href":"https:\/\/sites.uel.br\/ndph\/wp-json\/wp\/v2\/comments?post=2057"}],"version-history":[{"count":2,"href":"https:\/\/sites.uel.br\/ndph\/wp-json\/wp\/v2\/pages\/2057\/revisions"}],"predecessor-version":[{"id":2272,"href":"https:\/\/sites.uel.br\/ndph\/wp-json\/wp\/v2\/pages\/2057\/revisions\/2272"}],"wp:attachment":[{"href":"https:\/\/sites.uel.br\/ndph\/wp-json\/wp\/v2\/media?parent=2057"}],"curies":[{"name":"wp","href":"https:\/\/api.w.org\/{rel}","templated":true}]}}