{"id":2053,"date":"2024-11-22T11:31:29","date_gmt":"2024-11-22T14:31:29","guid":{"rendered":"https:\/\/sites.uel.br\/ndph\/?page_id=2053"},"modified":"2024-12-04T14:46:09","modified_gmt":"2024-12-04T17:46:09","slug":"colecao-sonia-sperandio-adum-ssa","status":"publish","type":"page","link":"https:\/\/sites.uel.br\/ndph\/colecao-sonia-sperandio-adum-ssa\/","title":{"rendered":"Cole\u00e7\u00e3o Sonia Sperandio Adum (SSA)"},"content":{"rendered":"\n<p><strong><a href=\"https:\/\/sites.uel.br\/ndph\/wp-content\/uploads\/2022\/08\/SSA.INFO-NOBRADE.pdf\" data-type=\"link\" data-id=\"https:\/\/sites.uel.br\/ndph\/wp-content\/uploads\/2022\/08\/SSA.INFO-NOBRADE.pdf\">Informa\u00e7\u00e3o Nobrade<\/a><\/strong><\/p>\n\n\n\n<p>\u2013 S\u00e9rie&nbsp;<a href=\"https:\/\/sites.uel.br\/ndph\/wp-content\/uploads\/2022\/08\/SSA.SERIE-JUDICIARIAS.pdf\" target=\"_blank\" rel=\"noreferrer noopener\">Fontes Judici\u00e1rias<\/a><br>\u2013 S\u00e9rie&nbsp;<a href=\"https:\/\/sites.uel.br\/ndph\/wp-content\/uploads\/2022\/08\/SSA.SERIE-HIST.LDA_.pdf\" target=\"_blank\" rel=\"noreferrer noopener\">Hist\u00f3ria de Londrina<\/a><br>\u2013 S\u00e9rie&nbsp;<a href=\"https:\/\/sites.uel.br\/ndph\/wp-content\/uploads\/2022\/08\/SSA.PROD-ACADEMICA.pdf\" target=\"_blank\" rel=\"noreferrer noopener\">Produ\u00e7\u00e3o Acad\u00eamica<\/a><\/p>\n","protected":false},"excerpt":{"rendered":"<p>Informa\u00e7\u00e3o Nobrade \u2013 S\u00e9rie&nbsp;Fontes Judici\u00e1rias\u2013 S\u00e9rie&nbsp;Hist\u00f3ria de Londrina\u2013 S\u00e9rie&nbsp;Produ\u00e7\u00e3o Acad\u00eamica<\/p>\n","protected":false},"author":6,"featured_media":0,"parent":0,"menu_order":0,"comment_status":"closed","ping_status":"closed","template":"","meta":{"footnotes":""},"class_list":["post-2053","page","type-page","status-publish","hentry"],"acf":[],"_links":{"self":[{"href":"https:\/\/sites.uel.br\/ndph\/wp-json\/wp\/v2\/pages\/2053","targetHints":{"allow":["GET"]}}],"collection":[{"href":"https:\/\/sites.uel.br\/ndph\/wp-json\/wp\/v2\/pages"}],"about":[{"href":"https:\/\/sites.uel.br\/ndph\/wp-json\/wp\/v2\/types\/page"}],"author":[{"embeddable":true,"href":"https:\/\/sites.uel.br\/ndph\/wp-json\/wp\/v2\/users\/6"}],"replies":[{"embeddable":true,"href":"https:\/\/sites.uel.br\/ndph\/wp-json\/wp\/v2\/comments?post=2053"}],"version-history":[{"count":2,"href":"https:\/\/sites.uel.br\/ndph\/wp-json\/wp\/v2\/pages\/2053\/revisions"}],"predecessor-version":[{"id":2269,"href":"https:\/\/sites.uel.br\/ndph\/wp-json\/wp\/v2\/pages\/2053\/revisions\/2269"}],"wp:attachment":[{"href":"https:\/\/sites.uel.br\/ndph\/wp-json\/wp\/v2\/media?parent=2053"}],"curies":[{"name":"wp","href":"https:\/\/api.w.org\/{rel}","templated":true}]}}