{"id":2048,"date":"2024-11-22T11:23:21","date_gmt":"2024-11-22T14:23:21","guid":{"rendered":"https:\/\/sites.uel.br\/ndph\/?page_id=2048"},"modified":"2024-12-04T14:45:07","modified_gmt":"2024-12-04T17:45:07","slug":"colecao-rodolfo-rorato-londero-crrl-2","status":"publish","type":"page","link":"https:\/\/sites.uel.br\/ndph\/colecao-rodolfo-rorato-londero-crrl-2\/","title":{"rendered":"Cole\u00e7\u00e3o Rodolfo Rorato Londero (CRRL)"},"content":{"rendered":"\n<p><strong><a href=\"https:\/\/sites.uel.br\/ndph\/wp-content\/uploads\/2024\/03\/LISTAGEM-RODOLFO-RORATO-LONDERO.pdf\" data-type=\"link\" data-id=\"https:\/\/sites.uel.br\/ndph\/wp-content\/uploads\/2024\/03\/LISTAGEM-RODOLFO-RORATO-LONDERO.pdf\">Informa\u00e7\u00e3o Nobrade<\/a><\/strong><\/p>\n\n\n\n<p>\u2013 Dossi\u00ea&nbsp;<a href=\"https:\/\/sites.uel.br\/ndph\/wp-content\/uploads\/2024\/03\/Colecao-Rodolfo-Rorato-Londero-CRRL.pdf\" target=\"_blank\" rel=\"noreferrer noopener\">Documenta\u00e7\u00e3o Textual<\/a><\/p>\n\n\n\n<p><\/p>\n","protected":false},"excerpt":{"rendered":"<p>Informa\u00e7\u00e3o Nobrade \u2013 Dossi\u00ea&nbsp;Documenta\u00e7\u00e3o Textual<\/p>\n","protected":false},"author":6,"featured_media":0,"parent":0,"menu_order":0,"comment_status":"closed","ping_status":"closed","template":"","meta":{"footnotes":""},"class_list":["post-2048","page","type-page","status-publish","hentry"],"acf":[],"_links":{"self":[{"href":"https:\/\/sites.uel.br\/ndph\/wp-json\/wp\/v2\/pages\/2048","targetHints":{"allow":["GET"]}}],"collection":[{"href":"https:\/\/sites.uel.br\/ndph\/wp-json\/wp\/v2\/pages"}],"about":[{"href":"https:\/\/sites.uel.br\/ndph\/wp-json\/wp\/v2\/types\/page"}],"author":[{"embeddable":true,"href":"https:\/\/sites.uel.br\/ndph\/wp-json\/wp\/v2\/users\/6"}],"replies":[{"embeddable":true,"href":"https:\/\/sites.uel.br\/ndph\/wp-json\/wp\/v2\/comments?post=2048"}],"version-history":[{"count":2,"href":"https:\/\/sites.uel.br\/ndph\/wp-json\/wp\/v2\/pages\/2048\/revisions"}],"predecessor-version":[{"id":2268,"href":"https:\/\/sites.uel.br\/ndph\/wp-json\/wp\/v2\/pages\/2048\/revisions\/2268"}],"wp:attachment":[{"href":"https:\/\/sites.uel.br\/ndph\/wp-json\/wp\/v2\/media?parent=2048"}],"curies":[{"name":"wp","href":"https:\/\/api.w.org\/{rel}","templated":true}]}}