{"id":2046,"date":"2024-11-22T11:16:06","date_gmt":"2024-11-22T14:16:06","guid":{"rendered":"https:\/\/sites.uel.br\/ndph\/?page_id=2046"},"modified":"2024-12-04T15:36:45","modified_gmt":"2024-12-04T18:36:45","slug":"colecao-sertanopolis-sert","status":"publish","type":"page","link":"https:\/\/sites.uel.br\/ndph\/colecao-sertanopolis-sert\/","title":{"rendered":"Cole\u00e7\u00e3o Sertan\u00f3polis (SERT)"},"content":{"rendered":"\n<p><strong><a href=\"https:\/\/sites.uel.br\/ndph\/wp-content\/uploads\/2022\/08\/SERT.INFO-NOBRADE.pdf\" data-type=\"link\" data-id=\"https:\/\/sites.uel.br\/ndph\/wp-content\/uploads\/2022\/08\/SERT.INFO-NOBRADE.pdf\">Informa\u00e7\u00e3o Nobrade<\/a><\/strong><\/p>\n\n\n\n<p>\u2013 Dossi\u00ea&nbsp;<a href=\"https:\/\/sites.uel.br\/ndph\/wp-content\/uploads\/2022\/08\/SERT.DOSSIE-CM.pdf\" target=\"_blank\" rel=\"noreferrer noopener\">C\u00e2mara Municipal<\/a><\/p>\n","protected":false},"excerpt":{"rendered":"<p>Informa\u00e7\u00e3o Nobrade \u2013 Dossi\u00ea&nbsp;C\u00e2mara Municipal<\/p>\n","protected":false},"author":6,"featured_media":0,"parent":0,"menu_order":0,"comment_status":"closed","ping_status":"closed","template":"","meta":{"footnotes":""},"class_list":["post-2046","page","type-page","status-publish","hentry"],"acf":[],"_links":{"self":[{"href":"https:\/\/sites.uel.br\/ndph\/wp-json\/wp\/v2\/pages\/2046","targetHints":{"allow":["GET"]}}],"collection":[{"href":"https:\/\/sites.uel.br\/ndph\/wp-json\/wp\/v2\/pages"}],"about":[{"href":"https:\/\/sites.uel.br\/ndph\/wp-json\/wp\/v2\/types\/page"}],"author":[{"embeddable":true,"href":"https:\/\/sites.uel.br\/ndph\/wp-json\/wp\/v2\/users\/6"}],"replies":[{"embeddable":true,"href":"https:\/\/sites.uel.br\/ndph\/wp-json\/wp\/v2\/comments?post=2046"}],"version-history":[{"count":2,"href":"https:\/\/sites.uel.br\/ndph\/wp-json\/wp\/v2\/pages\/2046\/revisions"}],"predecessor-version":[{"id":2290,"href":"https:\/\/sites.uel.br\/ndph\/wp-json\/wp\/v2\/pages\/2046\/revisions\/2290"}],"wp:attachment":[{"href":"https:\/\/sites.uel.br\/ndph\/wp-json\/wp\/v2\/media?parent=2046"}],"curies":[{"name":"wp","href":"https:\/\/api.w.org\/{rel}","templated":true}]}}