{"id":2044,"date":"2024-11-22T11:14:34","date_gmt":"2024-11-22T14:14:34","guid":{"rendered":"https:\/\/sites.uel.br\/ndph\/?page_id=2044"},"modified":"2024-12-04T15:35:51","modified_gmt":"2024-12-04T18:35:51","slug":"colecao-partido-social-democratico-psd","status":"publish","type":"page","link":"https:\/\/sites.uel.br\/ndph\/colecao-partido-social-democratico-psd\/","title":{"rendered":"Cole\u00e7\u00e3o Partido Social Democr\u00e1tico (PSD)"},"content":{"rendered":"\n<p><strong><a href=\"https:\/\/sites.uel.br\/ndph\/wp-content\/uploads\/2022\/08\/PSD.INFO-NOBRADE.pdf\" data-type=\"link\" data-id=\"https:\/\/sites.uel.br\/ndph\/wp-content\/uploads\/2022\/08\/PSD.INFO-NOBRADE.pdf\">Informa\u00e7\u00e3o Nobrade<\/a><\/strong><\/p>\n\n\n\n<p>\u2013 Dossi\u00ea&nbsp;<a href=\"https:\/\/sites.uel.br\/ndph\/wp-content\/uploads\/2022\/08\/PSD.DOSSIE-LDA.pdf\" target=\"_blank\" rel=\"noreferrer noopener\">Diret\u00f3rio Londrina<\/a><\/p>\n","protected":false},"excerpt":{"rendered":"<p>Informa\u00e7\u00e3o Nobrade \u2013 Dossi\u00ea&nbsp;Diret\u00f3rio Londrina<\/p>\n","protected":false},"author":6,"featured_media":0,"parent":0,"menu_order":0,"comment_status":"closed","ping_status":"closed","template":"","meta":{"footnotes":""},"class_list":["post-2044","page","type-page","status-publish","hentry"],"acf":[],"_links":{"self":[{"href":"https:\/\/sites.uel.br\/ndph\/wp-json\/wp\/v2\/pages\/2044","targetHints":{"allow":["GET"]}}],"collection":[{"href":"https:\/\/sites.uel.br\/ndph\/wp-json\/wp\/v2\/pages"}],"about":[{"href":"https:\/\/sites.uel.br\/ndph\/wp-json\/wp\/v2\/types\/page"}],"author":[{"embeddable":true,"href":"https:\/\/sites.uel.br\/ndph\/wp-json\/wp\/v2\/users\/6"}],"replies":[{"embeddable":true,"href":"https:\/\/sites.uel.br\/ndph\/wp-json\/wp\/v2\/comments?post=2044"}],"version-history":[{"count":2,"href":"https:\/\/sites.uel.br\/ndph\/wp-json\/wp\/v2\/pages\/2044\/revisions"}],"predecessor-version":[{"id":2289,"href":"https:\/\/sites.uel.br\/ndph\/wp-json\/wp\/v2\/pages\/2044\/revisions\/2289"}],"wp:attachment":[{"href":"https:\/\/sites.uel.br\/ndph\/wp-json\/wp\/v2\/media?parent=2044"}],"curies":[{"name":"wp","href":"https:\/\/api.w.org\/{rel}","templated":true}]}}