{"id":2042,"date":"2024-11-22T11:14:07","date_gmt":"2024-11-22T14:14:07","guid":{"rendered":"https:\/\/sites.uel.br\/ndph\/?page_id=2042"},"modified":"2024-12-04T14:44:14","modified_gmt":"2024-12-04T17:44:14","slug":"colecao-oswaldo-coimbra-oc","status":"publish","type":"page","link":"https:\/\/sites.uel.br\/ndph\/colecao-oswaldo-coimbra-oc\/","title":{"rendered":"Cole\u00e7\u00e3o Oswaldo Coimbra (OC)"},"content":{"rendered":"\n<p><strong><a href=\"https:\/\/sites.uel.br\/ndph\/wp-content\/uploads\/2022\/08\/OC.INFO-NOBRADE.pdf\" data-type=\"link\" data-id=\"https:\/\/sites.uel.br\/ndph\/wp-content\/uploads\/2022\/08\/OC.INFO-NOBRADE.pdf\">Informa\u00e7\u00e3o Nobrade<\/a><\/strong><\/p>\n\n\n\n<p>\u2013 Dossi\u00ea&nbsp;<a href=\"https:\/\/sites.uel.br\/ndph\/wp-content\/uploads\/2022\/08\/OC.DOSSIE-RPU.pdf\" target=\"_blank\" rel=\"noreferrer noopener\">Repress\u00e3o Pol\u00edtica na UEL<\/a><\/p>\n\n\n\n<p><\/p>\n","protected":false},"excerpt":{"rendered":"<p>Informa\u00e7\u00e3o Nobrade \u2013 Dossi\u00ea&nbsp;Repress\u00e3o Pol\u00edtica na UEL<\/p>\n","protected":false},"author":6,"featured_media":0,"parent":0,"menu_order":0,"comment_status":"closed","ping_status":"closed","template":"","meta":{"footnotes":""},"class_list":["post-2042","page","type-page","status-publish","hentry"],"acf":[],"_links":{"self":[{"href":"https:\/\/sites.uel.br\/ndph\/wp-json\/wp\/v2\/pages\/2042","targetHints":{"allow":["GET"]}}],"collection":[{"href":"https:\/\/sites.uel.br\/ndph\/wp-json\/wp\/v2\/pages"}],"about":[{"href":"https:\/\/sites.uel.br\/ndph\/wp-json\/wp\/v2\/types\/page"}],"author":[{"embeddable":true,"href":"https:\/\/sites.uel.br\/ndph\/wp-json\/wp\/v2\/users\/6"}],"replies":[{"embeddable":true,"href":"https:\/\/sites.uel.br\/ndph\/wp-json\/wp\/v2\/comments?post=2042"}],"version-history":[{"count":2,"href":"https:\/\/sites.uel.br\/ndph\/wp-json\/wp\/v2\/pages\/2042\/revisions"}],"predecessor-version":[{"id":2267,"href":"https:\/\/sites.uel.br\/ndph\/wp-json\/wp\/v2\/pages\/2042\/revisions\/2267"}],"wp:attachment":[{"href":"https:\/\/sites.uel.br\/ndph\/wp-json\/wp\/v2\/media?parent=2042"}],"curies":[{"name":"wp","href":"https:\/\/api.w.org\/{rel}","templated":true}]}}