{"id":2040,"date":"2024-11-22T10:59:58","date_gmt":"2024-11-22T13:59:58","guid":{"rendered":"https:\/\/sites.uel.br\/ndph\/?page_id=2040"},"modified":"2024-11-22T10:59:58","modified_gmt":"2024-11-22T13:59:58","slug":"colecao-oficio-de-professor-prof","status":"publish","type":"page","link":"https:\/\/sites.uel.br\/ndph\/colecao-oficio-de-professor-prof\/","title":{"rendered":"Cole\u00e7\u00e3o Of\u00edcio de Professor (PROF)"},"content":{"rendered":"\n<p>\u2013 Dossi\u00ea\u00a0<a href=\"https:\/\/sites.uel.br\/ndph\/wp-content\/uploads\/2022\/08\/PROF.DOSSIE-PED.pdf\" target=\"_blank\" rel=\"noreferrer noopener\">Material Pedag\u00f3gico<\/a><\/p>\n","protected":false},"excerpt":{"rendered":"<p>\u2013 Dossi\u00ea\u00a0Material Pedag\u00f3gico<\/p>\n","protected":false},"author":6,"featured_media":0,"parent":0,"menu_order":0,"comment_status":"closed","ping_status":"closed","template":"","meta":{"footnotes":""},"class_list":["post-2040","page","type-page","status-publish","hentry"],"acf":[],"_links":{"self":[{"href":"https:\/\/sites.uel.br\/ndph\/wp-json\/wp\/v2\/pages\/2040","targetHints":{"allow":["GET"]}}],"collection":[{"href":"https:\/\/sites.uel.br\/ndph\/wp-json\/wp\/v2\/pages"}],"about":[{"href":"https:\/\/sites.uel.br\/ndph\/wp-json\/wp\/v2\/types\/page"}],"author":[{"embeddable":true,"href":"https:\/\/sites.uel.br\/ndph\/wp-json\/wp\/v2\/users\/6"}],"replies":[{"embeddable":true,"href":"https:\/\/sites.uel.br\/ndph\/wp-json\/wp\/v2\/comments?post=2040"}],"version-history":[{"count":1,"href":"https:\/\/sites.uel.br\/ndph\/wp-json\/wp\/v2\/pages\/2040\/revisions"}],"predecessor-version":[{"id":2041,"href":"https:\/\/sites.uel.br\/ndph\/wp-json\/wp\/v2\/pages\/2040\/revisions\/2041"}],"wp:attachment":[{"href":"https:\/\/sites.uel.br\/ndph\/wp-json\/wp\/v2\/media?parent=2040"}],"curies":[{"name":"wp","href":"https:\/\/api.w.org\/{rel}","templated":true}]}}