{"id":2034,"date":"2024-11-22T10:43:33","date_gmt":"2024-11-22T13:43:33","guid":{"rendered":"https:\/\/sites.uel.br\/ndph\/?page_id=2034"},"modified":"2024-12-04T15:34:42","modified_gmt":"2024-12-04T18:34:42","slug":"colecao-memoria-da-saude-em-londrina-msl","status":"publish","type":"page","link":"https:\/\/sites.uel.br\/ndph\/colecao-memoria-da-saude-em-londrina-msl\/","title":{"rendered":"Cole\u00e7\u00e3o Mem\u00f3ria da Sa\u00fade em Londrina (MSL)"},"content":{"rendered":"\n<p><strong><a href=\"https:\/\/sites.uel.br\/ndph\/wp-content\/uploads\/2022\/08\/MSL.INFO-NOBRADE.pdf\" data-type=\"link\" data-id=\"https:\/\/sites.uel.br\/ndph\/wp-content\/uploads\/2022\/08\/MSL.INFO-NOBRADE.pdf\">Informa\u00e7\u00e3o Nobrade<\/a><\/strong><\/p>\n\n\n\n<p>S\u00e9rie Diretrizes de A\u00e7\u00e3o<br>&#8211; <em>Subs\u00e9rie<\/em>&nbsp;<a href=\"https:\/\/sites.uel.br\/ndph\/wp-content\/uploads\/2022\/08\/MSL.SERIE-DIRETRIZES.SUB-COM.pdf\" target=\"_blank\" rel=\"noreferrer noopener\">Comunica\u00e7\u00e3o Social<\/a><br>&#8211; <em>Subs\u00e9rie<\/em>&nbsp;<a href=\"https:\/\/sites.uel.br\/ndph\/wp-content\/uploads\/2022\/08\/MSL.SERIE-DIRETRIZES.SUB-PLAN.pdf\" target=\"_blank\" rel=\"noreferrer noopener\">Planos<\/a><br>S\u00e9rie&nbsp;<a href=\"https:\/\/sites.uel.br\/ndph\/wp-content\/uploads\/2022\/08\/MSL.SERIE-RELATORIOS.pdf\" target=\"_blank\" rel=\"noreferrer noopener\">Relat\u00f3rios<\/a><\/p>\n","protected":false},"excerpt":{"rendered":"<p>Informa\u00e7\u00e3o Nobrade S\u00e9rie Diretrizes de A\u00e7\u00e3o&#8211; Subs\u00e9rie&nbsp;Comunica\u00e7\u00e3o Social&#8211; Subs\u00e9rie&nbsp;PlanosS\u00e9rie&nbsp;Relat\u00f3rios<\/p>\n","protected":false},"author":6,"featured_media":0,"parent":0,"menu_order":0,"comment_status":"closed","ping_status":"closed","template":"","meta":{"footnotes":""},"class_list":["post-2034","page","type-page","status-publish","hentry"],"acf":[],"_links":{"self":[{"href":"https:\/\/sites.uel.br\/ndph\/wp-json\/wp\/v2\/pages\/2034","targetHints":{"allow":["GET"]}}],"collection":[{"href":"https:\/\/sites.uel.br\/ndph\/wp-json\/wp\/v2\/pages"}],"about":[{"href":"https:\/\/sites.uel.br\/ndph\/wp-json\/wp\/v2\/types\/page"}],"author":[{"embeddable":true,"href":"https:\/\/sites.uel.br\/ndph\/wp-json\/wp\/v2\/users\/6"}],"replies":[{"embeddable":true,"href":"https:\/\/sites.uel.br\/ndph\/wp-json\/wp\/v2\/comments?post=2034"}],"version-history":[{"count":2,"href":"https:\/\/sites.uel.br\/ndph\/wp-json\/wp\/v2\/pages\/2034\/revisions"}],"predecessor-version":[{"id":2287,"href":"https:\/\/sites.uel.br\/ndph\/wp-json\/wp\/v2\/pages\/2034\/revisions\/2287"}],"wp:attachment":[{"href":"https:\/\/sites.uel.br\/ndph\/wp-json\/wp\/v2\/media?parent=2034"}],"curies":[{"name":"wp","href":"https:\/\/api.w.org\/{rel}","templated":true}]}}