{"id":2022,"date":"2024-11-22T09:37:46","date_gmt":"2024-11-22T12:37:46","guid":{"rendered":"https:\/\/sites.uel.br\/ndph\/?page_id=2022"},"modified":"2024-12-04T14:38:37","modified_gmt":"2024-12-04T17:38:37","slug":"colecao-joao-ricardo-malchiaffava-cjrm-2","status":"publish","type":"page","link":"https:\/\/sites.uel.br\/ndph\/colecao-joao-ricardo-malchiaffava-cjrm-2\/","title":{"rendered":"Cole\u00e7\u00e3o Jo\u00e3o Ricardo Malchiaffava (CJRM)"},"content":{"rendered":"\n<p><a href=\"https:\/\/sites.uel.br\/ndph\/wp-content\/uploads\/2024\/03\/FICHA-NOBRADE-JOAO-RICARDO-MALCHIAFFAVA.pdf\" data-type=\"link\" data-id=\"https:\/\/sites.uel.br\/ndph\/wp-content\/uploads\/2024\/03\/FICHA-NOBRADE-JOAO-RICARDO-MALCHIAFFAVA.pdf\"><strong>Informa\u00e7\u00e3o Nobrade<\/strong><\/a><\/p>\n\n\n\n<p>\u2013 Dossi\u00ea&nbsp;<a href=\"https:\/\/sites.uel.br\/ndph\/wp-content\/uploads\/2024\/03\/Colecao-Joao-Ricardo-Malchiaffava-CJRM.pdf\" target=\"_blank\" rel=\"noreferrer noopener\">Partituras<\/a><\/p>\n\n\n\n<p><\/p>\n","protected":false},"excerpt":{"rendered":"<p>Informa\u00e7\u00e3o Nobrade \u2013 Dossi\u00ea&nbsp;Partituras<\/p>\n","protected":false},"author":6,"featured_media":0,"parent":0,"menu_order":0,"comment_status":"closed","ping_status":"closed","template":"","meta":{"footnotes":""},"class_list":["post-2022","page","type-page","status-publish","hentry"],"acf":[],"_links":{"self":[{"href":"https:\/\/sites.uel.br\/ndph\/wp-json\/wp\/v2\/pages\/2022","targetHints":{"allow":["GET"]}}],"collection":[{"href":"https:\/\/sites.uel.br\/ndph\/wp-json\/wp\/v2\/pages"}],"about":[{"href":"https:\/\/sites.uel.br\/ndph\/wp-json\/wp\/v2\/types\/page"}],"author":[{"embeddable":true,"href":"https:\/\/sites.uel.br\/ndph\/wp-json\/wp\/v2\/users\/6"}],"replies":[{"embeddable":true,"href":"https:\/\/sites.uel.br\/ndph\/wp-json\/wp\/v2\/comments?post=2022"}],"version-history":[{"count":3,"href":"https:\/\/sites.uel.br\/ndph\/wp-json\/wp\/v2\/pages\/2022\/revisions"}],"predecessor-version":[{"id":2261,"href":"https:\/\/sites.uel.br\/ndph\/wp-json\/wp\/v2\/pages\/2022\/revisions\/2261"}],"wp:attachment":[{"href":"https:\/\/sites.uel.br\/ndph\/wp-json\/wp\/v2\/media?parent=2022"}],"curies":[{"name":"wp","href":"https:\/\/api.w.org\/{rel}","templated":true}]}}