{"id":2016,"date":"2024-11-22T09:34:51","date_gmt":"2024-11-22T12:34:51","guid":{"rendered":"https:\/\/sites.uel.br\/ndph\/?page_id=2016"},"modified":"2024-12-04T14:37:24","modified_gmt":"2024-12-04T17:37:24","slug":"colecao-jose-richa-jr","status":"publish","type":"page","link":"https:\/\/sites.uel.br\/ndph\/colecao-jose-richa-jr\/","title":{"rendered":"Cole\u00e7\u00e3o Jos\u00e9 Richa (JR)"},"content":{"rendered":"\n<p><strong><a href=\"https:\/\/sites.uel.br\/ndph\/wp-content\/uploads\/2022\/08\/JR.INFO-NOBRADE.pdf\" data-type=\"link\" data-id=\"https:\/\/sites.uel.br\/ndph\/wp-content\/uploads\/2022\/08\/JR.INFO-NOBRADE.pdf\">Informa\u00e7\u00e3o Nobrade<\/a><\/strong><\/p>\n\n\n\n<p>\u2013 Dossi\u00ea&nbsp;<a href=\"https:\/\/sites.uel.br\/ndph\/wp-content\/uploads\/2022\/08\/JR.DOSSIE-DSC.pdf\" target=\"_blank\" rel=\"noreferrer noopener\">Discursos<\/a><\/p>\n\n\n\n<p><\/p>\n\n\n\n<p><\/p>\n","protected":false},"excerpt":{"rendered":"<p>Informa\u00e7\u00e3o Nobrade \u2013 Dossi\u00ea&nbsp;Discursos<\/p>\n","protected":false},"author":6,"featured_media":0,"parent":0,"menu_order":0,"comment_status":"closed","ping_status":"closed","template":"","meta":{"footnotes":""},"class_list":["post-2016","page","type-page","status-publish","hentry"],"acf":[],"_links":{"self":[{"href":"https:\/\/sites.uel.br\/ndph\/wp-json\/wp\/v2\/pages\/2016","targetHints":{"allow":["GET"]}}],"collection":[{"href":"https:\/\/sites.uel.br\/ndph\/wp-json\/wp\/v2\/pages"}],"about":[{"href":"https:\/\/sites.uel.br\/ndph\/wp-json\/wp\/v2\/types\/page"}],"author":[{"embeddable":true,"href":"https:\/\/sites.uel.br\/ndph\/wp-json\/wp\/v2\/users\/6"}],"replies":[{"embeddable":true,"href":"https:\/\/sites.uel.br\/ndph\/wp-json\/wp\/v2\/comments?post=2016"}],"version-history":[{"count":4,"href":"https:\/\/sites.uel.br\/ndph\/wp-json\/wp\/v2\/pages\/2016\/revisions"}],"predecessor-version":[{"id":2259,"href":"https:\/\/sites.uel.br\/ndph\/wp-json\/wp\/v2\/pages\/2016\/revisions\/2259"}],"wp:attachment":[{"href":"https:\/\/sites.uel.br\/ndph\/wp-json\/wp\/v2\/media?parent=2016"}],"curies":[{"name":"wp","href":"https:\/\/api.w.org\/{rel}","templated":true}]}}