{"id":2003,"date":"2024-11-22T09:19:49","date_gmt":"2024-11-22T12:19:49","guid":{"rendered":"https:\/\/sites.uel.br\/ndph\/?page_id=2003"},"modified":"2024-12-04T15:05:24","modified_gmt":"2024-12-04T18:05:24","slug":"colecao-economia-paranaense-ecopr","status":"publish","type":"page","link":"https:\/\/sites.uel.br\/ndph\/colecao-economia-paranaense-ecopr\/","title":{"rendered":"Cole\u00e7\u00e3o Economia Paranaense (ECOPR)"},"content":{"rendered":"\n<p><strong><a href=\"https:\/\/sites.uel.br\/ndph\/wp-content\/uploads\/2022\/08\/ECOPR.INFO-NOBRADE.pdf\" data-type=\"link\" data-id=\"https:\/\/sites.uel.br\/ndph\/wp-content\/uploads\/2022\/08\/ECOPR.INFO-NOBRADE.pdf\">Informa\u00e7\u00e3o Nobrade<\/a><\/strong><\/p>\n\n\n\n<p>\u2013 S\u00e9rie&nbsp;<a href=\"https:\/\/sites.uel.br\/ndph\/wp-content\/uploads\/2022\/08\/ECOPR.SERIE-PRIM.pdf\" target=\"_blank\" rel=\"noreferrer noopener\">Setor Prim\u00e1rio<\/a><br>\u2013 S\u00e9rie&nbsp;<a href=\"https:\/\/sites.uel.br\/ndph\/wp-content\/uploads\/2022\/08\/ECOPR.SERIE-SECUND.pdf\" target=\"_blank\" rel=\"noreferrer noopener\">Setor Secund\u00e1rio<\/a><br>\u2013 S\u00e9rie&nbsp;<a href=\"https:\/\/sites.uel.br\/ndph\/wp-content\/uploads\/2022\/08\/ECOPR.SERIE-TERC.pdf\" target=\"_blank\" rel=\"noreferrer noopener\">Setor Terci\u00e1rio<\/a><br><em>Subs\u00e9rie<\/em>&nbsp;<a href=\"https:\/\/sites.uel.br\/ndph\/wp-content\/uploads\/2022\/08\/ECOPR.SERIE-TERC.SUB-CAPHUM.pdf\" target=\"_blank\" rel=\"noreferrer noopener\">Capital Humano<\/a><br><em>Subs\u00e9rie<\/em>&nbsp;<a href=\"https:\/\/sites.uel.br\/ndph\/wp-content\/uploads\/2022\/08\/ECOPR.SERIE-TERC.SUB-PLANEJURB.pdf\" target=\"_blank\" rel=\"noreferrer noopener\">Planejamento Urbano<\/a><\/p>\n","protected":false},"excerpt":{"rendered":"<p>Informa\u00e7\u00e3o Nobrade \u2013 S\u00e9rie&nbsp;Setor Prim\u00e1rio\u2013 S\u00e9rie&nbsp;Setor Secund\u00e1rio\u2013 S\u00e9rie&nbsp;Setor Terci\u00e1rioSubs\u00e9rie&nbsp;Capital HumanoSubs\u00e9rie&nbsp;Planejamento Urbano<\/p>\n","protected":false},"author":6,"featured_media":0,"parent":0,"menu_order":0,"comment_status":"closed","ping_status":"closed","template":"","meta":{"footnotes":""},"class_list":["post-2003","page","type-page","status-publish","hentry"],"acf":[],"_links":{"self":[{"href":"https:\/\/sites.uel.br\/ndph\/wp-json\/wp\/v2\/pages\/2003","targetHints":{"allow":["GET"]}}],"collection":[{"href":"https:\/\/sites.uel.br\/ndph\/wp-json\/wp\/v2\/pages"}],"about":[{"href":"https:\/\/sites.uel.br\/ndph\/wp-json\/wp\/v2\/types\/page"}],"author":[{"embeddable":true,"href":"https:\/\/sites.uel.br\/ndph\/wp-json\/wp\/v2\/users\/6"}],"replies":[{"embeddable":true,"href":"https:\/\/sites.uel.br\/ndph\/wp-json\/wp\/v2\/comments?post=2003"}],"version-history":[{"count":2,"href":"https:\/\/sites.uel.br\/ndph\/wp-json\/wp\/v2\/pages\/2003\/revisions"}],"predecessor-version":[{"id":2283,"href":"https:\/\/sites.uel.br\/ndph\/wp-json\/wp\/v2\/pages\/2003\/revisions\/2283"}],"wp:attachment":[{"href":"https:\/\/sites.uel.br\/ndph\/wp-json\/wp\/v2\/media?parent=2003"}],"curies":[{"name":"wp","href":"https:\/\/api.w.org\/{rel}","templated":true}]}}