{"id":2001,"date":"2024-11-22T09:18:27","date_gmt":"2024-11-22T12:18:27","guid":{"rendered":"https:\/\/sites.uel.br\/ndph\/?page_id=2001"},"modified":"2024-12-04T15:04:47","modified_gmt":"2024-12-04T18:04:47","slug":"colecao-brasil-nunca-mais-bnm","status":"publish","type":"page","link":"https:\/\/sites.uel.br\/ndph\/colecao-brasil-nunca-mais-bnm\/","title":{"rendered":"Cole\u00e7\u00e3o Brasil: Nunca Mais (BNM)"},"content":{"rendered":"\n<p><strong><a href=\"http:\/\/bnmdigital.mpf.mp.br\/pt-br\/\" data-type=\"link\" data-id=\"http:\/\/bnmdigital.mpf.mp.br\/pt-br\/\">Informa\u00e7\u00e3o da Cole\u00e7\u00e3o<\/a><\/strong><\/p>\n\n\n\n<p>\u2013 Acervo&nbsp;<a rel=\"noreferrer noopener\" href=\"http:\/\/bnmdigital.mpf.mp.br\/sumarios\/quadro.htm\" target=\"_blank\">on-line<\/a><\/p>\n\n\n\n<p><strong>Nota:<\/strong><br>Consulte a equipe t\u00e9cnica caso tenha necessidade de acessar a documenta\u00e7\u00e3o impressa.<\/p>\n\n\n\n<p><\/p>\n","protected":false},"excerpt":{"rendered":"<p>Informa\u00e7\u00e3o da Cole\u00e7\u00e3o \u2013 Acervo&nbsp;on-line Nota:Consulte a equipe t\u00e9cnica caso tenha necessidade de acessar a documenta\u00e7\u00e3o impressa.<\/p>\n","protected":false},"author":6,"featured_media":0,"parent":0,"menu_order":0,"comment_status":"closed","ping_status":"closed","template":"","meta":{"footnotes":""},"class_list":["post-2001","page","type-page","status-publish","hentry"],"acf":[],"_links":{"self":[{"href":"https:\/\/sites.uel.br\/ndph\/wp-json\/wp\/v2\/pages\/2001","targetHints":{"allow":["GET"]}}],"collection":[{"href":"https:\/\/sites.uel.br\/ndph\/wp-json\/wp\/v2\/pages"}],"about":[{"href":"https:\/\/sites.uel.br\/ndph\/wp-json\/wp\/v2\/types\/page"}],"author":[{"embeddable":true,"href":"https:\/\/sites.uel.br\/ndph\/wp-json\/wp\/v2\/users\/6"}],"replies":[{"embeddable":true,"href":"https:\/\/sites.uel.br\/ndph\/wp-json\/wp\/v2\/comments?post=2001"}],"version-history":[{"count":2,"href":"https:\/\/sites.uel.br\/ndph\/wp-json\/wp\/v2\/pages\/2001\/revisions"}],"predecessor-version":[{"id":2282,"href":"https:\/\/sites.uel.br\/ndph\/wp-json\/wp\/v2\/pages\/2001\/revisions\/2282"}],"wp:attachment":[{"href":"https:\/\/sites.uel.br\/ndph\/wp-json\/wp\/v2\/media?parent=2001"}],"curies":[{"name":"wp","href":"https:\/\/api.w.org\/{rel}","templated":true}]}}