{"id":1996,"date":"2024-11-21T15:13:49","date_gmt":"2024-11-21T18:13:49","guid":{"rendered":"https:\/\/sites.uel.br\/ndph\/?page_id=1996"},"modified":"2024-12-04T15:00:34","modified_gmt":"2024-12-04T18:00:34","slug":"colecao-autos-criminais-do-juizo-de-direito-da-comarca-de-londrina-accl","status":"publish","type":"page","link":"https:\/\/sites.uel.br\/ndph\/colecao-autos-criminais-do-juizo-de-direito-da-comarca-de-londrina-accl\/","title":{"rendered":"Cole\u00e7\u00e3o Autos Criminais do Ju\u00edzo de Direito da Comarca de Londrina (ACCL)"},"content":{"rendered":"\n<p><strong><a href=\"https:\/\/sites.uel.br\/ndph\/wp-content\/uploads\/2022\/08\/ACCL.INFO-NOBRADE.pdf\" data-type=\"link\" data-id=\"https:\/\/sites.uel.br\/ndph\/wp-content\/uploads\/2022\/08\/ACCL.INFO-NOBRADE.pdf\">Informa\u00e7\u00e3o Nobrade<\/a><\/strong><\/p>\n\n\n\n<p>\u2013 Dossi\u00ea&nbsp;<a href=\"https:\/\/sites.uel.br\/ndph\/wp-content\/uploads\/2022\/08\/ACCL.DOSSIE-SEL.DIDAT_.pdf\" target=\"_blank\" rel=\"noreferrer noopener\">Sele\u00e7\u00e3o Did\u00e1tica<\/a><\/p>\n\n\n\n<p><\/p>\n","protected":false},"excerpt":{"rendered":"<p>Informa\u00e7\u00e3o Nobrade \u2013 Dossi\u00ea&nbsp;Sele\u00e7\u00e3o Did\u00e1tica<\/p>\n","protected":false},"author":6,"featured_media":0,"parent":0,"menu_order":0,"comment_status":"closed","ping_status":"closed","template":"","meta":{"footnotes":""},"class_list":["post-1996","page","type-page","status-publish","hentry"],"acf":[],"_links":{"self":[{"href":"https:\/\/sites.uel.br\/ndph\/wp-json\/wp\/v2\/pages\/1996","targetHints":{"allow":["GET"]}}],"collection":[{"href":"https:\/\/sites.uel.br\/ndph\/wp-json\/wp\/v2\/pages"}],"about":[{"href":"https:\/\/sites.uel.br\/ndph\/wp-json\/wp\/v2\/types\/page"}],"author":[{"embeddable":true,"href":"https:\/\/sites.uel.br\/ndph\/wp-json\/wp\/v2\/users\/6"}],"replies":[{"embeddable":true,"href":"https:\/\/sites.uel.br\/ndph\/wp-json\/wp\/v2\/comments?post=1996"}],"version-history":[{"count":3,"href":"https:\/\/sites.uel.br\/ndph\/wp-json\/wp\/v2\/pages\/1996\/revisions"}],"predecessor-version":[{"id":2279,"href":"https:\/\/sites.uel.br\/ndph\/wp-json\/wp\/v2\/pages\/1996\/revisions\/2279"}],"wp:attachment":[{"href":"https:\/\/sites.uel.br\/ndph\/wp-json\/wp\/v2\/media?parent=1996"}],"curies":[{"name":"wp","href":"https:\/\/api.w.org\/{rel}","templated":true}]}}