{"id":1994,"date":"2024-11-21T15:13:21","date_gmt":"2024-11-21T18:13:21","guid":{"rendered":"https:\/\/sites.uel.br\/ndph\/?page_id=1994"},"modified":"2024-12-04T14:57:02","modified_gmt":"2024-12-04T17:57:02","slug":"colecao-associacao-londrinense-de-cineastas-amadores-alca","status":"publish","type":"page","link":"https:\/\/sites.uel.br\/ndph\/colecao-associacao-londrinense-de-cineastas-amadores-alca\/","title":{"rendered":"Cole\u00e7\u00e3o Associa\u00e7\u00e3o Londrinense de Cineastas Amadores (ALCA)"},"content":{"rendered":"\n<p><strong><a href=\"https:\/\/sites.uel.br\/ndph\/wp-content\/uploads\/2022\/08\/ALCA.INFO-NOBRADE.pdf\" data-type=\"link\" data-id=\"https:\/\/sites.uel.br\/ndph\/wp-content\/uploads\/2022\/08\/ALCA.INFO-NOBRADE.pdf\">Informa\u00e7\u00e3o Nobrade<\/a><\/strong><\/p>\n\n\n\n<p><strong>S\u00e9rie Correspond\u00eancias<\/strong><br><em>Subs\u00e9rie&nbsp;<\/em><a href=\"https:\/\/sites.uel.br\/ndph\/wp-content\/uploads\/2022\/08\/ALCA.SERIE-CORRESP.SUB-EXP.pdf\" target=\"_blank\" rel=\"noreferrer noopener\">Expedidas<\/a><br><em>Subs\u00e9rie<\/em>&nbsp;<a href=\"https:\/\/sites.uel.br\/ndph\/wp-content\/uploads\/2022\/08\/ALCA.SERIE-CORRESP.SUB-RECEB.pdf\" target=\"_blank\" rel=\"noreferrer noopener\">Recebidas<\/a><br>\u2013 S\u00e9rie&nbsp;<a href=\"https:\/\/sites.uel.br\/ndph\/wp-content\/uploads\/2022\/08\/ALCA.SERIE-DOCDIV.pdf\" target=\"_blank\" rel=\"noreferrer noopener\">Documentos Diversos<\/a><br>\u2013 S\u00e9rie&nbsp;<a href=\"https:\/\/sites.uel.br\/ndph\/wp-content\/uploads\/2022\/08\/ALCA.SERIE-DISTRIB.pdf\" target=\"_blank\" rel=\"noreferrer noopener\">Distribuidoras de Filmes<\/a><\/p>\n\n\n\n<p><br><strong>S\u00e9rie Hemeroteca<\/strong><br><em>Subs\u00e9rie<\/em>&nbsp;<a href=\"https:\/\/sites.uel.br\/ndph\/wp-content\/uploads\/2022\/08\/ALCA.SERIE-HEMER.SUB-PERIOD.pdf\" target=\"_blank\" rel=\"noreferrer noopener\">Peri\u00f3dicos<\/a><br><em>Subs\u00e9rie<\/em>&nbsp;<a href=\"https:\/\/sites.uel.br\/ndph\/wp-content\/uploads\/2022\/08\/ALCA.SERIE-HEMER.SUB-RECORT.pdf\" target=\"_blank\" rel=\"noreferrer noopener\">Recortes<\/a><\/p>\n\n\n\n<p><\/p>\n","protected":false},"excerpt":{"rendered":"<p>Informa\u00e7\u00e3o Nobrade S\u00e9rie Correspond\u00eanciasSubs\u00e9rie&nbsp;ExpedidasSubs\u00e9rie&nbsp;Recebidas\u2013 S\u00e9rie&nbsp;Documentos Diversos\u2013 S\u00e9rie&nbsp;Distribuidoras de Filmes S\u00e9rie HemerotecaSubs\u00e9rie&nbsp;Peri\u00f3dicosSubs\u00e9rie&nbsp;Recortes<\/p>\n","protected":false},"author":6,"featured_media":0,"parent":0,"menu_order":0,"comment_status":"closed","ping_status":"closed","template":"","meta":{"footnotes":""},"class_list":["post-1994","page","type-page","status-publish","hentry"],"acf":[],"_links":{"self":[{"href":"https:\/\/sites.uel.br\/ndph\/wp-json\/wp\/v2\/pages\/1994","targetHints":{"allow":["GET"]}}],"collection":[{"href":"https:\/\/sites.uel.br\/ndph\/wp-json\/wp\/v2\/pages"}],"about":[{"href":"https:\/\/sites.uel.br\/ndph\/wp-json\/wp\/v2\/types\/page"}],"author":[{"embeddable":true,"href":"https:\/\/sites.uel.br\/ndph\/wp-json\/wp\/v2\/users\/6"}],"replies":[{"embeddable":true,"href":"https:\/\/sites.uel.br\/ndph\/wp-json\/wp\/v2\/comments?post=1994"}],"version-history":[{"count":2,"href":"https:\/\/sites.uel.br\/ndph\/wp-json\/wp\/v2\/pages\/1994\/revisions"}],"predecessor-version":[{"id":2277,"href":"https:\/\/sites.uel.br\/ndph\/wp-json\/wp\/v2\/pages\/1994\/revisions\/2277"}],"wp:attachment":[{"href":"https:\/\/sites.uel.br\/ndph\/wp-json\/wp\/v2\/media?parent=1994"}],"curies":[{"name":"wp","href":"https:\/\/api.w.org\/{rel}","templated":true}]}}