{"id":1991,"date":"2024-11-21T15:11:33","date_gmt":"2024-11-21T18:11:33","guid":{"rendered":"https:\/\/sites.uel.br\/ndph\/?page_id=1991"},"modified":"2025-07-09T14:31:12","modified_gmt":"2025-07-09T17:31:12","slug":"colecao-arquivo-historico-judaico-brasileiro-ahjb","status":"publish","type":"page","link":"https:\/\/sites.uel.br\/ndph\/colecao-arquivo-historico-judaico-brasileiro-ahjb\/","title":{"rendered":"Cole\u00e7\u00e3o Arquivo Hist\u00f3rico Judaico Brasileiro (AHJB)"},"content":{"rendered":"\n<p><strong><a href=\"https:\/\/sites.uel.br\/ndph\/wp-content\/uploads\/2022\/08\/AHJB.INFO-NOBRADE.pdf\" data-type=\"link\" data-id=\"https:\/\/sites.uel.br\/ndph\/wp-content\/uploads\/2022\/08\/AHJB.INFO-NOBRADE.pdf\" target=\"_blank\" rel=\"noreferrer noopener\">Informa\u00e7\u00e3o Nobrade<\/a><\/strong><\/p>\n\n\n\n<p>\u2013 Dossi\u00ea&nbsp;<a href=\"https:\/\/sites.uel.br\/ndph\/wp-content\/uploads\/2022\/08\/AHJB.DOSSIE-DPM.pdf\" target=\"_blank\" rel=\"noreferrer noopener\">Depoimentos<\/a><\/p>\n\n\n\n<p><a href=\"https:\/\/drive.google.com\/drive\/folders\/1ouogP_hw_BvSoVvIAkB54QMDf_amTwmW?usp=sharing\" data-type=\"link\" data-id=\"https:\/\/drive.google.com\/drive\/folders\/1ouogP_hw_BvSoVvIAkB54QMDf_amTwmW?usp=sharing\" target=\"_blank\" rel=\"noreferrer noopener\">Transcri\u00e7\u00f5es dos depoimentos<\/a><\/p>\n\n\n\n<p><\/p>\n","protected":false},"excerpt":{"rendered":"<p>Informa\u00e7\u00e3o Nobrade \u2013 Dossi\u00ea&nbsp;Depoimentos Transcri\u00e7\u00f5es dos depoimentos<\/p>\n","protected":false},"author":6,"featured_media":0,"parent":0,"menu_order":0,"comment_status":"closed","ping_status":"closed","template":"","meta":{"footnotes":""},"class_list":["post-1991","page","type-page","status-publish","hentry"],"acf":[],"_links":{"self":[{"href":"https:\/\/sites.uel.br\/ndph\/wp-json\/wp\/v2\/pages\/1991","targetHints":{"allow":["GET"]}}],"collection":[{"href":"https:\/\/sites.uel.br\/ndph\/wp-json\/wp\/v2\/pages"}],"about":[{"href":"https:\/\/sites.uel.br\/ndph\/wp-json\/wp\/v2\/types\/page"}],"author":[{"embeddable":true,"href":"https:\/\/sites.uel.br\/ndph\/wp-json\/wp\/v2\/users\/6"}],"replies":[{"embeddable":true,"href":"https:\/\/sites.uel.br\/ndph\/wp-json\/wp\/v2\/comments?post=1991"}],"version-history":[{"count":5,"href":"https:\/\/sites.uel.br\/ndph\/wp-json\/wp\/v2\/pages\/1991\/revisions"}],"predecessor-version":[{"id":2801,"href":"https:\/\/sites.uel.br\/ndph\/wp-json\/wp\/v2\/pages\/1991\/revisions\/2801"}],"wp:attachment":[{"href":"https:\/\/sites.uel.br\/ndph\/wp-json\/wp\/v2\/media?parent=1991"}],"curies":[{"name":"wp","href":"https:\/\/api.w.org\/{rel}","templated":true}]}}