{"id":1933,"date":"2024-10-07T16:29:29","date_gmt":"2024-10-07T19:29:29","guid":{"rendered":"https:\/\/sites.uel.br\/ndph\/?page_id=1933"},"modified":"2025-06-02T15:15:32","modified_gmt":"2025-06-02T18:15:32","slug":"londrina-90-anos","status":"publish","type":"page","link":"https:\/\/sites.uel.br\/ndph\/londrina-90-anos\/","title":{"rendered":"Londrina 90 Anos"},"content":{"rendered":"\n<h2 class=\"wp-block-heading\">Not\u00edcias<\/h2>\n\n\n\n<div class=\"wp-block-columns is-layout-flex wp-container-core-columns-is-layout-9d6595d7 wp-block-columns-is-layout-flex\">\n<div class=\"wp-block-column is-layout-flow wp-block-column-is-layout-flow\" style=\"flex-basis:100%\">\n<div class=\"wp-block-columns is-layout-flex wp-container-core-columns-is-layout-9d6595d7 wp-block-columns-is-layout-flex\">\n<div class=\"wp-block-column is-layout-flow wp-block-column-is-layout-flow\">\n<figure class=\"wp-block-embed is-type-wp-embed is-provider-r-dio-uel-fm-107-9 wp-block-embed-r-dio-uel-fm-107-9\"><div class=\"wp-block-embed__wrapper\">\n<blockquote class=\"wp-embedded-content\" data-secret=\"Lg7mmfLesU\"><a href=\"https:\/\/radio.uel.br\/noticias\/revista-do-meio-dia\/revista-do-meio-dia-395\/2024\/10\/25\">Revista do Meio-Dia<\/a><\/blockquote><iframe loading=\"lazy\" class=\"wp-embedded-content\" sandbox=\"allow-scripts\" security=\"restricted\" style=\"position: absolute; visibility: hidden;\" title=\"&#8220;Revista do Meio-Dia&#8221; &#8212; R\u00e1dio UEL FM 107,9\" src=\"https:\/\/radio.uel.br\/noticias\/revista-do-meio-dia\/revista-do-meio-dia-395\/2024\/10\/25\/embed#?secret=oUDSnuQjDv#?secret=Lg7mmfLesU\" data-secret=\"Lg7mmfLesU\" width=\"600\" height=\"338\" frameborder=\"0\" marginwidth=\"0\" marginheight=\"0\" scrolling=\"no\"><\/iframe>\n<\/div><\/figure>\n<\/div>\n\n\n\n<div class=\"wp-block-column is-layout-flow wp-block-column-is-layout-flow\">\n<figure class=\"wp-block-embed is-type-wp-embed is-provider-o-perobal wp-block-embed-o-perobal\"><div class=\"wp-block-embed__wrapper\">\n<blockquote class=\"wp-embedded-content\" data-secret=\"S3lDNmAqGX\"><a href=\"https:\/\/operobal.uel.br\/ultimas\/2024\/10\/04\/ndph-recebe-inscricoes-para-evento-sobre-90-anos-de-londrina\/\">NDPH recebe inscri\u00e7\u00f5es para evento sobre 90 anos de Londrina<\/a><\/blockquote><iframe loading=\"lazy\" class=\"wp-embedded-content\" sandbox=\"allow-scripts\" security=\"restricted\" style=\"position: absolute; visibility: hidden;\" title=\"&#8220;NDPH recebe inscri\u00e7\u00f5es para evento sobre 90 anos de Londrina&#8221; &#8212; O Perobal\" src=\"https:\/\/operobal.uel.br\/ultimas\/2024\/10\/04\/ndph-recebe-inscricoes-para-evento-sobre-90-anos-de-londrina\/embed\/#?secret=AXPIe4wvy8#?secret=S3lDNmAqGX\" data-secret=\"S3lDNmAqGX\" width=\"600\" height=\"338\" frameborder=\"0\" marginwidth=\"0\" marginheight=\"0\" scrolling=\"no\"><\/iframe>\n<\/div><\/figure>\n<\/div>\n<\/div>\n<\/div>\n<\/div>\n\n\n\n<hr class=\"wp-block-separator has-alpha-channel-opacity\" \/>\n\n\n\n<h2 class=\"wp-block-heading\">Conversas de R\u00e1dio<\/h2>\n\n\n\n<p>Professores da UEL e comunidade debatem os 90 anos de Londrina<\/p>\n\n\n\n<figure class=\"wp-block-embed is-type-video is-provider-youtube wp-block-embed-youtube wp-embed-aspect-16-9 wp-has-aspect-ratio\"><div class=\"wp-block-embed__wrapper\">\n<iframe loading=\"lazy\" title=\"Diversidade Religiosa em Londrina - Parte 2 - PODCAST MARC\u00c3O KARECA #138\" width=\"640\" height=\"360\" src=\"https:\/\/www.youtube.com\/embed\/kLH1jSH6Kcs?feature=oembed\" frameborder=\"0\" allow=\"accelerometer; autoplay; clipboard-write; encrypted-media; gyroscope; picture-in-picture; web-share\" referrerpolicy=\"strict-origin-when-cross-origin\" allowfullscreen><\/iframe>\n<\/div><\/figure>\n\n\n\n<figure class=\"wp-block-embed is-type-video is-provider-youtube wp-block-embed-youtube wp-embed-aspect-16-9 wp-has-aspect-ratio\"><div class=\"wp-block-embed__wrapper\">\n<iframe loading=\"lazy\" title=\"Diversidade Religiosa em Londrina - Parte I Podcast Marc\u00e3o Kareca #134\" width=\"640\" height=\"360\" src=\"https:\/\/www.youtube.com\/embed\/pzMxHDSGUhw?feature=oembed\" frameborder=\"0\" allow=\"accelerometer; autoplay; clipboard-write; encrypted-media; gyroscope; picture-in-picture; web-share\" referrerpolicy=\"strict-origin-when-cross-origin\" allowfullscreen><\/iframe>\n<\/div><\/figure>\n\n\n\n<figure class=\"wp-block-embed is-type-video is-provider-youtube wp-block-embed-youtube wp-embed-aspect-16-9 wp-has-aspect-ratio\"><div class=\"wp-block-embed__wrapper\">\n<iframe loading=\"lazy\" title=\"Londrina das Margens e do Centro! Podcast Marc\u00e3o Kareca #131\" width=\"640\" height=\"360\" src=\"https:\/\/www.youtube.com\/embed\/nL77GpRh4Yk?feature=oembed\" frameborder=\"0\" allow=\"accelerometer; autoplay; clipboard-write; encrypted-media; gyroscope; picture-in-picture; web-share\" referrerpolicy=\"strict-origin-when-cross-origin\" allowfullscreen><\/iframe>\n<\/div><\/figure>\n\n\n\n<figure class=\"wp-block-embed is-type-video is-provider-youtube wp-block-embed-youtube wp-embed-aspect-16-9 wp-has-aspect-ratio\"><div class=\"wp-block-embed__wrapper\">\n<iframe loading=\"lazy\" title=\"Londrina Outros Passados! Podcast Marc\u00e3o Kareca #126\" width=\"640\" height=\"360\" src=\"https:\/\/www.youtube.com\/embed\/9kz_VlOudU4?feature=oembed\" frameborder=\"0\" allow=\"accelerometer; autoplay; clipboard-write; encrypted-media; gyroscope; picture-in-picture; web-share\" referrerpolicy=\"strict-origin-when-cross-origin\" allowfullscreen><\/iframe>\n<\/div><\/figure>\n\n\n\n<figure class=\"wp-block-embed is-type-video is-provider-youtube wp-block-embed-youtube wp-embed-aspect-16-9 wp-has-aspect-ratio\"><div class=\"wp-block-embed__wrapper\">\n<iframe loading=\"lazy\" title=\"PRESEN\u00c7A NEGRA EM LONDRINA - Podcast Marc\u00e3o Kareca #120\" width=\"640\" height=\"360\" src=\"https:\/\/www.youtube.com\/embed\/3ejR-uhx1QY?feature=oembed\" frameborder=\"0\" allow=\"accelerometer; autoplay; clipboard-write; encrypted-media; gyroscope; picture-in-picture; web-share\" referrerpolicy=\"strict-origin-when-cross-origin\" allowfullscreen><\/iframe>\n<\/div><\/figure>\n\n\n\n<figure class=\"wp-block-embed is-type-video is-provider-youtube wp-block-embed-youtube wp-embed-aspect-16-9 wp-has-aspect-ratio\"><div class=\"wp-block-embed__wrapper\">\n<iframe loading=\"lazy\" title=\"PRESEN\u00c7A IND\u00cdGENA EM LONDRINA! - Podcast Marc\u00e3o Kareca #118\" width=\"640\" height=\"360\" src=\"https:\/\/www.youtube.com\/embed\/viSjpo610CY?feature=oembed\" frameborder=\"0\" allow=\"accelerometer; autoplay; clipboard-write; encrypted-media; gyroscope; picture-in-picture; web-share\" referrerpolicy=\"strict-origin-when-cross-origin\" allowfullscreen><\/iframe>\n<\/div><\/figure>\n\n\n\n<figure class=\"wp-block-embed is-type-video is-provider-youtube wp-block-embed-youtube wp-embed-aspect-16-9 wp-has-aspect-ratio\"><div class=\"wp-block-embed__wrapper\">\n<iframe loading=\"lazy\" title=\"Professores da UEL e comunidade debatem os 90 anos de Londrina!  Podcast Marc\u00e3o Kareca #115\" width=\"640\" height=\"360\" src=\"https:\/\/www.youtube.com\/embed\/I5olyrogwr0?feature=oembed\" frameborder=\"0\" allow=\"accelerometer; autoplay; clipboard-write; encrypted-media; gyroscope; picture-in-picture; web-share\" referrerpolicy=\"strict-origin-when-cross-origin\" allowfullscreen><\/iframe>\n<\/div><\/figure>\n","protected":false},"excerpt":{"rendered":"<p>Not\u00edcias Conversas de R\u00e1dio Professores da UEL e comunidade debatem os 90 anos de Londrina<\/p>\n","protected":false},"author":6,"featured_media":0,"parent":0,"menu_order":0,"comment_status":"closed","ping_status":"closed","template":"","meta":{"footnotes":""},"class_list":["post-1933","page","type-page","status-publish","hentry"],"acf":[],"_links":{"self":[{"href":"https:\/\/sites.uel.br\/ndph\/wp-json\/wp\/v2\/pages\/1933","targetHints":{"allow":["GET"]}}],"collection":[{"href":"https:\/\/sites.uel.br\/ndph\/wp-json\/wp\/v2\/pages"}],"about":[{"href":"https:\/\/sites.uel.br\/ndph\/wp-json\/wp\/v2\/types\/page"}],"author":[{"embeddable":true,"href":"https:\/\/sites.uel.br\/ndph\/wp-json\/wp\/v2\/users\/6"}],"replies":[{"embeddable":true,"href":"https:\/\/sites.uel.br\/ndph\/wp-json\/wp\/v2\/comments?post=1933"}],"version-history":[{"count":10,"href":"https:\/\/sites.uel.br\/ndph\/wp-json\/wp\/v2\/pages\/1933\/revisions"}],"predecessor-version":[{"id":2732,"href":"https:\/\/sites.uel.br\/ndph\/wp-json\/wp\/v2\/pages\/1933\/revisions\/2732"}],"wp:attachment":[{"href":"https:\/\/sites.uel.br\/ndph\/wp-json\/wp\/v2\/media?parent=1933"}],"curies":[{"name":"wp","href":"https:\/\/api.w.org\/{rel}","templated":true}]}}