{"id":1687,"date":"2024-03-22T13:22:53","date_gmt":"2024-03-22T16:22:53","guid":{"rendered":"https:\/\/sites.uel.br\/ndph\/?page_id=1687"},"modified":"2026-02-12T14:07:42","modified_gmt":"2026-02-12T17:07:42","slug":"projetos","status":"publish","type":"page","link":"https:\/\/sites.uel.br\/ndph\/projetos\/","title":{"rendered":"Projetos"},"content":{"rendered":"\n<div class=\"wp-block-columns is-layout-flex wp-container-core-columns-is-layout-9d6595d7 wp-block-columns-is-layout-flex\">\n<div class=\"wp-block-column is-vertically-aligned-center is-layout-flow wp-block-column-is-layout-flow\">\n<p class=\"has-text-align-center\"><strong>PORTAL DE ACERVOS HIST\u00d3RICO-CULTURAIS DA UEL<\/strong><\/p>\n\n\n\n<p class=\"has-text-align-center\">NDPH-NEAB-MUSEU HIST\u00d3RICO- MUSEU ESCOLAR &#8211; CASA DE CULTURA &#8211; LABDOC<\/p>\n\n\n\n<p class=\"has-text-align-center\">O projeto visa criar um portal para disponibilizar acervos hist\u00f3ricos e culturais da Universidade Estadual de Londrina (UEL), promovendo o acesso ao conhecimento produzido na universidade e beneficiando cursos de gradua\u00e7\u00e3o e p\u00f3s-gradua\u00e7\u00e3o, al\u00e9m de escolas e comunidades. O objetivo \u00e9 valorizar o patrim\u00f4nio hist\u00f3rico local e regional, fortalecer a identidade cultural, reduzir desigualdades educacionais e apoiar popula\u00e7\u00f5es marginalizadas, como negras, ind\u00edgenas e quilombolas.<\/p>\n\n\n<div class=\"wp-block-image\">\n<figure class=\"aligncenter size-full is-resized\"><img loading=\"lazy\" decoding=\"async\" width=\"512\" height=\"237\" src=\"https:\/\/sites.uel.br\/ndph\/wp-content\/uploads\/2025\/03\/image.png\" alt=\"\" class=\"wp-image-2417\" style=\"width:212px;height:auto\" srcset=\"https:\/\/sites.uel.br\/ndph\/wp-content\/uploads\/2025\/03\/image.png 512w, https:\/\/sites.uel.br\/ndph\/wp-content\/uploads\/2025\/03\/image-300x139.png 300w\" sizes=\"auto, (max-width: 512px) 100vw, 512px\" \/><\/figure>\n<\/div><\/div>\n\n\n\n<div class=\"wp-block-column is-vertically-aligned-top is-layout-flow wp-block-column-is-layout-flow\">\n<p class=\"has-text-align-center\"><strong><strong>NAPI \u2013 Conectando Mem\u00f3ria e Inova\u00e7\u00e3o<\/strong><\/strong><\/p>\n\n\n\n<p class=\"has-text-align-center\">O projeto tem por objetivo sistematizar e digitalizar acervos selecionados para integrarem a plataforma OMEKA, que ter\u00e1 uma interface com o site do NAPI Paran\u00e1 Faz Ci\u00eancia. O objetivo \u00e9 dar visibilidade \u00e0s informa\u00e7\u00f5es das institui\u00e7\u00f5es universit\u00e1rias de mem\u00f3ria do Paran\u00e1 e, assim, alavancar a divulga\u00e7\u00e3o das pesquisas e a\u00e7\u00f5es do Arranjo. <\/p>\n\n\n\n<p class=\"has-text-align-center\"><a href=\"https:\/\/www.iaraucaria.pr.gov.br\/napis\/napi-conectando-memoria-e-inovacao\/\">https:\/\/www.iaraucaria.pr.gov.br\/napis\/napi-conectando-memoria-e-inovacao\/<\/a> <\/p>\n\n\n\n<p class=\"has-text-align-center\">Veja tamb\u00e9m: <a href=\"https:\/\/www.youtube.com\/watch?v=-cVKdElEJUM&amp;ab_channel=NapiPlay\">https:\/\/www.youtube.com\/watch?v=-cVKdElEJUM&amp;ab_channel=NapiPlay  <\/a><\/p>\n\n\n<div class=\"wp-block-image\">\n<figure class=\"aligncenter size-full is-resized\"><img loading=\"lazy\" decoding=\"async\" width=\"748\" height=\"301\" src=\"https:\/\/sites.uel.br\/ndph\/wp-content\/uploads\/2025\/09\/logo_fa_e_seti_2024-1.webp\" alt=\"\" class=\"wp-image-2843\" style=\"width:375px;height:auto\" srcset=\"https:\/\/sites.uel.br\/ndph\/wp-content\/uploads\/2025\/09\/logo_fa_e_seti_2024-1.webp 748w, https:\/\/sites.uel.br\/ndph\/wp-content\/uploads\/2025\/09\/logo_fa_e_seti_2024-1-300x121.webp 300w\" sizes=\"auto, (max-width: 748px) 100vw, 748px\" \/><\/figure>\n<\/div><\/div>\n<\/div>\n\n\n\n<div class=\"wp-block-columns is-layout-flex wp-container-core-columns-is-layout-9d6595d7 wp-block-columns-is-layout-flex\">\n<div class=\"wp-block-column is-layout-flow wp-block-column-is-layout-flow\">\n<p class=\"has-text-align-center\"><a href=\"https:\/\/sites.uel.br\/nead\/gestao-documental-restec\/\" data-type=\"link\" data-id=\"https:\/\/sites.uel.br\/nead\/gestao-documental-restec\/\"><strong>ESPECIALIZA\u00c7\u00c3O EM GEST\u00c3O DOCUMENTAL, EDUCA\u00c7\u00c3O PATRIMONIAL E HIST\u00d3RIA P\u00daBLICA (RESTEC)<\/strong><br><\/a><br>O curso de Especializa\u00e7\u00e3o em Gest\u00e3o Documental, Educa\u00e7\u00e3o Patrimonial e Hist\u00f3ria P\u00fablica tem como objetivo formar profissionais qualificados para atuar na preserva\u00e7\u00e3o, organiza\u00e7\u00e3o, difus\u00e3o e valoriza\u00e7\u00e3o do patrim\u00f4nio documental, hist\u00f3rico e cultural.<br><\/p>\n\n\n\n<p class=\"has-text-align-center\"><\/p>\n\n\n\n<p><\/p>\n\n\n\n<p><\/p>\n<\/div>\n\n\n\n<div class=\"wp-block-column is-layout-flow wp-block-column-is-layout-flow\">\n<p class=\"has-text-align-center\"><strong><a href=\"https:\/\/sites.google.com\/uel.br\/historiaememoriasnegras\/in%C3%ADcio\" data-type=\"link\" data-id=\"https:\/\/sites.google.com\/uel.br\/historiaememoriasnegras\/in%C3%ADcio\" target=\"_blank\" rel=\"noreferrer noopener\">PROJETO DE EXTENS\u00c3O: HIST\u00d3RIA E MEM\u00d3RIAS NEGRA EM LONDRINA (1934-2022)<\/a><\/strong><\/p>\n\n\n\n<p class=\"has-text-align-center\">Este projeto tem por objetivo a reconstitui\u00e7\u00e3o da presen\u00e7a do negro em Londrina pela Hist\u00f3ria P\u00fablica. Para isto busca realizar ampla pesquisa documental, constituir acervo documental e bibliogr\u00e1fico, e de difus\u00e3o do conhecimento constitu\u00eddo atrav\u00e9s de v\u00e1rias a\u00e7\u00f5es, que n\u00e3o apenas contribuam para retirar a popula\u00e7\u00e3o negra local de sua invisibilidade, mas tamb\u00e9m passando pelos cursos de gradua\u00e7\u00e3o e de p\u00f3s-gradua\u00e7\u00e3o novos interesses e novas pesquisas sobre popula\u00e7\u00e3o afrodescendente em Londrina e regi\u00e3o.<\/p>\n<\/div>\n<\/div>\n\n\n\n<div class=\"wp-block-columns is-layout-flex wp-container-core-columns-is-layout-9d6595d7 wp-block-columns-is-layout-flex\">\n<div class=\"wp-block-column is-vertically-aligned-center is-layout-flow wp-block-column-is-layout-flow\">\n<p class=\"has-text-align-center\"><\/p>\n\n\n\n<div class=\"wp-block-columns is-layout-flex wp-container-core-columns-is-layout-9d6595d7 wp-block-columns-is-layout-flex\">\n<div class=\"wp-block-column is-layout-flow wp-block-column-is-layout-flow\">\n<p class=\"has-text-align-center\"><strong><strong>PROJETO: COLE\u00c7\u00c3O FOLHA DE LONDRINA<\/strong><\/strong><\/p>\n\n\n\n<p class=\"has-text-align-center\">O Acervo da Folha de Londrina \u00e9 compartilhado entre o Museu Hist\u00f3rico de Londrina \u2013 MHL e o N\u00facleo de Documenta\u00e7\u00e3o e Pesquisa Hist\u00f3rica \u2013 NDPH. Assim o NDPH realiza a digitaliza\u00e7\u00e3o da Folha e o MHL disponibiliza no site Memorias Paran\u00e1. O processo de digitaliza\u00e7\u00e3o est\u00e1 em curso, estando em vias de finalizar o material at\u00e9 os anos de 1969. \u2013 20\/09\/2023<br><a href=\"http:\/\/www.memoria.pr.gov.br\/biblioteca\/index.php\" target=\"_blank\" rel=\"noreferrer noopener\">Acesse o Jornal Digitalizado<\/a><br><a href=\"https:\/\/sites.uel.br\/museu\/wp-content\/uploads\/2023\/06\/INSTRUCOES-DE-NAVEGACAO-NA-REDE-MUSEUS-PARANA.pdf\" target=\"_blank\" rel=\"noreferrer noopener\">Instru\u00e7\u00f5es de Navega\u00e7\u00e3o na Rede Museus Paran\u00e1<\/a><\/p>\n<\/div>\n\n\n\n<div class=\"wp-block-column is-layout-flow wp-block-column-is-layout-flow\">\n<p class=\"has-text-align-center\"><strong><strong>PROJETO: MEM\u00d3RIA DO MOVIMENTO DOCENTE<\/strong><\/strong><\/p>\n\n\n\n<p class=\"has-text-align-center\">Em parceria com o SINDIPROL-ADUEL, visa organizar e digitalizar a documenta\u00e7\u00e3o referente ao movimento docente de base do SINDIPROL que abrange Londrina e v\u00e1rias cidades do norte do Paran\u00e1. Tamb\u00e9m no campo da presta\u00e7\u00e3o de servi\u00e7os, organizar\u00e1 a documenta\u00e7\u00e3o administrativa do SINDIPROL-ADUEL.<\/p>\n<\/div>\n<\/div>\n<\/div>\n<\/div>\n\n\n\n<div class=\"wp-block-columns is-layout-flex wp-container-core-columns-is-layout-9d6595d7 wp-block-columns-is-layout-flex\">\n<div class=\"wp-block-column is-layout-flow wp-block-column-is-layout-flow\">\n<p class=\"has-text-align-center\"><strong>ROTA LONDRINA: PLURALIDADES DO SAGRADO<\/strong><\/p>\n\n\n\n<p class=\"has-text-align-center\">COMUNIDADES DE TERREIRO &#8211; NDPH-NEAB-MUSEU HISTORICO<\/p>\n\n\n\n<p class=\"has-text-align-center\">Este projeto tem como objetivo geral promover um mapeamento das Comunidades Tradicionais de Terreiro de Londrina tendo como refer\u00eancia o culto dos Orix\u00e1s Nkisis e Voduns, divindades regentes ou cultuados em cada uma das casas para gerar um conhecimento mais profundo das religi\u00f5es afro-brasileiras de modo a contribuir no combate ao racismo religioso.<\/p>\n<\/div>\n\n\n\n<div class=\"wp-block-column is-layout-flow wp-block-column-is-layout-flow\">\n<p class=\"has-text-align-center\"><strong>PROJETO: OS DOCUMENTOS IN\u00c9DITOS DOS ARQUIVOS DO SNI (PARAN\u00c1-BR), DOPROJETO OPENING THE ARCHIVES E DA CIA (EUA)<\/strong><\/p>\n\n\n\n<p class=\"has-text-align-center\">O projeto \u00e9 vinculado ao Departamento de Ci\u00eancias Sociais e utiliza as fontes do NDPH.<\/p>\n\n\n\n<p class=\"has-text-align-center\">Veja o Livro: <a href=\"https:\/\/drive.google.com\/file\/d\/1K1kPTNklkazPuv3rFXkWew4h3_iTO9x1\/view?usp=sharing\" data-type=\"link\" data-id=\"https:\/\/drive.google.com\/file\/d\/1K1kPTNklkazPuv3rFXkWew4h3_iTO9x1\/view?usp=sharing\" target=\"_blank\" rel=\"noreferrer noopener\">Registros dos Autoritarismos<\/a><\/p>\n<\/div>\n<\/div>\n\n\n\n<div class=\"wp-block-columns are-vertically-aligned-top is-layout-flex wp-container-core-columns-is-layout-9d6595d7 wp-block-columns-is-layout-flex\">\n<div class=\"wp-block-column is-layout-flow wp-block-column-is-layout-flow\"><\/div>\n\n\n\n<div class=\"wp-block-column is-layout-flow wp-block-column-is-layout-flow\"><\/div>\n<\/div>\n\n\n\n<div class=\"wp-block-columns is-layout-flex wp-container-core-columns-is-layout-9d6595d7 wp-block-columns-is-layout-flex\">\n<div class=\"wp-block-column is-layout-flow wp-block-column-is-layout-flow\">\n<p class=\"has-text-align-center\"><strong><strong>ACERVO FOTOGR\u00c1FICO DA SANTA CASA DE LONDRINA<\/strong><\/strong><\/p>\n\n\n\n<div class=\"wp-block-group is-nowrap is-layout-flex wp-container-core-group-is-layout-ad2f72ca wp-block-group-is-layout-flex\">\n<p class=\"has-text-align-center\">Trata-se da organiza\u00e7\u00e3o do acervo fotogr\u00e1fico do Hospital Santa Casa de Londrina composto de 15.680 fotografias e 115 jogos de negativos. Esta organiza\u00e7\u00e3o implica na higieniza\u00e7\u00e3o (se necess\u00e1rio), acondicionamento, descri\u00e7\u00e3o, cataloga\u00e7\u00e3o, digitaliza\u00e7\u00e3o, preserva\u00e7\u00e3o e disponibiliza\u00e7\u00e3o para consulta p\u00fablica pela comunidade e pelos pesquisadores.<\/p>\n<\/div>\n\n\n\n<figure class=\"wp-block-image size-full is-resized\"><img loading=\"lazy\" decoding=\"async\" width=\"143\" height=\"244\" src=\"https:\/\/sites.uel.br\/ndph\/wp-content\/uploads\/2025\/09\/logo.png\" alt=\"\" class=\"wp-image-2844\" style=\"aspect-ratio:0.5860765979249392;width:115px;height:auto\" \/><\/figure>\n<\/div>\n\n\n\n<div class=\"wp-block-column is-layout-flow wp-block-column-is-layout-flow\"><\/div>\n<\/div>\n\n\n\n<p><\/p>\n\n\n\n<p><\/p>\n","protected":false},"excerpt":{"rendered":"<p>PORTAL DE ACERVOS HIST\u00d3RICO-CULTURAIS DA UEL NDPH-NEAB-MUSEU HIST\u00d3RICO- MUSEU ESCOLAR &#8211; CASA DE CULTURA &#8211; LABDOC O projeto visa criar um portal para disponibilizar acervos hist\u00f3ricos e culturais da Universidade Estadual de Londrina (UEL), promovendo o acesso ao conhecimento produzido na universidade e beneficiando cursos de gradua\u00e7\u00e3o e p\u00f3s-gradua\u00e7\u00e3o, al\u00e9m de escolas e comunidades. O [&hellip;]<\/p>\n","protected":false},"author":6,"featured_media":0,"parent":0,"menu_order":0,"comment_status":"closed","ping_status":"closed","template":"","meta":{"footnotes":""},"class_list":["post-1687","page","type-page","status-publish","hentry"],"acf":[],"_links":{"self":[{"href":"https:\/\/sites.uel.br\/ndph\/wp-json\/wp\/v2\/pages\/1687","targetHints":{"allow":["GET"]}}],"collection":[{"href":"https:\/\/sites.uel.br\/ndph\/wp-json\/wp\/v2\/pages"}],"about":[{"href":"https:\/\/sites.uel.br\/ndph\/wp-json\/wp\/v2\/types\/page"}],"author":[{"embeddable":true,"href":"https:\/\/sites.uel.br\/ndph\/wp-json\/wp\/v2\/users\/6"}],"replies":[{"embeddable":true,"href":"https:\/\/sites.uel.br\/ndph\/wp-json\/wp\/v2\/comments?post=1687"}],"version-history":[{"count":30,"href":"https:\/\/sites.uel.br\/ndph\/wp-json\/wp\/v2\/pages\/1687\/revisions"}],"predecessor-version":[{"id":2997,"href":"https:\/\/sites.uel.br\/ndph\/wp-json\/wp\/v2\/pages\/1687\/revisions\/2997"}],"wp:attachment":[{"href":"https:\/\/sites.uel.br\/ndph\/wp-json\/wp\/v2\/media?parent=1687"}],"curies":[{"name":"wp","href":"https:\/\/api.w.org\/{rel}","templated":true}]}}