{"id":1551,"date":"2023-11-23T15:28:55","date_gmt":"2023-11-23T18:28:55","guid":{"rendered":"https:\/\/sites.uel.br\/ndph\/?page_id=1551"},"modified":"2023-11-28T15:26:20","modified_gmt":"2023-11-28T18:26:20","slug":"memoria-da-exposicao-52-anos-de-uel","status":"publish","type":"page","link":"https:\/\/sites.uel.br\/ndph\/memoria-da-exposicao-52-anos-de-uel\/","title":{"rendered":"Mem\u00f3ria da exposi\u00e7\u00e3o: 52 anos de UEL"},"content":{"rendered":"\n<div style=\"height:47px\" aria-hidden=\"true\" class=\"wp-block-spacer\"><\/div>\n\n\n\n<h2 class=\"wp-block-heading\"><strong>Galeria <\/strong><\/h2>\n\n\n\n<div style=\"height:47px\" aria-hidden=\"true\" class=\"wp-block-spacer\"><\/div>\n\n\n\n<p><strong>Abertura da Exposi\u00e7\u00e3o &#8211; Biblioteca Central<\/strong><\/p>\n\n\n\n<figure class=\"wp-block-gallery has-nested-images columns-default is-cropped wp-block-gallery-1 is-layout-flex wp-block-gallery-is-layout-flex\">\n<figure class=\"wp-block-image size-large\"><img loading=\"lazy\" decoding=\"async\" width=\"1024\" height=\"683\" data-id=\"1568\" src=\"https:\/\/sites.uel.br\/ndph\/wp-content\/uploads\/2023\/11\/IMG_8888-1-1024x683.jpg\" alt=\"\" class=\"wp-image-1568\" srcset=\"https:\/\/sites.uel.br\/ndph\/wp-content\/uploads\/2023\/11\/IMG_8888-1-1024x683.jpg 1024w, https:\/\/sites.uel.br\/ndph\/wp-content\/uploads\/2023\/11\/IMG_8888-1-300x200.jpg 300w, https:\/\/sites.uel.br\/ndph\/wp-content\/uploads\/2023\/11\/IMG_8888-1-768x512.jpg 768w, https:\/\/sites.uel.br\/ndph\/wp-content\/uploads\/2023\/11\/IMG_8888-1-1536x1024.jpg 1536w, https:\/\/sites.uel.br\/ndph\/wp-content\/uploads\/2023\/11\/IMG_8888-1-2048x1365.jpg 2048w\" sizes=\"auto, (max-width: 1024px) 100vw, 1024px\" \/><\/figure>\n\n\n\n<figure class=\"wp-block-image size-large\"><img loading=\"lazy\" decoding=\"async\" width=\"1024\" height=\"683\" data-id=\"1571\" src=\"https:\/\/sites.uel.br\/ndph\/wp-content\/uploads\/2023\/11\/IMG_8893-1024x683.jpg\" alt=\"\" class=\"wp-image-1571\" srcset=\"https:\/\/sites.uel.br\/ndph\/wp-content\/uploads\/2023\/11\/IMG_8893-1024x683.jpg 1024w, https:\/\/sites.uel.br\/ndph\/wp-content\/uploads\/2023\/11\/IMG_8893-300x200.jpg 300w, https:\/\/sites.uel.br\/ndph\/wp-content\/uploads\/2023\/11\/IMG_8893-768x512.jpg 768w, https:\/\/sites.uel.br\/ndph\/wp-content\/uploads\/2023\/11\/IMG_8893-1536x1024.jpg 1536w, https:\/\/sites.uel.br\/ndph\/wp-content\/uploads\/2023\/11\/IMG_8893-2048x1365.jpg 2048w\" sizes=\"auto, (max-width: 1024px) 100vw, 1024px\" \/><\/figure>\n\n\n\n<figure class=\"wp-block-image size-large\"><img loading=\"lazy\" decoding=\"async\" width=\"1024\" height=\"683\" data-id=\"1570\" src=\"https:\/\/sites.uel.br\/ndph\/wp-content\/uploads\/2023\/11\/IMG_8899-1-1024x683.jpg\" alt=\"\" class=\"wp-image-1570\" srcset=\"https:\/\/sites.uel.br\/ndph\/wp-content\/uploads\/2023\/11\/IMG_8899-1-1024x683.jpg 1024w, https:\/\/sites.uel.br\/ndph\/wp-content\/uploads\/2023\/11\/IMG_8899-1-300x200.jpg 300w, https:\/\/sites.uel.br\/ndph\/wp-content\/uploads\/2023\/11\/IMG_8899-1-768x512.jpg 768w, https:\/\/sites.uel.br\/ndph\/wp-content\/uploads\/2023\/11\/IMG_8899-1-1536x1024.jpg 1536w, https:\/\/sites.uel.br\/ndph\/wp-content\/uploads\/2023\/11\/IMG_8899-1-2048x1365.jpg 2048w\" sizes=\"auto, (max-width: 1024px) 100vw, 1024px\" \/><\/figure>\n\n\n\n<figure class=\"wp-block-image size-large\"><img loading=\"lazy\" decoding=\"async\" width=\"1024\" height=\"683\" data-id=\"1572\" src=\"https:\/\/sites.uel.br\/ndph\/wp-content\/uploads\/2023\/11\/IMG_8906-1-1024x683.jpg\" alt=\"\" class=\"wp-image-1572\" srcset=\"https:\/\/sites.uel.br\/ndph\/wp-content\/uploads\/2023\/11\/IMG_8906-1-1024x683.jpg 1024w, https:\/\/sites.uel.br\/ndph\/wp-content\/uploads\/2023\/11\/IMG_8906-1-300x200.jpg 300w, https:\/\/sites.uel.br\/ndph\/wp-content\/uploads\/2023\/11\/IMG_8906-1-768x512.jpg 768w, https:\/\/sites.uel.br\/ndph\/wp-content\/uploads\/2023\/11\/IMG_8906-1-1536x1024.jpg 1536w, https:\/\/sites.uel.br\/ndph\/wp-content\/uploads\/2023\/11\/IMG_8906-1-2048x1365.jpg 2048w\" sizes=\"auto, (max-width: 1024px) 100vw, 1024px\" \/><\/figure>\n\n\n\n<figure class=\"wp-block-image size-large\"><img loading=\"lazy\" decoding=\"async\" width=\"1024\" height=\"683\" data-id=\"1573\" src=\"https:\/\/sites.uel.br\/ndph\/wp-content\/uploads\/2023\/11\/IMG_8907-1024x683.jpg\" alt=\"\" class=\"wp-image-1573\" srcset=\"https:\/\/sites.uel.br\/ndph\/wp-content\/uploads\/2023\/11\/IMG_8907-1024x683.jpg 1024w, https:\/\/sites.uel.br\/ndph\/wp-content\/uploads\/2023\/11\/IMG_8907-300x200.jpg 300w, https:\/\/sites.uel.br\/ndph\/wp-content\/uploads\/2023\/11\/IMG_8907-768x512.jpg 768w, https:\/\/sites.uel.br\/ndph\/wp-content\/uploads\/2023\/11\/IMG_8907-1536x1024.jpg 1536w, https:\/\/sites.uel.br\/ndph\/wp-content\/uploads\/2023\/11\/IMG_8907-2048x1365.jpg 2048w\" sizes=\"auto, (max-width: 1024px) 100vw, 1024px\" \/><\/figure>\n\n\n\n<figure class=\"wp-block-image size-large\"><img loading=\"lazy\" decoding=\"async\" width=\"1024\" height=\"683\" data-id=\"1574\" src=\"https:\/\/sites.uel.br\/ndph\/wp-content\/uploads\/2023\/11\/IMG_8911-1024x683.jpg\" alt=\"\" class=\"wp-image-1574\" srcset=\"https:\/\/sites.uel.br\/ndph\/wp-content\/uploads\/2023\/11\/IMG_8911-1024x683.jpg 1024w, https:\/\/sites.uel.br\/ndph\/wp-content\/uploads\/2023\/11\/IMG_8911-300x200.jpg 300w, https:\/\/sites.uel.br\/ndph\/wp-content\/uploads\/2023\/11\/IMG_8911-768x512.jpg 768w, https:\/\/sites.uel.br\/ndph\/wp-content\/uploads\/2023\/11\/IMG_8911-1536x1024.jpg 1536w, https:\/\/sites.uel.br\/ndph\/wp-content\/uploads\/2023\/11\/IMG_8911-2048x1365.jpg 2048w\" sizes=\"auto, (max-width: 1024px) 100vw, 1024px\" \/><\/figure>\n\n\n\n<figure class=\"wp-block-image size-large\"><img loading=\"lazy\" decoding=\"async\" width=\"1024\" height=\"683\" data-id=\"1575\" src=\"https:\/\/sites.uel.br\/ndph\/wp-content\/uploads\/2023\/11\/IMG_8923-1024x683.jpg\" alt=\"\" class=\"wp-image-1575\" srcset=\"https:\/\/sites.uel.br\/ndph\/wp-content\/uploads\/2023\/11\/IMG_8923-1024x683.jpg 1024w, https:\/\/sites.uel.br\/ndph\/wp-content\/uploads\/2023\/11\/IMG_8923-300x200.jpg 300w, https:\/\/sites.uel.br\/ndph\/wp-content\/uploads\/2023\/11\/IMG_8923-768x512.jpg 768w, https:\/\/sites.uel.br\/ndph\/wp-content\/uploads\/2023\/11\/IMG_8923-1536x1024.jpg 1536w, https:\/\/sites.uel.br\/ndph\/wp-content\/uploads\/2023\/11\/IMG_8923-2048x1365.jpg 2048w\" sizes=\"auto, (max-width: 1024px) 100vw, 1024px\" \/><\/figure>\n\n\n\n<figure class=\"wp-block-image size-large\"><img loading=\"lazy\" decoding=\"async\" width=\"1024\" height=\"683\" data-id=\"1576\" src=\"https:\/\/sites.uel.br\/ndph\/wp-content\/uploads\/2023\/11\/IMG_8922-1024x683.jpg\" alt=\"\" class=\"wp-image-1576\" srcset=\"https:\/\/sites.uel.br\/ndph\/wp-content\/uploads\/2023\/11\/IMG_8922-1024x683.jpg 1024w, https:\/\/sites.uel.br\/ndph\/wp-content\/uploads\/2023\/11\/IMG_8922-300x200.jpg 300w, https:\/\/sites.uel.br\/ndph\/wp-content\/uploads\/2023\/11\/IMG_8922-768x512.jpg 768w, https:\/\/sites.uel.br\/ndph\/wp-content\/uploads\/2023\/11\/IMG_8922-1536x1024.jpg 1536w, https:\/\/sites.uel.br\/ndph\/wp-content\/uploads\/2023\/11\/IMG_8922-2048x1365.jpg 2048w\" sizes=\"auto, (max-width: 1024px) 100vw, 1024px\" \/><\/figure>\n\n\n\n<figure class=\"wp-block-image size-large\"><img loading=\"lazy\" decoding=\"async\" width=\"1024\" height=\"683\" data-id=\"1577\" src=\"https:\/\/sites.uel.br\/ndph\/wp-content\/uploads\/2023\/11\/IMG_8927-1024x683.jpg\" alt=\"\" class=\"wp-image-1577\" srcset=\"https:\/\/sites.uel.br\/ndph\/wp-content\/uploads\/2023\/11\/IMG_8927-1024x683.jpg 1024w, https:\/\/sites.uel.br\/ndph\/wp-content\/uploads\/2023\/11\/IMG_8927-300x200.jpg 300w, https:\/\/sites.uel.br\/ndph\/wp-content\/uploads\/2023\/11\/IMG_8927-768x512.jpg 768w, https:\/\/sites.uel.br\/ndph\/wp-content\/uploads\/2023\/11\/IMG_8927-1536x1024.jpg 1536w, https:\/\/sites.uel.br\/ndph\/wp-content\/uploads\/2023\/11\/IMG_8927-2048x1365.jpg 2048w\" sizes=\"auto, (max-width: 1024px) 100vw, 1024px\" \/><\/figure>\n<\/figure>\n\n\n\n<div style=\"height:14px\" aria-hidden=\"true\" class=\"wp-block-spacer\"><\/div>\n\n\n\n<p><strong>Biblioteca Central <\/strong><\/p>\n\n\n\n<figure class=\"wp-block-gallery has-nested-images columns-default is-cropped wp-block-gallery-2 is-layout-flex wp-block-gallery-is-layout-flex\">\n<figure class=\"wp-block-image size-large\"><img loading=\"lazy\" decoding=\"async\" width=\"1024\" height=\"473\" data-id=\"1578\" src=\"https:\/\/sites.uel.br\/ndph\/wp-content\/uploads\/2023\/11\/WhatsApp-Image-2023-11-22-at-18.32.09-1024x473.jpeg\" alt=\"\" class=\"wp-image-1578\" srcset=\"https:\/\/sites.uel.br\/ndph\/wp-content\/uploads\/2023\/11\/WhatsApp-Image-2023-11-22-at-18.32.09-1024x473.jpeg 1024w, https:\/\/sites.uel.br\/ndph\/wp-content\/uploads\/2023\/11\/WhatsApp-Image-2023-11-22-at-18.32.09-300x139.jpeg 300w, https:\/\/sites.uel.br\/ndph\/wp-content\/uploads\/2023\/11\/WhatsApp-Image-2023-11-22-at-18.32.09-768x355.jpeg 768w, https:\/\/sites.uel.br\/ndph\/wp-content\/uploads\/2023\/11\/WhatsApp-Image-2023-11-22-at-18.32.09.jpeg 1280w\" sizes=\"auto, (max-width: 1024px) 100vw, 1024px\" \/><\/figure>\n\n\n\n<figure class=\"wp-block-image size-large\"><img loading=\"lazy\" decoding=\"async\" width=\"1024\" height=\"473\" data-id=\"1579\" src=\"https:\/\/sites.uel.br\/ndph\/wp-content\/uploads\/2023\/11\/WhatsApp-Image-2023-11-22-at-18.32.20-1024x473.jpeg\" alt=\"\" class=\"wp-image-1579\" srcset=\"https:\/\/sites.uel.br\/ndph\/wp-content\/uploads\/2023\/11\/WhatsApp-Image-2023-11-22-at-18.32.20-1024x473.jpeg 1024w, https:\/\/sites.uel.br\/ndph\/wp-content\/uploads\/2023\/11\/WhatsApp-Image-2023-11-22-at-18.32.20-300x139.jpeg 300w, https:\/\/sites.uel.br\/ndph\/wp-content\/uploads\/2023\/11\/WhatsApp-Image-2023-11-22-at-18.32.20-768x355.jpeg 768w, https:\/\/sites.uel.br\/ndph\/wp-content\/uploads\/2023\/11\/WhatsApp-Image-2023-11-22-at-18.32.20.jpeg 1280w\" sizes=\"auto, (max-width: 1024px) 100vw, 1024px\" \/><\/figure>\n\n\n\n<figure class=\"wp-block-image size-large\"><img loading=\"lazy\" decoding=\"async\" width=\"1024\" height=\"1024\" data-id=\"1580\" src=\"https:\/\/sites.uel.br\/ndph\/wp-content\/uploads\/2023\/11\/WhatsApp-Image-2023-11-22-at-18.32.25-1024x1024.jpeg\" alt=\"\" class=\"wp-image-1580\" srcset=\"https:\/\/sites.uel.br\/ndph\/wp-content\/uploads\/2023\/11\/WhatsApp-Image-2023-11-22-at-18.32.25-1024x1024.jpeg 1024w, https:\/\/sites.uel.br\/ndph\/wp-content\/uploads\/2023\/11\/WhatsApp-Image-2023-11-22-at-18.32.25-300x300.jpeg 300w, https:\/\/sites.uel.br\/ndph\/wp-content\/uploads\/2023\/11\/WhatsApp-Image-2023-11-22-at-18.32.25-150x150.jpeg 150w, https:\/\/sites.uel.br\/ndph\/wp-content\/uploads\/2023\/11\/WhatsApp-Image-2023-11-22-at-18.32.25-768x768.jpeg 768w, https:\/\/sites.uel.br\/ndph\/wp-content\/uploads\/2023\/11\/WhatsApp-Image-2023-11-22-at-18.32.25.jpeg 1280w\" sizes=\"auto, (max-width: 1024px) 100vw, 1024px\" \/><\/figure>\n<\/figure>\n\n\n\n<div style=\"height:14px\" aria-hidden=\"true\" class=\"wp-block-spacer\"><\/div>\n\n\n\n<p><strong>EAAJ<\/strong><\/p>\n\n\n\n<div class=\"wp-block-columns is-layout-flex wp-container-core-columns-is-layout-9d6595d7 wp-block-columns-is-layout-flex\">\n<div class=\"wp-block-column is-layout-flow wp-block-column-is-layout-flow\">\n<figure class=\"wp-block-image size-large\"><img loading=\"lazy\" decoding=\"async\" width=\"1024\" height=\"576\" src=\"https:\/\/sites.uel.br\/ndph\/wp-content\/uploads\/2023\/11\/EAAJ-1-1024x576.jpg\" alt=\"\" class=\"wp-image-1608\" srcset=\"https:\/\/sites.uel.br\/ndph\/wp-content\/uploads\/2023\/11\/EAAJ-1-1024x576.jpg 1024w, https:\/\/sites.uel.br\/ndph\/wp-content\/uploads\/2023\/11\/EAAJ-1-300x169.jpg 300w, https:\/\/sites.uel.br\/ndph\/wp-content\/uploads\/2023\/11\/EAAJ-1-768x432.jpg 768w, https:\/\/sites.uel.br\/ndph\/wp-content\/uploads\/2023\/11\/EAAJ-1.jpg 1280w\" sizes=\"auto, (max-width: 1024px) 100vw, 1024px\" \/><\/figure>\n<\/div>\n\n\n\n<div class=\"wp-block-column is-layout-flow wp-block-column-is-layout-flow\">\n<figure class=\"wp-block-image size-large\"><img loading=\"lazy\" decoding=\"async\" width=\"1024\" height=\"576\" src=\"https:\/\/sites.uel.br\/ndph\/wp-content\/uploads\/2023\/11\/EAAJ-2-1024x576.jpg\" alt=\"\" class=\"wp-image-1609\" srcset=\"https:\/\/sites.uel.br\/ndph\/wp-content\/uploads\/2023\/11\/EAAJ-2-1024x576.jpg 1024w, https:\/\/sites.uel.br\/ndph\/wp-content\/uploads\/2023\/11\/EAAJ-2-300x169.jpg 300w, https:\/\/sites.uel.br\/ndph\/wp-content\/uploads\/2023\/11\/EAAJ-2-768x432.jpg 768w, https:\/\/sites.uel.br\/ndph\/wp-content\/uploads\/2023\/11\/EAAJ-2.jpg 1280w\" sizes=\"auto, (max-width: 1024px) 100vw, 1024px\" \/><\/figure>\n<\/div>\n\n\n\n<div class=\"wp-block-column is-layout-flow wp-block-column-is-layout-flow\">\n<figure class=\"wp-block-image size-large is-resized\"><img loading=\"lazy\" decoding=\"async\" width=\"1024\" height=\"576\" src=\"https:\/\/sites.uel.br\/ndph\/wp-content\/uploads\/2023\/11\/EAAJ-3-1024x576.jpg\" alt=\"\" class=\"wp-image-1610\" style=\"width:337px;height:auto\" srcset=\"https:\/\/sites.uel.br\/ndph\/wp-content\/uploads\/2023\/11\/EAAJ-3-1024x576.jpg 1024w, https:\/\/sites.uel.br\/ndph\/wp-content\/uploads\/2023\/11\/EAAJ-3-300x169.jpg 300w, https:\/\/sites.uel.br\/ndph\/wp-content\/uploads\/2023\/11\/EAAJ-3-768x432.jpg 768w, https:\/\/sites.uel.br\/ndph\/wp-content\/uploads\/2023\/11\/EAAJ-3.jpg 1280w\" sizes=\"auto, (max-width: 1024px) 100vw, 1024px\" \/><\/figure>\n<\/div>\n<\/div>\n\n\n\n<div class=\"wp-block-group\"><div class=\"wp-block-group__inner-container is-layout-constrained wp-block-group-is-layout-constrained\">\n<div class=\"wp-block-columns is-layout-flex wp-container-core-columns-is-layout-9d6595d7 wp-block-columns-is-layout-flex\">\n<div class=\"wp-block-column is-layout-flow wp-block-column-is-layout-flow\">\n<figure class=\"wp-block-image size-large\"><img loading=\"lazy\" decoding=\"async\" width=\"1024\" height=\"576\" src=\"https:\/\/sites.uel.br\/ndph\/wp-content\/uploads\/2023\/11\/EAAJ-4-1024x576.jpg\" alt=\"\" class=\"wp-image-1611\" srcset=\"https:\/\/sites.uel.br\/ndph\/wp-content\/uploads\/2023\/11\/EAAJ-4-1024x576.jpg 1024w, https:\/\/sites.uel.br\/ndph\/wp-content\/uploads\/2023\/11\/EAAJ-4-300x169.jpg 300w, https:\/\/sites.uel.br\/ndph\/wp-content\/uploads\/2023\/11\/EAAJ-4-768x432.jpg 768w, https:\/\/sites.uel.br\/ndph\/wp-content\/uploads\/2023\/11\/EAAJ-4-1536x864.jpg 1536w, https:\/\/sites.uel.br\/ndph\/wp-content\/uploads\/2023\/11\/EAAJ-4.jpg 1599w\" sizes=\"auto, (max-width: 1024px) 100vw, 1024px\" \/><\/figure>\n<\/div>\n\n\n\n<div class=\"wp-block-column is-layout-flow wp-block-column-is-layout-flow\">\n<figure class=\"wp-block-image size-large\"><img loading=\"lazy\" decoding=\"async\" width=\"1024\" height=\"576\" src=\"https:\/\/sites.uel.br\/ndph\/wp-content\/uploads\/2023\/11\/EAAJ-5-1024x576.jpg\" alt=\"\" class=\"wp-image-1612\" srcset=\"https:\/\/sites.uel.br\/ndph\/wp-content\/uploads\/2023\/11\/EAAJ-5-1024x576.jpg 1024w, https:\/\/sites.uel.br\/ndph\/wp-content\/uploads\/2023\/11\/EAAJ-5-300x169.jpg 300w, https:\/\/sites.uel.br\/ndph\/wp-content\/uploads\/2023\/11\/EAAJ-5-768x432.jpg 768w, https:\/\/sites.uel.br\/ndph\/wp-content\/uploads\/2023\/11\/EAAJ-5.jpg 1280w\" sizes=\"auto, (max-width: 1024px) 100vw, 1024px\" \/><\/figure>\n<\/div>\n\n\n\n<div class=\"wp-block-column is-layout-flow wp-block-column-is-layout-flow\">\n<figure class=\"wp-block-image size-large\"><img loading=\"lazy\" decoding=\"async\" width=\"1024\" height=\"576\" src=\"https:\/\/sites.uel.br\/ndph\/wp-content\/uploads\/2023\/11\/EAAJ-6-1024x576.jpg\" alt=\"\" class=\"wp-image-1613\" srcset=\"https:\/\/sites.uel.br\/ndph\/wp-content\/uploads\/2023\/11\/EAAJ-6-1024x576.jpg 1024w, https:\/\/sites.uel.br\/ndph\/wp-content\/uploads\/2023\/11\/EAAJ-6-300x169.jpg 300w, https:\/\/sites.uel.br\/ndph\/wp-content\/uploads\/2023\/11\/EAAJ-6-768x432.jpg 768w, https:\/\/sites.uel.br\/ndph\/wp-content\/uploads\/2023\/11\/EAAJ-6-1536x864.jpg 1536w, https:\/\/sites.uel.br\/ndph\/wp-content\/uploads\/2023\/11\/EAAJ-6.jpg 1599w\" sizes=\"auto, (max-width: 1024px) 100vw, 1024px\" \/><\/figure>\n<\/div>\n<\/div>\n<\/div><\/div>\n\n\n\n<div style=\"height:14px\" aria-hidden=\"true\" class=\"wp-block-spacer\"><\/div>\n\n\n\n<p><strong>HU &#8211; AEHU<\/strong><\/p>\n\n\n\n<figure class=\"wp-block-gallery has-nested-images columns-default is-cropped wp-block-gallery-3 is-layout-flex wp-block-gallery-is-layout-flex\">\n<figure class=\"wp-block-image size-large\"><img loading=\"lazy\" decoding=\"async\" width=\"1024\" height=\"461\" data-id=\"1584\" src=\"https:\/\/sites.uel.br\/ndph\/wp-content\/uploads\/2023\/11\/hu-1-1024x461.jpg\" alt=\"\" class=\"wp-image-1584\" srcset=\"https:\/\/sites.uel.br\/ndph\/wp-content\/uploads\/2023\/11\/hu-1-1024x461.jpg 1024w, https:\/\/sites.uel.br\/ndph\/wp-content\/uploads\/2023\/11\/hu-1-300x135.jpg 300w, https:\/\/sites.uel.br\/ndph\/wp-content\/uploads\/2023\/11\/hu-1-768x346.jpg 768w, https:\/\/sites.uel.br\/ndph\/wp-content\/uploads\/2023\/11\/hu-1-1536x691.jpg 1536w, https:\/\/sites.uel.br\/ndph\/wp-content\/uploads\/2023\/11\/hu-1.jpg 1600w\" sizes=\"auto, (max-width: 1024px) 100vw, 1024px\" \/><\/figure>\n\n\n\n<figure class=\"wp-block-image size-large\"><img loading=\"lazy\" decoding=\"async\" width=\"1024\" height=\"768\" data-id=\"1583\" src=\"https:\/\/sites.uel.br\/ndph\/wp-content\/uploads\/2023\/11\/aehu-1024x768.jpeg\" alt=\"\" class=\"wp-image-1583\" srcset=\"https:\/\/sites.uel.br\/ndph\/wp-content\/uploads\/2023\/11\/aehu-1024x768.jpeg 1024w, https:\/\/sites.uel.br\/ndph\/wp-content\/uploads\/2023\/11\/aehu-300x225.jpeg 300w, https:\/\/sites.uel.br\/ndph\/wp-content\/uploads\/2023\/11\/aehu-768x576.jpeg 768w, https:\/\/sites.uel.br\/ndph\/wp-content\/uploads\/2023\/11\/aehu-1536x1152.jpeg 1536w, https:\/\/sites.uel.br\/ndph\/wp-content\/uploads\/2023\/11\/aehu.jpeg 1600w\" sizes=\"auto, (max-width: 1024px) 100vw, 1024px\" \/><\/figure>\n\n\n\n<figure class=\"wp-block-image size-large\"><img loading=\"lazy\" decoding=\"async\" width=\"1024\" height=\"461\" data-id=\"1581\" src=\"https:\/\/sites.uel.br\/ndph\/wp-content\/uploads\/2023\/11\/hu-2-1024x461.jpg\" alt=\"\" class=\"wp-image-1581\" srcset=\"https:\/\/sites.uel.br\/ndph\/wp-content\/uploads\/2023\/11\/hu-2-1024x461.jpg 1024w, https:\/\/sites.uel.br\/ndph\/wp-content\/uploads\/2023\/11\/hu-2-300x135.jpg 300w, https:\/\/sites.uel.br\/ndph\/wp-content\/uploads\/2023\/11\/hu-2-768x346.jpg 768w, https:\/\/sites.uel.br\/ndph\/wp-content\/uploads\/2023\/11\/hu-2-1536x691.jpg 1536w, https:\/\/sites.uel.br\/ndph\/wp-content\/uploads\/2023\/11\/hu-2.jpg 1600w\" sizes=\"auto, (max-width: 1024px) 100vw, 1024px\" \/><\/figure>\n<\/figure>\n\n\n\n<div style=\"height:14px\" aria-hidden=\"true\" class=\"wp-block-spacer\"><\/div>\n\n\n\n<div style=\"height:14px\" aria-hidden=\"true\" class=\"wp-block-spacer\"><\/div>\n\n\n\n<p><strong>NDPH<\/strong><\/p>\n\n\n\n<div class=\"wp-block-columns is-layout-flex wp-container-core-columns-is-layout-9d6595d7 wp-block-columns-is-layout-flex\">\n<div class=\"wp-block-column is-layout-flow wp-block-column-is-layout-flow\">\n<figure class=\"wp-block-image size-large\"><img loading=\"lazy\" decoding=\"async\" width=\"1200\" height=\"800\" src=\"https:\/\/sites.uel.br\/ndph\/wp-content\/uploads\/2023\/11\/Imagem-do-WhatsApp-de-2023-11-28-as-15.21.58_17b56f44-edited.jpg\" alt=\"\" class=\"wp-image-1618\" srcset=\"https:\/\/sites.uel.br\/ndph\/wp-content\/uploads\/2023\/11\/Imagem-do-WhatsApp-de-2023-11-28-as-15.21.58_17b56f44-edited.jpg 1200w, https:\/\/sites.uel.br\/ndph\/wp-content\/uploads\/2023\/11\/Imagem-do-WhatsApp-de-2023-11-28-as-15.21.58_17b56f44-edited-300x200.jpg 300w, https:\/\/sites.uel.br\/ndph\/wp-content\/uploads\/2023\/11\/Imagem-do-WhatsApp-de-2023-11-28-as-15.21.58_17b56f44-edited-1024x683.jpg 1024w, https:\/\/sites.uel.br\/ndph\/wp-content\/uploads\/2023\/11\/Imagem-do-WhatsApp-de-2023-11-28-as-15.21.58_17b56f44-edited-768x512.jpg 768w\" sizes=\"auto, (max-width: 1200px) 100vw, 1200px\" \/><\/figure>\n<\/div>\n\n\n\n<div class=\"wp-block-column is-layout-flow wp-block-column-is-layout-flow\">\n<figure class=\"wp-block-image size-large\"><img loading=\"lazy\" decoding=\"async\" width=\"1024\" height=\"768\" src=\"https:\/\/sites.uel.br\/ndph\/wp-content\/uploads\/2023\/11\/Imagem-do-WhatsApp-de-2023-11-28-as-15.22.02_e8e87be5-1024x768.jpg\" alt=\"\" class=\"wp-image-1616\" srcset=\"https:\/\/sites.uel.br\/ndph\/wp-content\/uploads\/2023\/11\/Imagem-do-WhatsApp-de-2023-11-28-as-15.22.02_e8e87be5-1024x768.jpg 1024w, https:\/\/sites.uel.br\/ndph\/wp-content\/uploads\/2023\/11\/Imagem-do-WhatsApp-de-2023-11-28-as-15.22.02_e8e87be5-300x225.jpg 300w, https:\/\/sites.uel.br\/ndph\/wp-content\/uploads\/2023\/11\/Imagem-do-WhatsApp-de-2023-11-28-as-15.22.02_e8e87be5-768x576.jpg 768w, https:\/\/sites.uel.br\/ndph\/wp-content\/uploads\/2023\/11\/Imagem-do-WhatsApp-de-2023-11-28-as-15.22.02_e8e87be5-1536x1152.jpg 1536w, https:\/\/sites.uel.br\/ndph\/wp-content\/uploads\/2023\/11\/Imagem-do-WhatsApp-de-2023-11-28-as-15.22.02_e8e87be5.jpg 1600w\" sizes=\"auto, (max-width: 1024px) 100vw, 1024px\" \/><\/figure>\n<\/div>\n\n\n\n<div class=\"wp-block-column is-layout-flow wp-block-column-is-layout-flow\">\n<figure class=\"wp-block-image size-large\"><img loading=\"lazy\" decoding=\"async\" width=\"1024\" height=\"768\" src=\"https:\/\/sites.uel.br\/ndph\/wp-content\/uploads\/2023\/11\/Imagem-do-WhatsApp-de-2023-11-28-as-15.22.02_eb053f38-1024x768.jpg\" alt=\"\" class=\"wp-image-1617\" srcset=\"https:\/\/sites.uel.br\/ndph\/wp-content\/uploads\/2023\/11\/Imagem-do-WhatsApp-de-2023-11-28-as-15.22.02_eb053f38-1024x768.jpg 1024w, https:\/\/sites.uel.br\/ndph\/wp-content\/uploads\/2023\/11\/Imagem-do-WhatsApp-de-2023-11-28-as-15.22.02_eb053f38-300x225.jpg 300w, https:\/\/sites.uel.br\/ndph\/wp-content\/uploads\/2023\/11\/Imagem-do-WhatsApp-de-2023-11-28-as-15.22.02_eb053f38-768x576.jpg 768w, https:\/\/sites.uel.br\/ndph\/wp-content\/uploads\/2023\/11\/Imagem-do-WhatsApp-de-2023-11-28-as-15.22.02_eb053f38-1536x1152.jpg 1536w, https:\/\/sites.uel.br\/ndph\/wp-content\/uploads\/2023\/11\/Imagem-do-WhatsApp-de-2023-11-28-as-15.22.02_eb053f38.jpg 1600w\" sizes=\"auto, (max-width: 1024px) 100vw, 1024px\" \/><\/figure>\n<\/div>\n<\/div>\n\n\n\n<div class=\"wp-block-columns is-layout-flex wp-container-core-columns-is-layout-9d6595d7 wp-block-columns-is-layout-flex\">\n<div class=\"wp-block-column is-layout-flow wp-block-column-is-layout-flow\">\n<figure class=\"wp-block-image size-large\"><img loading=\"lazy\" decoding=\"async\" width=\"1024\" height=\"768\" src=\"https:\/\/sites.uel.br\/ndph\/wp-content\/uploads\/2023\/11\/Imagem-do-WhatsApp-de-2023-11-28-as-13.48.50_6de88549-1024x768.jpg\" alt=\"\" class=\"wp-image-1604\" srcset=\"https:\/\/sites.uel.br\/ndph\/wp-content\/uploads\/2023\/11\/Imagem-do-WhatsApp-de-2023-11-28-as-13.48.50_6de88549-1024x768.jpg 1024w, https:\/\/sites.uel.br\/ndph\/wp-content\/uploads\/2023\/11\/Imagem-do-WhatsApp-de-2023-11-28-as-13.48.50_6de88549-300x225.jpg 300w, https:\/\/sites.uel.br\/ndph\/wp-content\/uploads\/2023\/11\/Imagem-do-WhatsApp-de-2023-11-28-as-13.48.50_6de88549-768x576.jpg 768w, https:\/\/sites.uel.br\/ndph\/wp-content\/uploads\/2023\/11\/Imagem-do-WhatsApp-de-2023-11-28-as-13.48.50_6de88549-1536x1152.jpg 1536w, https:\/\/sites.uel.br\/ndph\/wp-content\/uploads\/2023\/11\/Imagem-do-WhatsApp-de-2023-11-28-as-13.48.50_6de88549.jpg 1600w\" sizes=\"auto, (max-width: 1024px) 100vw, 1024px\" \/><\/figure>\n<\/div>\n\n\n\n<div class=\"wp-block-column is-layout-flow wp-block-column-is-layout-flow\">\n<figure class=\"wp-block-image size-large\"><img loading=\"lazy\" decoding=\"async\" width=\"1024\" height=\"768\" src=\"https:\/\/sites.uel.br\/ndph\/wp-content\/uploads\/2023\/11\/Imagem-do-WhatsApp-de-2023-11-28-as-13.48.55_25db2ea7-1024x768.jpg\" alt=\"\" class=\"wp-image-1605\" srcset=\"https:\/\/sites.uel.br\/ndph\/wp-content\/uploads\/2023\/11\/Imagem-do-WhatsApp-de-2023-11-28-as-13.48.55_25db2ea7-1024x768.jpg 1024w, https:\/\/sites.uel.br\/ndph\/wp-content\/uploads\/2023\/11\/Imagem-do-WhatsApp-de-2023-11-28-as-13.48.55_25db2ea7-300x225.jpg 300w, https:\/\/sites.uel.br\/ndph\/wp-content\/uploads\/2023\/11\/Imagem-do-WhatsApp-de-2023-11-28-as-13.48.55_25db2ea7-768x576.jpg 768w, https:\/\/sites.uel.br\/ndph\/wp-content\/uploads\/2023\/11\/Imagem-do-WhatsApp-de-2023-11-28-as-13.48.55_25db2ea7-1536x1152.jpg 1536w, https:\/\/sites.uel.br\/ndph\/wp-content\/uploads\/2023\/11\/Imagem-do-WhatsApp-de-2023-11-28-as-13.48.55_25db2ea7.jpg 1600w\" sizes=\"auto, (max-width: 1024px) 100vw, 1024px\" \/><\/figure>\n<\/div>\n\n\n\n<div class=\"wp-block-column is-layout-flow wp-block-column-is-layout-flow\">\n<figure class=\"wp-block-image size-large\"><img loading=\"lazy\" decoding=\"async\" width=\"1024\" height=\"768\" src=\"https:\/\/sites.uel.br\/ndph\/wp-content\/uploads\/2023\/11\/Imagem-do-WhatsApp-de-2023-11-28-as-13.48.53_ce5dd109-1024x768.jpg\" alt=\"\" class=\"wp-image-1606\" srcset=\"https:\/\/sites.uel.br\/ndph\/wp-content\/uploads\/2023\/11\/Imagem-do-WhatsApp-de-2023-11-28-as-13.48.53_ce5dd109-1024x768.jpg 1024w, https:\/\/sites.uel.br\/ndph\/wp-content\/uploads\/2023\/11\/Imagem-do-WhatsApp-de-2023-11-28-as-13.48.53_ce5dd109-300x225.jpg 300w, https:\/\/sites.uel.br\/ndph\/wp-content\/uploads\/2023\/11\/Imagem-do-WhatsApp-de-2023-11-28-as-13.48.53_ce5dd109-768x576.jpg 768w, https:\/\/sites.uel.br\/ndph\/wp-content\/uploads\/2023\/11\/Imagem-do-WhatsApp-de-2023-11-28-as-13.48.53_ce5dd109-1536x1152.jpg 1536w, https:\/\/sites.uel.br\/ndph\/wp-content\/uploads\/2023\/11\/Imagem-do-WhatsApp-de-2023-11-28-as-13.48.53_ce5dd109.jpg 1600w\" sizes=\"auto, (max-width: 1024px) 100vw, 1024px\" \/><\/figure>\n<\/div>\n<\/div>\n","protected":false},"excerpt":{"rendered":"<p>Galeria Abertura da Exposi\u00e7\u00e3o &#8211; Biblioteca Central Biblioteca Central EAAJ HU &#8211; AEHU NDPH<\/p>\n","protected":false},"author":6,"featured_media":0,"parent":0,"menu_order":0,"comment_status":"closed","ping_status":"closed","template":"","meta":{"footnotes":""},"class_list":["post-1551","page","type-page","status-publish","hentry"],"acf":[],"_links":{"self":[{"href":"https:\/\/sites.uel.br\/ndph\/wp-json\/wp\/v2\/pages\/1551","targetHints":{"allow":["GET"]}}],"collection":[{"href":"https:\/\/sites.uel.br\/ndph\/wp-json\/wp\/v2\/pages"}],"about":[{"href":"https:\/\/sites.uel.br\/ndph\/wp-json\/wp\/v2\/types\/page"}],"author":[{"embeddable":true,"href":"https:\/\/sites.uel.br\/ndph\/wp-json\/wp\/v2\/users\/6"}],"replies":[{"embeddable":true,"href":"https:\/\/sites.uel.br\/ndph\/wp-json\/wp\/v2\/comments?post=1551"}],"version-history":[{"count":8,"href":"https:\/\/sites.uel.br\/ndph\/wp-json\/wp\/v2\/pages\/1551\/revisions"}],"predecessor-version":[{"id":1621,"href":"https:\/\/sites.uel.br\/ndph\/wp-json\/wp\/v2\/pages\/1551\/revisions\/1621"}],"wp:attachment":[{"href":"https:\/\/sites.uel.br\/ndph\/wp-json\/wp\/v2\/media?parent=1551"}],"curies":[{"name":"wp","href":"https:\/\/api.w.org\/{rel}","templated":true}]}}