{"id":1407,"date":"2023-09-29T16:08:26","date_gmt":"2023-09-29T19:08:26","guid":{"rendered":"https:\/\/sites.uel.br\/ndph\/?page_id=1407"},"modified":"2023-09-29T16:14:27","modified_gmt":"2023-09-29T19:14:27","slug":"visitas","status":"publish","type":"page","link":"https:\/\/sites.uel.br\/ndph\/visitas\/","title":{"rendered":"Visitas"},"content":{"rendered":"\n<p class=\"has-text-align-center has-primary-accent-color has-text-color\" style=\"font-size:22px\"><br><strong>Visitas Monitoradas (Modalidade: Hist\u00f3rico-Did\u00e1tica)<\/strong><\/p>\n\n\n\n<p style=\"font-size:19px\">A atividade ocorre mediante agendamento pr\u00e9vio, no per\u00edodo da manh\u00e3 ou da tarde. Seu objetivo \u00e9 apresentar a institui\u00e7\u00e3o ao visitante, com especial aten\u00e7\u00e3o \u00e0 sua hist\u00f3ria, sua relev\u00e2ncia social e o processo de forma\u00e7\u00e3o do seu acervo. A visita\u00e7\u00e3o est\u00e1 aberta a todos os interessados em conhecer o cotidiano de um centro de documenta\u00e7\u00e3o hist\u00f3rica. Recebemos, por exemplo, visitas de estudantes da educa\u00e7\u00e3o b\u00e1sica e superior, grupos de professores, membros de ONGs e institui\u00e7\u00f5es sociais, assim como os demais membros da comunidade.<\/p>\n\n\n\n<p class=\"has-text-align-center has-primary-accent-color has-text-color\" style=\"font-size:22px\"><strong>Visitas Monitoradas (Modalidade: T\u00e9cnico-Cient\u00edfica)<\/strong><\/p>\n\n\n\n<p style=\"font-size:19px\">O NDPH recebe profissionais (individualmente ou em grupos) interessados em conhecer a sua estrutura f\u00edsica, sua organiza\u00e7\u00e3o administrativa e pr\u00e1ticas de gest\u00e3o arquiv\u00edstica de seu acervo documental. A finalidade desta modalidade \u00e9 estritamente profissional. O perfil do p\u00fablico interessado neste tipo de visita\u00e7\u00e3o \u00e9 composto por profissionais (equipes t\u00e9cnicas e administrativas) de arquivos, bibliotecas, museus, memoriais, centros de mem\u00f3ria e centros de documenta\u00e7\u00e3o, al\u00e9m de estudantes de p\u00f3s-gradua\u00e7\u00e3o de Hist\u00f3ria, Ci\u00eancias Sociais, Arquivologia, Ci\u00eancias da Informa\u00e7\u00e3o e \u00e1reas afins. A atividade ocorre mediante agendamento pr\u00e9vio, no per\u00edodo da manh\u00e3 ou tarde.<\/p>\n\n\n\n<p><\/p>\n","protected":false},"excerpt":{"rendered":"<p>Visitas Monitoradas (Modalidade: Hist\u00f3rico-Did\u00e1tica) A atividade ocorre mediante agendamento pr\u00e9vio, no per\u00edodo da manh\u00e3 ou da tarde. Seu objetivo \u00e9 apresentar a institui\u00e7\u00e3o ao visitante, com especial aten\u00e7\u00e3o \u00e0 sua hist\u00f3ria, sua relev\u00e2ncia social e o processo de forma\u00e7\u00e3o do seu acervo. A visita\u00e7\u00e3o est\u00e1 aberta a todos os interessados em conhecer o cotidiano de [&hellip;]<\/p>\n","protected":false},"author":6,"featured_media":0,"parent":0,"menu_order":0,"comment_status":"closed","ping_status":"closed","template":"","meta":{"footnotes":""},"class_list":["post-1407","page","type-page","status-publish","hentry"],"acf":[],"_links":{"self":[{"href":"https:\/\/sites.uel.br\/ndph\/wp-json\/wp\/v2\/pages\/1407","targetHints":{"allow":["GET"]}}],"collection":[{"href":"https:\/\/sites.uel.br\/ndph\/wp-json\/wp\/v2\/pages"}],"about":[{"href":"https:\/\/sites.uel.br\/ndph\/wp-json\/wp\/v2\/types\/page"}],"author":[{"embeddable":true,"href":"https:\/\/sites.uel.br\/ndph\/wp-json\/wp\/v2\/users\/6"}],"replies":[{"embeddable":true,"href":"https:\/\/sites.uel.br\/ndph\/wp-json\/wp\/v2\/comments?post=1407"}],"version-history":[{"count":3,"href":"https:\/\/sites.uel.br\/ndph\/wp-json\/wp\/v2\/pages\/1407\/revisions"}],"predecessor-version":[{"id":1421,"href":"https:\/\/sites.uel.br\/ndph\/wp-json\/wp\/v2\/pages\/1407\/revisions\/1421"}],"wp:attachment":[{"href":"https:\/\/sites.uel.br\/ndph\/wp-json\/wp\/v2\/media?parent=1407"}],"curies":[{"name":"wp","href":"https:\/\/api.w.org\/{rel}","templated":true}]}}