{"id":1295,"date":"2023-09-27T15:18:28","date_gmt":"2023-09-27T18:18:28","guid":{"rendered":"https:\/\/sites.uel.br\/ndph\/?page_id=1295"},"modified":"2026-03-16T12:45:11","modified_gmt":"2026-03-16T15:45:11","slug":"equipe","status":"publish","type":"page","link":"https:\/\/sites.uel.br\/ndph\/equipe\/","title":{"rendered":"Equipe"},"content":{"rendered":"\n<div class=\"wp-block-columns is-layout-flex wp-container-core-columns-is-layout-9d6595d7 wp-block-columns-is-layout-flex\">\n<div class=\"wp-block-column is-layout-flow wp-block-column-is-layout-flow\">\n<div class=\"wp-block-columns is-layout-flex wp-container-core-columns-is-layout-9d6595d7 wp-block-columns-is-layout-flex\">\n<div class=\"wp-block-column is-layout-flow wp-block-column-is-layout-flow\">\n<p class=\"has-primary-text-color has-text-color\" style=\"font-size:18px\"><em>Gest\u00e3o (mar\u00e7o\/2026-mar\u00e7o\/2028)<\/em><br><\/p>\n\n\n\n<p class=\"has-primary-accent-color has-text-color\" style=\"font-size:18px\"><strong>Diretor<\/strong><\/p>\n\n\n\n<p style=\"font-size:18px\">Prof. Dra. Silvia Cristina Martins De Souza<\/p>\n\n\n\n<p class=\"has-primary-accent-color has-text-color\" style=\"font-size:18px\"><strong>Vice-Diretor<\/strong><\/p>\n\n\n\n<p style=\"font-size:18px\">Prof. Dr. Jos\u00e9 Miguel Arias Neto<\/p>\n\n\n\n<p class=\"has-primary-accent-color has-text-color\" style=\"font-size:18px\"><strong>Equipe T\u00e9cnica-Administrativa<\/strong><\/p>\n\n\n\n<p style=\"font-size:18px\">Laureci Cardoso<br>Reinaldo Gabriel<br><\/p>\n\n\n\n<p class=\"has-primary-accent-color has-text-color\" style=\"font-size:18px\"><strong>Estagi\u00e1rios<\/strong><\/p>\n\n\n\n<p style=\"font-size:18px\">Luana Louise Pimentel<br>Maria Luiza Munhoz de Freitas dos Santos<br>Renato Teline Filho<br>Rafael Fernandes Perrenoud Branca<br>Davi Soletti Bohn (NAPI)<br>Mateus Bueno Bonin (Sindiprol-Aduel)<br>Amanda Antunes Ferreira (Sindiprol-Aduel)<\/p>\n\n\n\n<p style=\"font-size:18px\"><\/p>\n<\/div>\n\n\n\n<div class=\"wp-block-column is-layout-flow wp-block-column-is-layout-flow\">\n<p class=\"has-primary-accent-color has-text-color\" style=\"font-size:18px\"><strong>Conselho de N\u00facleo<\/strong><\/p>\n\n\n\n<p style=\"font-size:18px\">I. Diretor do NDPH;<br><br>II. Vice-Diretor do NDPH;<br><br>III. Representante da Dire\u00e7\u00e3o do CLCH;<br><br>IV. Chefe do Departamento de Hist\u00f3ria, ou seu designado;<br><br>V. Coordenador do Colegiado do Departamento de Hist\u00f3ria, ou seu designado;<br><br>VI. Representante da Coordena\u00e7\u00e3o do Programa de P\u00f3s-Gradua\u00e7\u00e3o em Hist\u00f3ria Social;<br><br>VII. Representante dos Coordenadores das Especializa\u00e7\u00f5es do Departamento de Hist\u00f3ria;<br><br>VIII. Representante T\u00e9cnico-Administrativo;<br><br>IX. Representante Discente.<\/p>\n<\/div>\n<\/div>\n<\/div>\n<\/div>\n","protected":false},"excerpt":{"rendered":"<p>Gest\u00e3o (mar\u00e7o\/2026-mar\u00e7o\/2028) Diretor Prof. Dra. Silvia Cristina Martins De Souza Vice-Diretor Prof. Dr. Jos\u00e9 Miguel Arias Neto Equipe T\u00e9cnica-Administrativa Laureci CardosoReinaldo Gabriel Estagi\u00e1rios Luana Louise PimentelMaria Luiza Munhoz de Freitas dos SantosRenato Teline FilhoRafael Fernandes Perrenoud BrancaDavi Soletti Bohn (NAPI)Mateus Bueno Bonin (Sindiprol-Aduel)Amanda Antunes Ferreira (Sindiprol-Aduel) Conselho de N\u00facleo I. Diretor do NDPH; II. Vice-Diretor [&hellip;]<\/p>\n","protected":false},"author":6,"featured_media":0,"parent":0,"menu_order":0,"comment_status":"closed","ping_status":"closed","template":"","meta":{"footnotes":""},"class_list":["post-1295","page","type-page","status-publish","hentry"],"acf":[],"_links":{"self":[{"href":"https:\/\/sites.uel.br\/ndph\/wp-json\/wp\/v2\/pages\/1295","targetHints":{"allow":["GET"]}}],"collection":[{"href":"https:\/\/sites.uel.br\/ndph\/wp-json\/wp\/v2\/pages"}],"about":[{"href":"https:\/\/sites.uel.br\/ndph\/wp-json\/wp\/v2\/types\/page"}],"author":[{"embeddable":true,"href":"https:\/\/sites.uel.br\/ndph\/wp-json\/wp\/v2\/users\/6"}],"replies":[{"embeddable":true,"href":"https:\/\/sites.uel.br\/ndph\/wp-json\/wp\/v2\/comments?post=1295"}],"version-history":[{"count":10,"href":"https:\/\/sites.uel.br\/ndph\/wp-json\/wp\/v2\/pages\/1295\/revisions"}],"predecessor-version":[{"id":3011,"href":"https:\/\/sites.uel.br\/ndph\/wp-json\/wp\/v2\/pages\/1295\/revisions\/3011"}],"wp:attachment":[{"href":"https:\/\/sites.uel.br\/ndph\/wp-json\/wp\/v2\/media?parent=1295"}],"curies":[{"name":"wp","href":"https:\/\/api.w.org\/{rel}","templated":true}]}}