{"id":1294,"date":"2023-09-27T15:18:28","date_gmt":"2023-09-27T18:18:28","guid":{"rendered":"https:\/\/sites.uel.br\/ndph\/?page_id=1294"},"modified":"2026-03-16T12:46:35","modified_gmt":"2026-03-16T15:46:35","slug":"galeria-de-diretores-2","status":"publish","type":"page","link":"https:\/\/sites.uel.br\/ndph\/galeria-de-diretores-2\/","title":{"rendered":"Galeria de Diretores"},"content":{"rendered":"\n<figure class=\"wp-block-pullquote\"><blockquote><p><strong>Arquivo Hist\u00f3rico<\/strong><br><strong>(1970 \u00a0-1986)<\/strong><br><br><strong>Fundador<\/strong><br>\u00a0Pe Carlos Weiss<br><br><strong>Diretores<\/strong><br>Maria Dulce Alho Gotti<br>Jorge Cernev<br>Jos\u00e9 Cesar dos Reis<br><br><br><strong>Comiss\u00e3o de Reestrutura\u00e7\u00e3o do Arquivo Hist\u00f3rico e de Cria\u00e7\u00e3o do Centro de Documenta\u00e7\u00e3o e Pesquisa Hist\u00f3rica &#8211;\u00a0 CDPH<\/strong><br><strong>(1986 \u2013 1996)<\/strong><br><br><strong>Docentes<\/strong><br>Maria Dulce Alho Gotti<br>Antonio Celso Ferreira<br>Andr\u00e9 Luiz Joanilho<br>Claudio Luiz Denipoti<br>Cristiano Gustavo Biazzo Simon<br>Gilmar Arruda<br>Jairo Queiroz Pacheco <br>Jorge Cernev<br>Jos\u00e9 Cesar dos Reis<br>Jose Miguel Arias Neto<br>Luciano de Aguiar Casali<br>Marlene Rosa Caineli<br>Maria de F\u00e1tima \u00a0Narciso<br>Maria Machado Nalin Sinnema Gomes<br>Mariana Josefa Carvalho Almeida<br>Neide Storto Sebasti\u00e3o Peres<br>Sonia Maria Sperandio Lopes Adum<br>Willian Reis Meirelles<br><br><strong>Estudantes<\/strong><br>\u00a0Adriana S. Silva<br>Alexandre Adriolo<br>\u00a0Ana Lucia Machado<br>Joenice B.Dias<br>Marcelo Dias Colonheis<br>Margarete Zampiere<br>Nenzo Balbino<br>Vladson J. Parterneze<br>\u00a0Walter Cortez Mosta\u00e7o<br><br><strong>Agentes\u00a0 Universit\u00e1rios<\/strong><br>Cacilda Maesima<br>Edson L. Holtz Leme<br>\u00a0Helga Ellevein<br><br><br><strong>Diretores do CDPH\/NDPH (1997-2023)<\/strong><br>Rosemeire A. Angelini Castro\u00a0 (1997)<br>Jairo Pacheco (1998 \u2013 2000)<br>Gilmar Arruda \u00a0\u00a0(2000 )<br>Enezila de Lima (2001 \u2013 2005)<br>Jose Miguel Arias Neto (2005 \u2013 2007)<br>Rog\u00e9rio Ivano (2007 &#8211; 2009)<br>Marco Antonio Neves Soares (2009 \u2013 2012)<br>Marcio Santos de Santana (2012 \u2013 2017)<br>Marco\u00a0Antonio Neves Soares (2017 \u2013 2022)<br>Jos\u00e9 Miguel Arias Neto (2022 &#8211; 2026)<\/p><\/blockquote><\/figure>\n","protected":false},"excerpt":{"rendered":"<p>Arquivo Hist\u00f3rico(1970 \u00a0-1986) Fundador\u00a0Pe Carlos Weiss DiretoresMaria Dulce Alho GottiJorge CernevJos\u00e9 Cesar dos Reis Comiss\u00e3o de Reestrutura\u00e7\u00e3o do Arquivo Hist\u00f3rico e de Cria\u00e7\u00e3o do Centro de Documenta\u00e7\u00e3o e Pesquisa Hist\u00f3rica &#8211;\u00a0 CDPH(1986 \u2013 1996) DocentesMaria Dulce Alho GottiAntonio Celso FerreiraAndr\u00e9 Luiz JoanilhoClaudio Luiz DenipotiCristiano Gustavo Biazzo SimonGilmar ArrudaJairo Queiroz Pacheco Jorge CernevJos\u00e9 Cesar dos ReisJose [&hellip;]<\/p>\n","protected":false},"author":6,"featured_media":0,"parent":0,"menu_order":0,"comment_status":"closed","ping_status":"closed","template":"","meta":{"footnotes":""},"class_list":["post-1294","page","type-page","status-publish","hentry"],"acf":[],"_links":{"self":[{"href":"https:\/\/sites.uel.br\/ndph\/wp-json\/wp\/v2\/pages\/1294","targetHints":{"allow":["GET"]}}],"collection":[{"href":"https:\/\/sites.uel.br\/ndph\/wp-json\/wp\/v2\/pages"}],"about":[{"href":"https:\/\/sites.uel.br\/ndph\/wp-json\/wp\/v2\/types\/page"}],"author":[{"embeddable":true,"href":"https:\/\/sites.uel.br\/ndph\/wp-json\/wp\/v2\/users\/6"}],"replies":[{"embeddable":true,"href":"https:\/\/sites.uel.br\/ndph\/wp-json\/wp\/v2\/comments?post=1294"}],"version-history":[{"count":12,"href":"https:\/\/sites.uel.br\/ndph\/wp-json\/wp\/v2\/pages\/1294\/revisions"}],"predecessor-version":[{"id":3012,"href":"https:\/\/sites.uel.br\/ndph\/wp-json\/wp\/v2\/pages\/1294\/revisions\/3012"}],"wp:attachment":[{"href":"https:\/\/sites.uel.br\/ndph\/wp-json\/wp\/v2\/media?parent=1294"}],"curies":[{"name":"wp","href":"https:\/\/api.w.org\/{rel}","templated":true}]}}