{"id":1043,"date":"2022-08-24T16:51:20","date_gmt":"2022-08-24T19:51:20","guid":{"rendered":"https:\/\/sites.uel.br\/ndph\/?page_id=1043"},"modified":"2026-01-12T11:38:26","modified_gmt":"2026-01-12T14:38:26","slug":"reproducao-de-fontes-historicas","status":"publish","type":"page","link":"https:\/\/sites.uel.br\/ndph\/reproducao-de-fontes-historicas\/","title":{"rendered":"Reprodu\u00e7\u00e3o de Fontes Hist\u00f3ricas"},"content":{"rendered":"\n<p class=\"has-medium-font-size\">O consulente interessado em <strong>reproduzir algum documento do acervo do NDPH<\/strong> deve fazer a solicita\u00e7\u00e3o a um membro de nossa equipe especializada. H\u00e1 duas possibilidades para tal realiza\u00e7\u00e3o:<br><\/p>\n\n\n\n<p class=\"has-medium-font-size\"><strong>(I) fazendo uso de m\u00e1quina fotogr\u00e1fica pr\u00f3pria;<br>(II) utilizando servi\u00e7o de digitaliza\u00e7\u00e3o.<\/strong><br><br>Em <strong>todos os casos \u00e9 necess\u00e1rio fazer o pedido em formul\u00e1rio pr\u00f3prio para esse fim<\/strong>, no qual o consulente se <strong>compromete a atribuir os cr\u00e9ditos ao N\u00facleo de Documenta\u00e7\u00e3o e Pesquisa Hist\u00f3rica (NDPH)<\/strong>, assim como declara ci\u00eancia das penalidades legais quanto \u00e0s condi\u00e7\u00f5es para divulga\u00e7\u00e3o das informa\u00e7\u00f5es, bem como a total e irrestrita isen\u00e7\u00e3o do NDPH nessa quest\u00e3o. Os pedidos ser\u00e3o analisados individualmente, pois o estado de conserva\u00e7\u00e3o dos originais, a finalidade e a necessidade de autoriza\u00e7\u00e3o dos detentores dos direitos autorais s\u00e3o vari\u00e1veis a serem consideradas no processo decis\u00f3rio.<\/p>\n\n\n\n<p><a href=\"https:\/\/docs.google.com\/document\/d\/1QiZFmui2wrJN1sxgseh54-PiDEXdP2GZ\/edit?usp=sharing&amp;ouid=107110096897473448292&amp;rtpof=true&amp;sd=true\" data-type=\"link\" data-id=\"https:\/\/docs.google.com\/document\/d\/1QiZFmui2wrJN1sxgseh54-PiDEXdP2GZ\/edit?usp=sharing&amp;ouid=107110096897473448292&amp;rtpof=true&amp;sd=true\"><strong>Solicita\u00e7\u00e3o de acesso<\/strong><\/a><\/p>\n\n\n\n<p><\/p>\n","protected":false},"excerpt":{"rendered":"<p>O consulente interessado em reproduzir algum documento do acervo do NDPH deve fazer a solicita\u00e7\u00e3o a um membro de nossa equipe especializada. H\u00e1 duas possibilidades para tal realiza\u00e7\u00e3o: (I) fazendo uso de m\u00e1quina fotogr\u00e1fica pr\u00f3pria;(II) utilizando servi\u00e7o de digitaliza\u00e7\u00e3o. Em todos os casos \u00e9 necess\u00e1rio fazer o pedido em formul\u00e1rio pr\u00f3prio para esse fim, no [&hellip;]<\/p>\n","protected":false},"author":7,"featured_media":0,"parent":0,"menu_order":0,"comment_status":"closed","ping_status":"closed","template":"","meta":{"footnotes":""},"class_list":["post-1043","page","type-page","status-publish","hentry"],"acf":[],"_links":{"self":[{"href":"https:\/\/sites.uel.br\/ndph\/wp-json\/wp\/v2\/pages\/1043","targetHints":{"allow":["GET"]}}],"collection":[{"href":"https:\/\/sites.uel.br\/ndph\/wp-json\/wp\/v2\/pages"}],"about":[{"href":"https:\/\/sites.uel.br\/ndph\/wp-json\/wp\/v2\/types\/page"}],"author":[{"embeddable":true,"href":"https:\/\/sites.uel.br\/ndph\/wp-json\/wp\/v2\/users\/7"}],"replies":[{"embeddable":true,"href":"https:\/\/sites.uel.br\/ndph\/wp-json\/wp\/v2\/comments?post=1043"}],"version-history":[{"count":6,"href":"https:\/\/sites.uel.br\/ndph\/wp-json\/wp\/v2\/pages\/1043\/revisions"}],"predecessor-version":[{"id":2988,"href":"https:\/\/sites.uel.br\/ndph\/wp-json\/wp\/v2\/pages\/1043\/revisions\/2988"}],"wp:attachment":[{"href":"https:\/\/sites.uel.br\/ndph\/wp-json\/wp\/v2\/media?parent=1043"}],"curies":[{"name":"wp","href":"https:\/\/api.w.org\/{rel}","templated":true}]}}