{"id":1041,"date":"2022-08-24T16:51:05","date_gmt":"2022-08-24T19:51:05","guid":{"rendered":"https:\/\/sites.uel.br\/ndph\/?page_id=1041"},"modified":"2022-08-25T15:03:58","modified_gmt":"2022-08-25T18:03:58","slug":"atendimento-presencial","status":"publish","type":"page","link":"https:\/\/sites.uel.br\/ndph\/atendimento-presencial\/","title":{"rendered":"Atendimento Presencial"},"content":{"rendered":"\n<p class=\"has-medium-font-size\">O atendimento \u00e9 realizado na Sala de Consulentes do NDPH, onde o usu\u00e1rio solicita e analisa os documentos de seu interesse pertencentes ao acervo da Institui\u00e7\u00e3o: fitas e transcri\u00e7\u00f5es de Hist\u00f3ria Oral, autos criminais, mapas, fotografias, peri\u00f3dicos, livros, dentre in\u00fameros outros tipos.<br><br>Nossa equipe especializada fornece orienta\u00e7\u00e3o sobre o acervo, os instrumentos de pesquisa existentes (\u00edndices, invent\u00e1rios, cat\u00e1logos), bem como orienta quanto aos procedimentos para a consulta dos documentos.<br><br>Atrav\u00e9s da Sala de Consulentes s\u00e3o encaminhados ainda os pedidos de <strong>reprodu\u00e7\u00e3o de documentos de nosso acervo<\/strong> \u00e0 unidade respons\u00e1vel, respeitando os <strong>limites impostos pela legisla\u00e7\u00e3o de direitos autorais<\/strong> (<a rel=\"noreferrer noopener\" href=\"http:\/\/www.planalto.gov.br\/ccivil_03\/leis\/l9610.htm\" data-type=\"URL\" data-id=\"http:\/\/www.planalto.gov.br\/ccivil_03\/leis\/l9610.htm\" target=\"_blank\">Lei n\u00ba 9.610<\/a>, de 19 de fevereiro de 1998).<\/p>\n","protected":false},"excerpt":{"rendered":"<p>O atendimento \u00e9 realizado na Sala de Consulentes do NDPH, onde o usu\u00e1rio solicita e analisa os documentos de seu interesse pertencentes ao acervo da Institui\u00e7\u00e3o: fitas e transcri\u00e7\u00f5es de Hist\u00f3ria Oral, autos criminais, mapas, fotografias, peri\u00f3dicos, livros, dentre in\u00fameros outros tipos. Nossa equipe especializada fornece orienta\u00e7\u00e3o sobre o acervo, os instrumentos de pesquisa existentes [&hellip;]<\/p>\n","protected":false},"author":7,"featured_media":0,"parent":0,"menu_order":0,"comment_status":"closed","ping_status":"closed","template":"","meta":{"footnotes":""},"class_list":["post-1041","page","type-page","status-publish","hentry"],"acf":[],"_links":{"self":[{"href":"https:\/\/sites.uel.br\/ndph\/wp-json\/wp\/v2\/pages\/1041","targetHints":{"allow":["GET"]}}],"collection":[{"href":"https:\/\/sites.uel.br\/ndph\/wp-json\/wp\/v2\/pages"}],"about":[{"href":"https:\/\/sites.uel.br\/ndph\/wp-json\/wp\/v2\/types\/page"}],"author":[{"embeddable":true,"href":"https:\/\/sites.uel.br\/ndph\/wp-json\/wp\/v2\/users\/7"}],"replies":[{"embeddable":true,"href":"https:\/\/sites.uel.br\/ndph\/wp-json\/wp\/v2\/comments?post=1041"}],"version-history":[{"count":6,"href":"https:\/\/sites.uel.br\/ndph\/wp-json\/wp\/v2\/pages\/1041\/revisions"}],"predecessor-version":[{"id":1078,"href":"https:\/\/sites.uel.br\/ndph\/wp-json\/wp\/v2\/pages\/1041\/revisions\/1078"}],"wp:attachment":[{"href":"https:\/\/sites.uel.br\/ndph\/wp-json\/wp\/v2\/media?parent=1041"}],"curies":[{"name":"wp","href":"https:\/\/api.w.org\/{rel}","templated":true}]}}