{"id":579,"date":"2025-07-14T14:02:11","date_gmt":"2025-07-14T17:02:11","guid":{"rendered":"https:\/\/sites.uel.br\/nac\/?page_id=579"},"modified":"2025-07-28T11:37:12","modified_gmt":"2025-07-28T14:37:12","slug":"altas-habilidades-superdotacao","status":"publish","type":"page","link":"https:\/\/sites.uel.br\/nac\/informacao\/altas-habilidades-superdotacao\/","title":{"rendered":"Altas Habilidades \/ Superdota\u00e7\u00e3o"},"content":{"rendered":"\n<div style=\"height:20px\" aria-hidden=\"true\" class=\"wp-block-spacer\"><\/div>\n\n\n\n<p>A legisla\u00e7\u00e3o brasileira define pessoas com Altas Habilidades\/Superdota\u00e7\u00e3o (AH\/S) como aquelas que \u201cdemonstram potencial elevado em qualquer uma das seguintes \u00e1reas, isoladas ou combinadas: intelectual; acad\u00eamica; lideran\u00e7a; artes; psicomotricidade, entre outras\u201d (Brasil, 2008, p. 15). De acordo com a Pol\u00edtica Nacional de Educa\u00e7\u00e3o Especial na Perspectiva da Educa\u00e7\u00e3o Inclusiva (Brasil, 2008), essas pessoas tamb\u00e9m apresentam \u201celevada criatividade, grande envolvimento na aprendizagem e para realiza\u00e7\u00e3o de tarefas em \u00e1reas de seu interesse\u201d (p. 15).<\/p>\n\n\n\n<div style=\"height:20px\" aria-hidden=\"true\" class=\"wp-block-spacer\"><\/div>\n\n\n\n<h3 class=\"wp-block-heading\">Identifica\u00e7\u00e3o e Acompanhamento Educacional Especializado<\/h3>\n\n\n\n<p>A identifica\u00e7\u00e3o de pessoas com AH\/SD tem se pautado na perspectiva te\u00f3rica do Modelo dos Tr\u00eas An\u00e9is (Renzulli, 1998, 2011). Nessa concep\u00e7\u00e3o, a AH\/SD \u00e9 decorrente da conflu\u00eancia de tr\u00eas fatores: habilidade intelectual acima da m\u00e9dia, envolvimento com a tarefa e criatividade.&nbsp;<\/p>\n\n\n\n<p>O Minist\u00e9rio da Educa\u00e7\u00e3o do Brasil (MEC), defende a import\u00e2ncia da identifica\u00e7\u00e3o dessa popula\u00e7\u00e3o no processo educacional, afirmando que os \u00f3rg\u00e3os gestores da educa\u00e7\u00e3o, em todos os n\u00edveis da federa\u00e7\u00e3o, devem promover a\u00e7\u00f5es, programas e projetos no intuito de atender \u00e0s suas necessidades educacionais especiais. Tal premissa \u00e9 confirmada pela altera\u00e7\u00e3o da LDB por meio do Projeto de Lei n\u00ba. 4.700, de 2012, que disp\u00f5e sobre a identifica\u00e7\u00e3o, o cadastramento e o atendimento aos alunos com AH\/SD na educa\u00e7\u00e3o b\u00e1sica e superior.<\/p>\n\n\n\n<div style=\"height:20px\" aria-hidden=\"true\" class=\"wp-block-spacer\"><\/div>\n\n\n\n<h3 class=\"wp-block-heading\"><strong>Apoios Institucionais &#8211; UEL<\/strong><\/h3>\n\n\n\n<p>Em todo o processo de escolariza\u00e7\u00e3o, de acordo com seu desempenho, maturidade e interesse, esses estudantes t\u00eam a garantia legal, na legisla\u00e7\u00e3o brasileira, de acelera\u00e7\u00e3o e suplementa\u00e7\u00e3o curricular, tendo como instrumento indicativo a aferi\u00e7\u00e3o de potencialidades, de desempenho e a caracteriza\u00e7\u00e3o de suas altas habilidades ou superdota\u00e7\u00e3o, dentre outros apoio poss\u00edveis.&nbsp;<\/p>\n\n\n\n<p><strong>Acelera\u00e7\u00e3o <\/strong>&#8211; compreende a abrevia\u00e7\u00e3o do curso e est\u00e1 prevista na Resolu\u00e7\u00e3o CEPE 017\/2023, Cap\u00edtulo&nbsp; VIl sobre&nbsp; Abrevia\u00e7\u00e3o da Dura\u00e7\u00e3o do Curso de Gradua\u00e7\u00e3o:<\/p>\n\n\n\n<blockquote class=\"wp-block-quote is-layout-flow wp-block-quote-is-layout-flow\">\n<p>Art. 64. Os estudantes com extraordin\u00e1rio aproveitamento e\/ou parecer de altar habilidades\/superdota\u00e7\u00e3o acompanhados pelo N\u00facleo de Acessibilidade (NAC) poder\u00e3o solicitar abrevia\u00e7\u00e3o da dura\u00e7\u00e3o do curso ao Colegiado de Curso, que deliberar\u00e1 sobre a possibilidade de atender \u00e0 solicita\u00e7\u00e3o.<\/p>\n<\/blockquote>\n\n\n\n<p><strong>Enriquecimento Curricular<\/strong> &#8211;&nbsp; compreende a oferta de estrat\u00e9gias diferenciadas de est\u00edmulo \u00e0 produ\u00e7\u00e3o do conhecimento; \u00e0 organiza\u00e7\u00e3o de grupos de interesses e estrat\u00e9gias did\u00e1ticas diferenciadas de promo\u00e7\u00e3o do protagonismo dos seus estudantes, bem como espa\u00e7os e materiais disponibilizados para a realiza\u00e7\u00e3o das atividades sendo guiados por um orientador, supervisor ou tutor. Na educa\u00e7\u00e3o superior, o enriquecimento se d\u00e1 mediante a participa\u00e7\u00e3o do estudante em atividades acad\u00eamicas complementares como, monitorias acad\u00eamicas, projetos de ensino, pesquisa e extens\u00e3o entre outras possibilidades organizadas pelos docentes tanto em sala de aula quanto extraclasse e conforme processos de sele\u00e7\u00e3o dispon\u00edveis;<\/p>\n\n\n\n<div style=\"height:20px\" aria-hidden=\"true\" class=\"wp-block-spacer\"><\/div>\n\n\n\n<p><strong>Confira as atividades de Forma\u00e7\u00e3o Continuada realizadas pelo NAC:<\/strong><\/p>\n\n\n\n<div class=\"wp-block-uel-card\">\n<p><strong>1. <\/strong>Altas Habilidades\/ Superdota\u00e7\u00e3o: desafios e possibilidades no ensino superior<br>Profa. Dra. Denise Mattos &#8211; SEED\/ PR.<\/p>\n\n\n\n<p><strong>2. <\/strong>Projeto de Pesquisa em Ensino n\u00ba 743:&nbsp;Grupo de Estudos Sobre Estudantes com Defici\u00eancias e Altas Habilidades\/Superdota\u00e7\u00e3o no Ensino Superior.<\/p>\n\n\n\n<p><strong>3. <\/strong>V\u00eddeo: Identifica\u00e7\u00e3o de estudante com altas habilidades\/ superdota\u00e7\u00e3o no ensino superior. <br>Profa. Dra. Denise Maria de Matos (Secretaria de Estado da Educa\u00e7\u00e3o e do Esporte do Paran\u00e1 &#8211; SEED) &#8211; <a href=\"https:\/\/www.youtube.com\/watch?v=qoYCXk8m2bE\">clique para assistir<\/a><\/p>\n\n\n\n<p><strong>4. <\/strong>Roda de Conversa: Altas Habilidades\/ Superdota\u00e7\u00e3o na Universidade<br>Mediadora: Psic. Patr\u00edcia Motta (Mestranda do Programa de P\u00f3s-Gradua\u00e7\u00e3o em An\u00e1lise do Comportamento\/ UEL).<\/p>\n<\/div>\n\n\n\n<div class=\"wp-block-uel-card\">\n<p><strong>Links e Materiais:<\/strong><\/p>\n\n\n\n<p>RENZULLI, J.S., &amp; REIS, S.M. The Schoolwide Enrichment Model: A How-to Guide for Talent Development (3rd edition). Waco, TX: Prufrock Press. 2014.<\/p>\n\n\n\n<p><a href=\"http:\/\/portal.mec.gov.br\/docman\/novembro-2022-pdf-1\/242321-anexo-diretriz-altas-habilidades-ou-superdotacao-1\/file\">Diretriz espec\u00edfica para o atendimento de estudantes com altas habilidades ou superdota\u00e7\u00e3o<\/a>.<\/p>\n\n\n\n<p><a href=\"https:\/\/www.scielo.br\/j\/pee\/a\/MtVWX4vsdBQLYC7LjdY6SbL\/#\">ALTAS HABILIDADES\/SUPERDOTA\u00c7\u00c3O NO ENSINO SUPERIOR: AN\u00c1LISE DE DISSERTA\u00c7\u00d5ES E TESES BRASILEIRAS<\/a>. Psicol. Esc. Educ. 24 \u2022 2020<\/p>\n<\/div>\n\n\n\n<div style=\"height:20px\" aria-hidden=\"true\" class=\"wp-block-spacer\"><\/div>\n\n\n\n<p class=\"has-text-align-center\"><strong>VOC\u00ca SABIA?<\/strong> 10 de agosto \u00e9&nbsp;Dia Internacional da Superdota\u00e7\u00e3o.<\/p>\n\n\n<div class=\"wp-block-image is-style-default\">\n<figure class=\"aligncenter size-full\"><img loading=\"lazy\" decoding=\"async\" width=\"297\" height=\"301\" src=\"https:\/\/sites.uel.br\/nac\/wp-content\/uploads\/2025\/07\/altas_habilidades.jpg\" alt=\"Pe\u00e7a gr\u00e1fica em fundo verde claro, na parte superior, est\u00e1 escrito com a cor preta, o t\u00edtulo: dia internacional da superdota\u00e7\u00e3o. Ao centro, dentro de uma l\u00e2mpada amarela encontra-se um c\u00e9rebro, contorna a l\u00e2mpada feixes na cor preta. Abaixo da l\u00e2mpada est\u00e1 escrito 10 de agosto. Centralizada na parte inferior, est\u00e1 a logo da SIPAD.\" class=\"wp-image-581\"\/><figcaption class=\"wp-element-caption\"><strong>Fonte: <\/strong><a href=\"https:\/\/proafe.ufpr.br\/10-de-agosto-dia-internacional-da-superdotacao\/\">PROAFE\/UFPR<\/a><\/figcaption><\/figure>\n<\/div>\n\n\n<p class=\"has-text-align-center\"><\/p>\n","protected":false},"excerpt":{"rendered":"<p>A legisla\u00e7\u00e3o brasileira define pessoas com Altas Habilidades\/Superdota\u00e7\u00e3o (AH\/S) como aquelas que \u201cdemonstram potencial elevado em qualquer uma das seguintes \u00e1reas, isoladas ou combinadas: intelectual; acad\u00eamica; lideran\u00e7a; artes; psicomotricidade, entre outras\u201d (Brasil, 2008, p. 15). De acordo com a Pol\u00edtica Nacional de Educa\u00e7\u00e3o Especial na Perspectiva da Educa\u00e7\u00e3o Inclusiva (Brasil, 2008), essas pessoas tamb\u00e9m apresentam [&hellip;]<\/p>\n","protected":false},"author":10,"featured_media":0,"parent":43,"menu_order":0,"comment_status":"closed","ping_status":"closed","template":"","meta":{"_acf_changed":false,"_themeisle_gutenberg_block_has_review":false,"footnotes":""},"class_list":["post-579","page","type-page","status-publish","hentry"],"acf":[],"_links":{"self":[{"href":"https:\/\/sites.uel.br\/nac\/wp-json\/wp\/v2\/pages\/579","targetHints":{"allow":["GET"]}}],"collection":[{"href":"https:\/\/sites.uel.br\/nac\/wp-json\/wp\/v2\/pages"}],"about":[{"href":"https:\/\/sites.uel.br\/nac\/wp-json\/wp\/v2\/types\/page"}],"author":[{"embeddable":true,"href":"https:\/\/sites.uel.br\/nac\/wp-json\/wp\/v2\/users\/10"}],"replies":[{"embeddable":true,"href":"https:\/\/sites.uel.br\/nac\/wp-json\/wp\/v2\/comments?post=579"}],"version-history":[{"count":16,"href":"https:\/\/sites.uel.br\/nac\/wp-json\/wp\/v2\/pages\/579\/revisions"}],"predecessor-version":[{"id":783,"href":"https:\/\/sites.uel.br\/nac\/wp-json\/wp\/v2\/pages\/579\/revisions\/783"}],"up":[{"embeddable":true,"href":"https:\/\/sites.uel.br\/nac\/wp-json\/wp\/v2\/pages\/43"}],"wp:attachment":[{"href":"https:\/\/sites.uel.br\/nac\/wp-json\/wp\/v2\/media?parent=579"}],"curies":[{"name":"wp","href":"https:\/\/api.w.org\/{rel}","templated":true}]}}