{"id":45,"date":"2025-07-03T13:36:41","date_gmt":"2025-07-03T16:36:41","guid":{"rendered":"https:\/\/sites.uel.br\/nac\/?page_id=45"},"modified":"2025-10-29T11:46:14","modified_gmt":"2025-10-29T14:46:14","slug":"canais-de-atendimento","status":"publish","type":"page","link":"https:\/\/sites.uel.br\/nac\/canais-de-atendimento\/","title":{"rendered":"Canais de Atendimento"},"content":{"rendered":"\n<div style=\"height:38px\" aria-hidden=\"true\" class=\"wp-block-spacer\"><\/div>\n\n\n\n<div class=\"wp-block-columns is-layout-flex wp-container-core-columns-is-layout-9d6595d7 wp-block-columns-is-layout-flex\">\n<div class=\"wp-block-column is-layout-flow wp-block-column-is-layout-flow\" style=\"flex-basis:350px\">\n<p><strong>Dias da semana: <\/strong><br>Segunda \u00e0 Sexta <\/p>\n\n\n\n<p><strong>Hor\u00e1rios:<\/strong><br>8h \u00e0s 11h30<br>14h00 \u00e0s 17h00<\/p>\n\n\n\n<p><strong>Local:<\/strong><br>Pr\u00f3-Reitoria de Gradua\u00e7\u00e3o (PROGRAD)<\/p>\n\n\n\n<p><strong>E-mail:<\/strong> <br><a href=\"mailto:prograd.atendimento@uel.br\"><\/a><a href=\"mailto:nac@uel.br\">nac@uel.br<\/a><\/p>\n\n\n\n<figure class=\"wp-block-image is-resized\"><img decoding=\"async\" src=\"http:\/\/www.uel.br\/nac\/pages\/arquivos\/FOTOS\/instagran.JPG\" alt=\"\" style=\"width:59px;height:auto\" \/><\/figure>\n\n\n\n<p><strong>@nac.uel<\/strong><\/p>\n<\/div>\n\n\n\n<div class=\"wp-block-column is-layout-flow wp-block-column-is-layout-flow\"><\/div>\n<\/div>\n\n\n\n<p><\/p>\n","protected":false},"excerpt":{"rendered":"<p>Dias da semana: Segunda \u00e0 Sexta Hor\u00e1rios:8h \u00e0s 11h3014h00 \u00e0s 17h00 Local:Pr\u00f3-Reitoria de Gradua\u00e7\u00e3o (PROGRAD) E-mail: nac@uel.br @nac.uel<\/p>\n","protected":false},"author":10,"featured_media":0,"parent":0,"menu_order":0,"comment_status":"closed","ping_status":"closed","template":"","meta":{"_acf_changed":false,"_themeisle_gutenberg_block_has_review":false,"footnotes":""},"class_list":["post-45","page","type-page","status-publish","hentry"],"acf":[],"_links":{"self":[{"href":"https:\/\/sites.uel.br\/nac\/wp-json\/wp\/v2\/pages\/45","targetHints":{"allow":["GET"]}}],"collection":[{"href":"https:\/\/sites.uel.br\/nac\/wp-json\/wp\/v2\/pages"}],"about":[{"href":"https:\/\/sites.uel.br\/nac\/wp-json\/wp\/v2\/types\/page"}],"author":[{"embeddable":true,"href":"https:\/\/sites.uel.br\/nac\/wp-json\/wp\/v2\/users\/10"}],"replies":[{"embeddable":true,"href":"https:\/\/sites.uel.br\/nac\/wp-json\/wp\/v2\/comments?post=45"}],"version-history":[{"count":14,"href":"https:\/\/sites.uel.br\/nac\/wp-json\/wp\/v2\/pages\/45\/revisions"}],"predecessor-version":[{"id":931,"href":"https:\/\/sites.uel.br\/nac\/wp-json\/wp\/v2\/pages\/45\/revisions\/931"}],"wp:attachment":[{"href":"https:\/\/sites.uel.br\/nac\/wp-json\/wp\/v2\/media?parent=45"}],"curies":[{"name":"wp","href":"https:\/\/api.w.org\/{rel}","templated":true}]}}