{"id":34,"date":"2025-07-03T17:11:19","date_gmt":"2025-07-03T20:11:19","guid":{"rendered":"https:\/\/sites.uel.br\/nac\/?page_id=34"},"modified":"2025-08-01T10:20:38","modified_gmt":"2025-08-01T13:20:38","slug":"politicas-publicas-e-acoes-afirmativas","status":"publish","type":"page","link":"https:\/\/sites.uel.br\/nac\/legislacao-e-normas\/politicas-publicas-e-acoes-afirmativas\/","title":{"rendered":"Pol\u00edticas P\u00fablicas e A\u00e7\u00f5es Afirmativas"},"content":{"rendered":"\n<div style=\"height:35px\" aria-hidden=\"true\" class=\"wp-block-spacer\"><\/div>\n\n\n\n<div style=\"height:30px\" aria-hidden=\"true\" class=\"wp-block-spacer\"><\/div>\n\n\n\n<p>Participa\u00e7\u00e3o de membros da equipe em diferentes grupos de trabalho e inst\u00e2ncias com o objetivo de fortalecer as a\u00e7\u00f5es de inclus\u00e3o de pessoas com defici\u00eancia no ensino superior:<\/p>\n\n\n\n<ul class=\"wp-block-list\">\n<li>F\u00f3rum de Educa\u00e7\u00e3o Especial das IEES do Paran\u00e1;<\/li>\n\n\n\n<li>F\u00f3rum Nacional dos N\u00facleos de Acessibilidade;<\/li>\n\n\n\n<li>Conselho Municipal dos Direitos das Pessoas com Defici\u00eancia;<\/li>\n\n\n\n<li>Grupo de Acolhimento da UEL.<\/li>\n<\/ul>\n\n\n\n<p><strong>Reserva de Vagas nos Processos Seletivos da Universidade Estadual de Londrina<\/strong><\/p>\n\n\n\n<p>Candidatos aos cursos de Gradua\u00e7\u00e3o e P\u00f3s-Gradua\u00e7\u00e3o <em>Strictu Sensu<\/em> com defici\u00eancia podem participar dos processos seletivos conforme editais espec\u00edficos e respaldados por legisla\u00e7\u00e3o que garante a reserva de 5% das vagas para esse p\u00fablico.<\/p>\n\n\n\n<div style=\"height:30px\" aria-hidden=\"true\" class=\"wp-block-spacer\"><\/div>\n\n\n\n<p><strong>Federal<\/strong><\/p>\n\n\n\n<p><a href=\"https:\/\/www.in.gov.br\/en\/web\/dou\/-\/lei-n-14.126-de-22-de-marco-de-2021-309942029\">Lei N\u00ba 14.126, de 22 de Mar\u00e7o de 2021<\/a> &#8211; Classifica a vis\u00e3o monocular como defici\u00eancia sensorial, do tipo visual.<\/p>\n\n\n\n<p><a href=\"https:\/\/www.planalto.gov.br\/ccivil_03\/_ato2011-2014\/2012\/lei\/l12764.htm\">Lei N\u00b0 12.764, de 27 de Dezembro de 2012<\/a> &#8211; Institui a Pol\u00edtica Nacional de Prote\u00e7\u00e3o dos Direitos da Pessoa com Transtorno do Espectro Autista; e altera o \u00a7 3\u00ba do art. 98 da Lei n\u00ba 8.112, de 11 de dezembro de 1990.<\/p>\n\n\n\n<p><a href=\"https:\/\/www.planalto.gov.br\/ccivil_03\/_ato2004-2006\/2004\/decreto\/d5296.htm\">Decreto N\u00b0 5.296 de 02 de Dezembro de 2004<\/a> &#8211;&nbsp; Regulamenta as Leis n<sup>os<\/sup> 10.048, de 8 de novembro de 2000, que d\u00e1 prioridade de atendimento \u00e0s pessoas que especifica, e 10.098, de 19 de dezembro de 2000, que estabelece normas gerais e crit\u00e9rios b\u00e1sicos para a promo\u00e7\u00e3o da acessibilidade das pessoas portadoras de defici\u00eancia ou com mobilidade reduzida, e d\u00e1 outras provid\u00eancias.<\/p>\n\n\n\n<div style=\"height:30px\" aria-hidden=\"true\" class=\"wp-block-spacer\"><\/div>\n\n\n\n<p><strong>Estadual<\/strong><\/p>\n\n\n\n<p><a href=\"https:\/\/www.legislacao.pr.gov.br\/legislacao\/pesquisarAto.do?action=exibir&amp;codAto=243728&amp;indice=1&amp;totalRegistros=1&amp;dt=7.5.2021.9.31.32.36\">Lei 20443 &#8211; 17 de Dezembro de 2020<\/a> &#8211; Disp\u00f5e sobre o ingresso de pessoas portadoras de defici\u00eancia nas institui\u00e7\u00f5es estaduais de educa\u00e7\u00e3o superior e institui\u00e7\u00f5es estaduais de ensino t\u00e9cnico.<\/p>\n\n\n\n<div style=\"height:30px\" aria-hidden=\"true\" class=\"wp-block-spacer\"><\/div>\n\n\n\n<p><strong>Universidade Estadual de Londrina<\/strong><\/p>\n\n\n\n<p><a href=\"https:\/\/sites.uel.br\/nac\/wp-content\/uploads\/2025\/08\/cotas-pos.pdf\" target=\"_blank\" rel=\"noreferrer noopener\">Resolu\u00e7\u00e3o CEPE N\u00b0 034\/2021<\/a> &#8211; Institui reserva de vagas para processos seletivos da P\u00f3s-Gradua\u00e7\u00e3o Stricto Sensu da UEL.<\/p>\n\n\n\n<p><a href=\"https:\/\/sites.uel.br\/nac\/wp-content\/uploads\/2025\/08\/44.pdf\" target=\"_blank\" rel=\"noreferrer noopener\">Resolu\u00e7\u00e3o CEPE N\u00ba 044\/2021<\/a> &#8211; Estabelece a reserva de vagas para pessoas com defici\u00eancia nos processos seletivos para ingresso nos cursos de Gradua\u00e7\u00e3o da UEL, como cumprimento da Lei n\u00ba 20.443\/2020.<\/p>\n","protected":false},"excerpt":{"rendered":"<p>Participa\u00e7\u00e3o de membros da equipe em diferentes grupos de trabalho e inst\u00e2ncias com o objetivo de fortalecer as a\u00e7\u00f5es de inclus\u00e3o de pessoas com defici\u00eancia no ensino superior: Reserva de Vagas nos Processos Seletivos da Universidade Estadual de Londrina Candidatos aos cursos de Gradua\u00e7\u00e3o e P\u00f3s-Gradua\u00e7\u00e3o Strictu Sensu com defici\u00eancia podem participar dos processos seletivos [&hellip;]<\/p>\n","protected":false},"author":10,"featured_media":0,"parent":64,"menu_order":0,"comment_status":"closed","ping_status":"closed","template":"","meta":{"_acf_changed":false,"_themeisle_gutenberg_block_has_review":false,"footnotes":""},"class_list":["post-34","page","type-page","status-publish","hentry"],"acf":[],"_links":{"self":[{"href":"https:\/\/sites.uel.br\/nac\/wp-json\/wp\/v2\/pages\/34","targetHints":{"allow":["GET"]}}],"collection":[{"href":"https:\/\/sites.uel.br\/nac\/wp-json\/wp\/v2\/pages"}],"about":[{"href":"https:\/\/sites.uel.br\/nac\/wp-json\/wp\/v2\/types\/page"}],"author":[{"embeddable":true,"href":"https:\/\/sites.uel.br\/nac\/wp-json\/wp\/v2\/users\/10"}],"replies":[{"embeddable":true,"href":"https:\/\/sites.uel.br\/nac\/wp-json\/wp\/v2\/comments?post=34"}],"version-history":[{"count":7,"href":"https:\/\/sites.uel.br\/nac\/wp-json\/wp\/v2\/pages\/34\/revisions"}],"predecessor-version":[{"id":815,"href":"https:\/\/sites.uel.br\/nac\/wp-json\/wp\/v2\/pages\/34\/revisions\/815"}],"up":[{"embeddable":true,"href":"https:\/\/sites.uel.br\/nac\/wp-json\/wp\/v2\/pages\/64"}],"wp:attachment":[{"href":"https:\/\/sites.uel.br\/nac\/wp-json\/wp\/v2\/media?parent=34"}],"curies":[{"name":"wp","href":"https:\/\/api.w.org\/{rel}","templated":true}]}}