{"id":322,"date":"2025-07-09T13:31:47","date_gmt":"2025-07-09T16:31:47","guid":{"rendered":"https:\/\/sites.uel.br\/nac\/?page_id=322"},"modified":"2025-08-18T10:03:07","modified_gmt":"2025-08-18T13:03:07","slug":"pagina-inicial","status":"publish","type":"page","link":"https:\/\/sites.uel.br\/nac\/","title":{"rendered":"P\u00e1gina Inicial"},"content":{"rendered":"\n<div style=\"height:38px\" aria-hidden=\"true\" class=\"wp-block-spacer\"><\/div>\n\n\n\n<figure class=\"wp-block-image size-large\"><img loading=\"lazy\" decoding=\"async\" width=\"1024\" height=\"384\" src=\"https:\/\/sites.uel.br\/nac\/wp-content\/uploads\/2025\/07\/3-1-1024x384.png\" alt=\"\" class=\"wp-image-387\" srcset=\"https:\/\/sites.uel.br\/nac\/wp-content\/uploads\/2025\/07\/3-1-1024x384.png 1024w, https:\/\/sites.uel.br\/nac\/wp-content\/uploads\/2025\/07\/3-1-300x113.png 300w, https:\/\/sites.uel.br\/nac\/wp-content\/uploads\/2025\/07\/3-1-768x288.png 768w, https:\/\/sites.uel.br\/nac\/wp-content\/uploads\/2025\/07\/3-1-1536x576.png 1536w, https:\/\/sites.uel.br\/nac\/wp-content\/uploads\/2025\/07\/3-1.png 1920w\" sizes=\"auto, (max-width: 1024px) 100vw, 1024px\" \/><\/figure>\n\n\n\n<div style=\"height:30px\" aria-hidden=\"true\" class=\"wp-block-spacer\"><\/div>\n\n\n\n<div style=\"height:30px\" aria-hidden=\"true\" class=\"wp-block-spacer\"><\/div>\n\n\n\n<div class=\"wp-block-uel-card\">\n<h3 class=\"wp-block-heading\">ACESSO R\u00c1PIDO<\/h3>\n\n\n<div id=\"metaslider-id-504\" style=\"width: 100%; margin: 0 auto;\" class=\"ml-slider-3-99-0 metaslider metaslider-flex metaslider-504 ml-slider ms-theme-default-base has-carousel-mode has-dots-nav\" role=\"region\" aria-label=\"Acesso r\u00e1pido\" data-width=\"155\">\n    <div id=\"metaslider_container_504\">\n        <div id=\"metaslider_504\">\n            <ul class='slides'>\n                <li style=\"display: none; width: 100%;\" class=\"slide-751 ms-image \" aria-roledescription=\"slide\" data-date=\"2025-07-15 15:26:38\"><a href=\"https:\/\/sites.uel.br\/nac\/suporte\/atividades-de-apoio\/\" target=\"_self\" aria-label=\"View Slide Details\" class=\"metaslider_image_link\"><img loading=\"lazy\" decoding=\"async\" width=\"1181\" height=\"1181\" src=\"https:\/\/sites.uel.br\/nac\/wp-content\/uploads\/2025\/07\/1-1.png\" class=\"slider-504 slide-751 msDefaultImage\" alt=\"\" rel=\"\" title=\"1\" srcset=\"https:\/\/sites.uel.br\/nac\/wp-content\/uploads\/2025\/07\/1-1.png 1181w, https:\/\/sites.uel.br\/nac\/wp-content\/uploads\/2025\/07\/1-1-300x300.png 300w, https:\/\/sites.uel.br\/nac\/wp-content\/uploads\/2025\/07\/1-1-1024x1024.png 1024w, https:\/\/sites.uel.br\/nac\/wp-content\/uploads\/2025\/07\/1-1-150x150.png 150w, https:\/\/sites.uel.br\/nac\/wp-content\/uploads\/2025\/07\/1-1-768x768.png 768w\" sizes=\"auto, (max-width: 1181px) 100vw, 1181px\" \/><\/a><\/li>\n                <li style=\"display: none; width: 100%;\" class=\"slide-752 ms-image \" aria-roledescription=\"slide\" data-date=\"2025-07-15 15:26:39\"><a href=\"https:\/\/sites.uel.br\/nac\/suporte\/orientacoes-de-estudo\/\" target=\"_self\" aria-label=\"View Slide Details\" class=\"metaslider_image_link\"><img loading=\"lazy\" decoding=\"async\" width=\"1181\" height=\"1181\" src=\"https:\/\/sites.uel.br\/nac\/wp-content\/uploads\/2025\/07\/2-4.png\" class=\"slider-504 slide-752 msDefaultImage\" alt=\"\" rel=\"\" title=\"2\" srcset=\"https:\/\/sites.uel.br\/nac\/wp-content\/uploads\/2025\/07\/2-4.png 1181w, https:\/\/sites.uel.br\/nac\/wp-content\/uploads\/2025\/07\/2-4-300x300.png 300w, https:\/\/sites.uel.br\/nac\/wp-content\/uploads\/2025\/07\/2-4-1024x1024.png 1024w, https:\/\/sites.uel.br\/nac\/wp-content\/uploads\/2025\/07\/2-4-150x150.png 150w, https:\/\/sites.uel.br\/nac\/wp-content\/uploads\/2025\/07\/2-4-768x768.png 768w\" sizes=\"auto, (max-width: 1181px) 100vw, 1181px\" \/><\/a><\/li>\n                <li style=\"display: none; width: 100%;\" class=\"slide-753 ms-image \" aria-roledescription=\"slide\" data-date=\"2025-07-15 15:26:39\"><a href=\"https:\/\/sites.uel.br\/nac\/apresentacao\/duvidas-frequentes\/\" target=\"_self\" aria-label=\"View Slide Details\" class=\"metaslider_image_link\"><img loading=\"lazy\" decoding=\"async\" width=\"1181\" height=\"1181\" src=\"https:\/\/sites.uel.br\/nac\/wp-content\/uploads\/2025\/07\/3-4.png\" class=\"slider-504 slide-753 msDefaultImage\" alt=\"\" rel=\"\" title=\"3\" srcset=\"https:\/\/sites.uel.br\/nac\/wp-content\/uploads\/2025\/07\/3-4.png 1181w, https:\/\/sites.uel.br\/nac\/wp-content\/uploads\/2025\/07\/3-4-300x300.png 300w, https:\/\/sites.uel.br\/nac\/wp-content\/uploads\/2025\/07\/3-4-1024x1024.png 1024w, https:\/\/sites.uel.br\/nac\/wp-content\/uploads\/2025\/07\/3-4-150x150.png 150w, https:\/\/sites.uel.br\/nac\/wp-content\/uploads\/2025\/07\/3-4-768x768.png 768w\" sizes=\"auto, (max-width: 1181px) 100vw, 1181px\" \/><\/a><\/li>\n                <li style=\"display: none; width: 100%;\" class=\"slide-756 ms-image \" aria-roledescription=\"slide\" data-date=\"2025-07-15 15:26:39\"><a href=\"https:\/\/sites.uel.br\/nac\/suporte\/requerimentos\/\" target=\"_self\" aria-label=\"View Slide Details\" class=\"metaslider_image_link\"><img loading=\"lazy\" decoding=\"async\" width=\"1181\" height=\"1181\" src=\"https:\/\/sites.uel.br\/nac\/wp-content\/uploads\/2025\/07\/6-2.png\" class=\"slider-504 slide-756 msDefaultImage\" alt=\"\" rel=\"\" title=\"6\" srcset=\"https:\/\/sites.uel.br\/nac\/wp-content\/uploads\/2025\/07\/6-2.png 1181w, https:\/\/sites.uel.br\/nac\/wp-content\/uploads\/2025\/07\/6-2-300x300.png 300w, https:\/\/sites.uel.br\/nac\/wp-content\/uploads\/2025\/07\/6-2-1024x1024.png 1024w, https:\/\/sites.uel.br\/nac\/wp-content\/uploads\/2025\/07\/6-2-150x150.png 150w, https:\/\/sites.uel.br\/nac\/wp-content\/uploads\/2025\/07\/6-2-768x768.png 768w\" sizes=\"auto, (max-width: 1181px) 100vw, 1181px\" \/><\/a><\/li>\n                <li style=\"display: none; width: 100%;\" class=\"slide-754 ms-image \" aria-roledescription=\"slide\" data-date=\"2025-07-15 15:26:39\"><a href=\"https:\/\/sites.uel.br\/nac\/informacao\/simbolos\/\" target=\"_self\" aria-label=\"View Slide Details\" class=\"metaslider_image_link\"><img loading=\"lazy\" decoding=\"async\" width=\"1181\" height=\"1181\" src=\"https:\/\/sites.uel.br\/nac\/wp-content\/uploads\/2025\/07\/4-2.png\" class=\"slider-504 slide-754 msDefaultImage\" alt=\"\" rel=\"\" title=\"4\" srcset=\"https:\/\/sites.uel.br\/nac\/wp-content\/uploads\/2025\/07\/4-2.png 1181w, https:\/\/sites.uel.br\/nac\/wp-content\/uploads\/2025\/07\/4-2-300x300.png 300w, https:\/\/sites.uel.br\/nac\/wp-content\/uploads\/2025\/07\/4-2-1024x1024.png 1024w, https:\/\/sites.uel.br\/nac\/wp-content\/uploads\/2025\/07\/4-2-150x150.png 150w, https:\/\/sites.uel.br\/nac\/wp-content\/uploads\/2025\/07\/4-2-768x768.png 768w\" sizes=\"auto, (max-width: 1181px) 100vw, 1181px\" \/><\/a><\/li>\n                <li style=\"display: none; width: 100%;\" class=\"slide-755 ms-image \" aria-roledescription=\"slide\" data-date=\"2025-07-15 15:26:39\"><a href=\"https:\/\/sites.uel.br\/nac\/suporte\/tecnologia-assistiva\/\" target=\"_self\" aria-label=\"View Slide Details\" class=\"metaslider_image_link\"><img loading=\"lazy\" decoding=\"async\" width=\"1181\" height=\"1181\" src=\"https:\/\/sites.uel.br\/nac\/wp-content\/uploads\/2025\/07\/5-2.png\" class=\"slider-504 slide-755 msDefaultImage\" alt=\"\" rel=\"\" title=\"5\" srcset=\"https:\/\/sites.uel.br\/nac\/wp-content\/uploads\/2025\/07\/5-2.png 1181w, https:\/\/sites.uel.br\/nac\/wp-content\/uploads\/2025\/07\/5-2-300x300.png 300w, https:\/\/sites.uel.br\/nac\/wp-content\/uploads\/2025\/07\/5-2-1024x1024.png 1024w, https:\/\/sites.uel.br\/nac\/wp-content\/uploads\/2025\/07\/5-2-150x150.png 150w, https:\/\/sites.uel.br\/nac\/wp-content\/uploads\/2025\/07\/5-2-768x768.png 768w\" sizes=\"auto, (max-width: 1181px) 100vw, 1181px\" \/><\/a><\/li>\n                <li style=\"display: none; width: 100%;\" class=\"slide-757 ms-image \" aria-roledescription=\"slide\" data-date=\"2025-07-15 15:26:39\"><a href=\"https:\/\/sites.uel.br\/nac\/suporte\/orientacoes-aos-docentes\/\" target=\"_self\" aria-label=\"View Slide Details\" class=\"metaslider_image_link\"><img loading=\"lazy\" decoding=\"async\" width=\"1181\" height=\"1181\" src=\"https:\/\/sites.uel.br\/nac\/wp-content\/uploads\/2025\/07\/7.png\" class=\"slider-504 slide-757 msDefaultImage\" alt=\"\" rel=\"\" title=\"7\" srcset=\"https:\/\/sites.uel.br\/nac\/wp-content\/uploads\/2025\/07\/7.png 1181w, https:\/\/sites.uel.br\/nac\/wp-content\/uploads\/2025\/07\/7-300x300.png 300w, https:\/\/sites.uel.br\/nac\/wp-content\/uploads\/2025\/07\/7-1024x1024.png 1024w, https:\/\/sites.uel.br\/nac\/wp-content\/uploads\/2025\/07\/7-150x150.png 150w, https:\/\/sites.uel.br\/nac\/wp-content\/uploads\/2025\/07\/7-768x768.png 768w\" sizes=\"auto, (max-width: 1181px) 100vw, 1181px\" \/><\/a><\/li>\n                <li style=\"display: none; width: 100%;\" class=\"slide-758 ms-image \" aria-roledescription=\"slide\" data-date=\"2025-07-15 15:26:40\"><a href=\"https:\/\/sites.uel.br\/nac\/suporte\/formacao-continuada\/\" target=\"_self\" aria-label=\"View Slide Details\" class=\"metaslider_image_link\"><img loading=\"lazy\" decoding=\"async\" width=\"1181\" height=\"1181\" src=\"https:\/\/sites.uel.br\/nac\/wp-content\/uploads\/2025\/07\/8-2.png\" class=\"slider-504 slide-758 msDefaultImage\" alt=\"\" rel=\"\" title=\"8\" srcset=\"https:\/\/sites.uel.br\/nac\/wp-content\/uploads\/2025\/07\/8-2.png 1181w, https:\/\/sites.uel.br\/nac\/wp-content\/uploads\/2025\/07\/8-2-300x300.png 300w, https:\/\/sites.uel.br\/nac\/wp-content\/uploads\/2025\/07\/8-2-1024x1024.png 1024w, https:\/\/sites.uel.br\/nac\/wp-content\/uploads\/2025\/07\/8-2-150x150.png 150w, https:\/\/sites.uel.br\/nac\/wp-content\/uploads\/2025\/07\/8-2-768x768.png 768w\" sizes=\"auto, (max-width: 1181px) 100vw, 1181px\" \/><\/a><\/li>\n            <\/ul>\n        <\/div>\n        \n    <\/div>\n<\/div>\n\n\n\n<p><\/p>\n<\/div>\n\n\n\n<div style=\"height:30px\" aria-hidden=\"true\" class=\"wp-block-spacer\"><\/div>\n\n\n\n<div class=\"wp-block-columns is-layout-flex wp-container-core-columns-is-layout-9d6595d7 wp-block-columns-is-layout-flex\">\n<div class=\"wp-block-column is-layout-flow wp-block-column-is-layout-flow\" style=\"flex-basis:66.66%\">\n<div class=\"wp-block-uel-card\">\n<h3 class=\"wp-block-heading\">NOT\u00cdCIAS<\/h3>\n\n\n\n                <div class=\"feed-noticias-perobal alm-listing alm-ajax alm-has-transition\" id=\"feed-noticias-perobal-nac\"><a class=\"noticia-padrao d-flex flex-column flex-md-row align-items-start\" href=\"https:\/\/operobal.uel.br\/ultimas\/2026\/03\/27\/uel-participa-da-vi-feira-da-saude-na-zona-sul-com-atendimentos-gratuitos\/\">\n                                                    <img decoding=\"async\" class=\"lazy entered loaded\" src=\"https:\/\/operobal.uel.br\/wp-content\/uploads\/2026\/03\/vacinacao-campanhas-feira-da-Saude-neutra-Emerson-Dias_NCom-1.jpg\"\/>    \n                                                    <article class=\"ml-0 ml-md-4 corpo-noticia-padrao\">\n                                                        <p class=\"antetitulo mb-0\">Comunidade<\/p>\n                                                        <p class=\"titulo mb-2\">UEL participa da VI Feira da Sa\u00fade na Zona Sul com atendimentos gratuitos<\/p>\n                                                        <p class=\"descricao\">Evento busca conscientizar e fortalecer a integra\u00e7\u00e3o entre os servi\u00e7os prestados \u00e0 comunidade por diferentes institui\u00e7\u00f5es.<\/p>\n                                                    <\/article>\n                                                <\/a><hr class=\"mt-4 mb-4 d-none d-md-block\"><a class=\"noticia-padrao d-flex flex-column flex-md-row align-items-start\" href=\"https:\/\/operobal.uel.br\/prograd\/2026\/03\/04\/nac-recebe-ingressantes-com-deficiencia-com-roda-de-conversa-e-tour-pela-uel\/\">\n                                                    <img decoding=\"async\" class=\"lazy entered loaded\" src=\"https:\/\/operobal.uel.br\/wp-content\/uploads\/2026\/03\/apresentacao-NAC.jpg\"\/>    \n                                                    <article class=\"ml-0 ml-md-4 corpo-noticia-padrao\">\n                                                        <p class=\"antetitulo mb-0\">Acessibilidade<\/p>\n                                                        <p class=\"titulo mb-2\">NAC recebe ingressantes com defici\u00eancia com roda de conversa e tour pela UEL<\/p>\n                                                        <p class=\"descricao\">Equipe do NAC elencou servi\u00e7os de apoio ofertados e veteranos compartilharam experi\u00eancias com os novos alunos<\/p>\n                                                    <\/article>\n                                                <\/a><hr class=\"mt-4 mb-4 d-none d-md-block\"><a class=\"noticia-padrao d-flex flex-column flex-md-row align-items-start\" href=\"https:\/\/operobal.uel.br\/ultimas\/2026\/02\/23\/eventos-e-acoes-especiais-recebem-ingressantes-da-uel-em-2026\/\">\n                                                    <img decoding=\"async\" class=\"lazy entered loaded\" src=\"https:\/\/operobal.uel.br\/wp-content\/uploads\/2026\/02\/Semana-de-Recepcao-aos-Ingressantes-4.png\"\/>    \n                                                    <article class=\"ml-0 ml-md-4 corpo-noticia-padrao\">\n                                                        <p class=\"antetitulo mb-0\">Calouros 2026<\/p>\n                                                        <p class=\"titulo mb-2\">Eventos e a\u00e7\u00f5es especiais recebem ingressantes da UEL em 2026<\/p>\n                                                        <p class=\"descricao\">A\u00e7\u00f5es e eventos programados pelos colegiados para a Semana de Recep\u00e7\u00e3o (SER UEL) 2026 movimentam a agenda dos novos alunos da institui\u00e7\u00e3o. <\/p>\n                                                    <\/article>\n                                                <\/a><hr class=\"mt-4 mb-4 d-none d-md-block\"><a class=\"noticia-padrao d-flex flex-column flex-md-row align-items-start\" href=\"https:\/\/operobal.uel.br\/servico\/2026\/02\/06\/nac-oferta-recepcao-aos-ingressantes-com-deficiencia-e-orientacoes-aos-seus-professores\/\">\n                                                    <img decoding=\"async\" class=\"lazy entered loaded\" src=\"https:\/\/operobal.uel.br\/wp-content\/uploads\/2026\/02\/Ingrid-Ausec-e-Marli-Guimaraes-creditos-Andre-Ridao-e1770376444977.jpg\"\/>    \n                                                    <article class=\"ml-0 ml-md-4 corpo-noticia-padrao\">\n                                                        <p class=\"antetitulo mb-0\">Acessibilidade<\/p>\n                                                        <p class=\"titulo mb-2\">NAC oferta recep\u00e7\u00e3o aos ingressantes com defici\u00eancia e orienta\u00e7\u00f5es aos seus professores<\/p>\n                                                        <p class=\"descricao\">O N\u00facleo de Acessibilidade (NAC\/UEL) vai promover atividades em prepara\u00e7\u00e3o para as boas-vindas aos ingressantes com defici\u00eancia.<\/p>\n                                                    <\/article>\n                                                <\/a><hr class=\"mt-4 mb-4 d-none d-md-block\"><a class=\"noticia-padrao d-flex flex-column flex-md-row align-items-start\" href=\"https:\/\/operobal.uel.br\/ensino\/2025\/08\/21\/seminario-debate-inclusao-do-ensino-superior\/\">\n                                                    <img decoding=\"async\" class=\"lazy entered loaded\" src=\"https:\/\/operobal.uel.br\/wp-content\/uploads\/2025\/08\/VI-SIES-seminario-sobre-inclusao-no-ensino-superior-1.jpg\"\/>    \n                                                    <article class=\"ml-0 ml-md-4 corpo-noticia-padrao\">\n                                                        <p class=\"antetitulo mb-0\">Acessibilidade<\/p>\n                                                        <p class=\"titulo mb-2\">Semin\u00e1rio debate inclus\u00e3o do Ensino Superior<\/p>\n                                                        <p class=\"descricao\">O &nbsp;N\u00facleo de Acessibilidade da UEL (NAC) promove, nos dias 25 e 26 de setembro, no Anfiteatro do CESA, a sexta edi\u00e7\u00e3o do Semin\u00e1rio Sobre Inclus\u00e3o no Ensino Superior (VI SIES). Aberto a todos os interessados o evento tem como objetivo analisar as pr\u00e1ticas de inclus\u00e3o de estudantes com defici\u00eancia no Ensino Superior, considerando desafios, [&hellip;]<\/p>\n                                                    <\/article>\n                                                <\/a><\/div><button id=\"feed-noticias-perobal-load-morenac\" type=\"button\" class=\"feed-noticias-button\" data-endpoint=\"https:\/\/operobal.uel.br\/wp-json\/wp-perobal\/v1\/posts\/tags\/nac?numberposts=50\" data-ppp=\"5\" data-pages=\"5\">Leia mais<\/button><\/div>\n<\/div>\n\n\n\n<div class=\"wp-block-column is-layout-flow wp-block-column-is-layout-flow\" style=\"flex-basis:33.33%\">\n<div class=\"wp-block-buttons is-content-justification-center is-layout-flex wp-container-core-buttons-is-layout-16018d1d wp-block-buttons-is-layout-flex\">\n<div class=\"wp-block-button has-custom-width wp-block-button__width-100 is-style-fill\"><a class=\"wp-block-button__link has-cinza-claro-color has-verde-escuro-background-color has-text-color has-background has-link-color has-text-align-center wp-element-button\" href=\"https:\/\/sites.uel.br\/prograd\/\" style=\"border-radius:0px\">Pr\u00f3-Reitoria de Gradua\u00e7\u00e3o &#8211; PROGRAD<\/a><\/div>\n\n\n\n<div class=\"wp-block-button has-custom-width wp-block-button__width-100 is-style-fill\"><a class=\"wp-block-button__link has-cinza-claro-color has-verde-escuro-background-color has-text-color has-background has-link-color has-text-align-center wp-element-button\" href=\"https:\/\/sistemas.uel.br\/portaldoestudante\" style=\"border-radius:0px\">Portal do Estudante<\/a><\/div>\n\n\n\n<div class=\"wp-block-button has-custom-width wp-block-button__width-100 is-style-fill\"><a class=\"wp-block-button__link has-cinza-claro-color has-verde-escuro-background-color has-text-color has-background has-link-color has-text-align-center wp-element-button\" href=\"https:\/\/sistemas.uel.br\/portaldodocente\/index\" style=\"border-radius:0px\">Portal do Docente<\/a><\/div>\n<\/div>\n\n\n\n<p><br><br><a href=\"http:\/\/www.uel.br\/nac\/\" target=\"_blank\" rel=\"noreferrer noopener\"><\/a><br><a href=\"https:\/\/sites.uel.br\/prograd\/gepe-grupo-de-estudos-de-praticas-em-ensino\/\"><\/a><br><a href=\"https:\/\/sites.uel.br\/prograd\/pibid\"><\/a><br><a href=\"https:\/\/sites.uel.br\/prograd\/residencia-pedagogica\/\"><\/a><br><a href=\"https:\/\/sites.uel.br\/prograd\/pfee\/\"><\/a><br><a href=\"http:\/\/www.uel.br\/eventos\/proensino\" target=\"_blank\" rel=\"noreferrer noopener\"><\/a><br><a href=\"https:\/\/sites.uel.br\/prograd\/guia-academico\/\" target=\"_blank\" rel=\"noreferrer noopener\"><\/a><br><a href=\"https:\/\/operobal.uel.br\/tag\/uel-contra-o-racismo\/\" target=\"_blank\" rel=\"noreferrer noopener\"><\/a><\/p>\n<\/div>\n<\/div>\n\n\n\n<div style=\"height:30px\" aria-hidden=\"true\" class=\"wp-block-spacer\"><\/div>\n\n\n\n<h3 class=\"wp-block-heading\">CONHE\u00c7A O NAC<\/h3>\n\n\n\n<div class=\"wp-block-columns is-layout-flex wp-container-core-columns-is-layout-9d6595d7 wp-block-columns-is-layout-flex\">\n<div class=\"wp-block-column is-layout-flow wp-block-column-is-layout-flow\">\n<figure class=\"wp-block-embed is-type-video is-provider-youtube wp-block-embed-youtube wp-embed-aspect-16-9 wp-has-aspect-ratio\"><div class=\"wp-block-embed__wrapper\">\n<iframe loading=\"lazy\" title=\"APRESENTA\u00c7\u00c3O DO NAC\" width=\"500\" height=\"281\" src=\"https:\/\/www.youtube.com\/embed\/SHDoDmPgfYA?feature=oembed\" frameborder=\"0\" allow=\"accelerometer; autoplay; clipboard-write; encrypted-media; gyroscope; picture-in-picture; web-share\" referrerpolicy=\"strict-origin-when-cross-origin\" allowfullscreen><\/iframe>\n<\/div><\/figure>\n<\/div>\n\n\n\n<div class=\"wp-block-column is-layout-flow wp-block-column-is-layout-flow\">\n<figure class=\"wp-block-embed is-type-video is-provider-youtube wp-block-embed-youtube wp-embed-aspect-16-9 wp-has-aspect-ratio\"><div class=\"wp-block-embed__wrapper\">\n<iframe loading=\"lazy\" title=\"TEA e Universidade\" width=\"500\" height=\"281\" src=\"https:\/\/www.youtube.com\/embed\/GtQUrZb93wA?feature=oembed\" frameborder=\"0\" allow=\"accelerometer; autoplay; clipboard-write; encrypted-media; gyroscope; picture-in-picture; web-share\" referrerpolicy=\"strict-origin-when-cross-origin\" allowfullscreen><\/iframe>\n<\/div><\/figure>\n<\/div>\n<\/div>\n","protected":false},"excerpt":{"rendered":"<p>CONHE\u00c7A O NAC<\/p>\n","protected":false},"author":10,"featured_media":0,"parent":0,"menu_order":0,"comment_status":"closed","ping_status":"closed","template":"","meta":{"_acf_changed":false,"_themeisle_gutenberg_block_has_review":false,"footnotes":""},"class_list":["post-322","page","type-page","status-publish","hentry"],"acf":[],"_links":{"self":[{"href":"https:\/\/sites.uel.br\/nac\/wp-json\/wp\/v2\/pages\/322","targetHints":{"allow":["GET"]}}],"collection":[{"href":"https:\/\/sites.uel.br\/nac\/wp-json\/wp\/v2\/pages"}],"about":[{"href":"https:\/\/sites.uel.br\/nac\/wp-json\/wp\/v2\/types\/page"}],"author":[{"embeddable":true,"href":"https:\/\/sites.uel.br\/nac\/wp-json\/wp\/v2\/users\/10"}],"replies":[{"embeddable":true,"href":"https:\/\/sites.uel.br\/nac\/wp-json\/wp\/v2\/comments?post=322"}],"version-history":[{"count":21,"href":"https:\/\/sites.uel.br\/nac\/wp-json\/wp\/v2\/pages\/322\/revisions"}],"predecessor-version":[{"id":832,"href":"https:\/\/sites.uel.br\/nac\/wp-json\/wp\/v2\/pages\/322\/revisions\/832"}],"wp:attachment":[{"href":"https:\/\/sites.uel.br\/nac\/wp-json\/wp\/v2\/media?parent=322"}],"curies":[{"name":"wp","href":"https:\/\/api.w.org\/{rel}","templated":true}]}}