{"id":27,"date":"2025-07-03T17:12:22","date_gmt":"2025-07-03T20:12:22","guid":{"rendered":"https:\/\/sites.uel.br\/nac\/?page_id=27"},"modified":"2025-07-28T12:01:13","modified_gmt":"2025-07-28T15:01:13","slug":"legislacao-da-educacao-especial","status":"publish","type":"page","link":"https:\/\/sites.uel.br\/nac\/legislacao-e-normas\/legislacao-da-educacao-especial\/","title":{"rendered":"Legisla\u00e7\u00e3o da Educa\u00e7\u00e3o Especial"},"content":{"rendered":"\n<div style=\"height:30px\" aria-hidden=\"true\" class=\"wp-block-spacer\"><\/div>\n\n\n\n<div id=\"wp-block-themeisle-blocks-accordion-b01e3102\" class=\"wp-block-themeisle-blocks-accordion exclusive\">\n<details class=\"wp-block-themeisle-blocks-accordion-item\"><summary class=\"wp-block-themeisle-blocks-accordion-item__title\"><div><strong>Federal<\/strong><\/div><\/summary><div class=\"wp-block-themeisle-blocks-accordion-item__content\">\n<p><a href=\"https:\/\/www.planalto.gov.br\/ccivil_03\/_ato2019-2022\/2021\/lei\/L14126.htm\" target=\"_blank\" rel=\"noreferrer noopener\">Lei n\u00ba 14.126, de 22 de Mar\u00e7o de 2021<\/a> &#8211; Classifica a vis\u00e3o monocular como defici\u00eancia sensorial, do tipo visual.<\/p>\n\n\n\n<p><a href=\"http:\/\/www.planalto.gov.br\/ccivil_03\/_Ato2015-2018\/2015\/Lei\/L13146.htm\" target=\"_blank\" rel=\"noreferrer noopener\">Lei n\u00ba 13.146, de 6 de Julho de 2015<\/a> &#8211; Institui a Lei Brasileira de Inclus\u00e3o da Pessoa com Defici\u00eancia (Estatuto da Pessoa com Defici\u00eancia).<\/p>\n\n\n\n<p><a href=\"http:\/\/legislacao.planalto.gov.br\/legisla\/legislacao.nsf\/Viw_Identificacao\/DEC%206.949-2009?OpenDocument\" target=\"_blank\" rel=\"noreferrer noopener\">Decreto n\u00ba 6.949, de 25 de Agosto de 2009<\/a> &#8211; Promulga a Conven\u00e7\u00e3o Internacional sobre os Direitos das Pessoas com Defici\u00eancia e seu Protocolo Facultativo, assinados em Nova York, em 30 de mar\u00e7o de 2007.<\/p>\n\n\n\n<p><a href=\"http:\/\/portal.mec.gov.br\/seesp\/arquivos\/pdf\/lei9394_ldbn2.pdf\" target=\"_blank\" rel=\"noreferrer noopener\">Lei n\u00ba 9.394, de 20 de Dezembro de 1996<\/a> \u2013 Lei de Diretrizes e Bases da Educa\u00e7\u00e3o Nacional &#8211; 1996 &#8211; Cap\u00edtulo V &#8211; da Educa\u00e7\u00e3o Especial.<\/p>\n<\/div><\/details>\n\n\n\n<details class=\"wp-block-themeisle-blocks-accordion-item\"><summary class=\"wp-block-themeisle-blocks-accordion-item__title\"><div><strong>Estadual<\/strong><\/div><\/summary><div class=\"wp-block-themeisle-blocks-accordion-item__content\">\n<p><a href=\"https:\/\/www.legislacao.pr.gov.br\/legislacao\/pesquisarAto.do?action=exibir&amp;codAto=243728&amp;indice=1&amp;totalRegistros=1&amp;dt=7.5.2021.9.31.32.36\" target=\"_blank\" rel=\"noreferrer noopener\">Lei n\u00ba 20.443, de 17 de Dezembro de 2020<\/a> &#8211; Disp\u00f5e sobre o ingresso de pessoas portadoras de defici\u00eancia nas institui\u00e7\u00f5es estaduais de educa\u00e7\u00e3o superior e institui\u00e7\u00f5es estaduais de ensino t\u00e9cnico.<\/p>\n\n\n\n<p><a href=\"https:\/\/www.legislacao.pr.gov.br\/legislacao\/pesquisarAto.do?action=exibir&amp;codAto=139152&amp;codItemAto=845717\" target=\"_blank\" rel=\"noreferrer noopener\">Lei n\u00ba 18.419, de 07 de Janeiro de 2015<\/a> &#8211; Estabelece o Estatuto da Pessoa com Defici\u00eancia do Estado do Paran\u00e1.<\/p>\n<\/div><\/details>\n\n\n\n<details class=\"wp-block-themeisle-blocks-accordion-item\"><summary class=\"wp-block-themeisle-blocks-accordion-item__title\"><div><strong>Resolu\u00e7\u00f5es<\/strong><\/div><\/summary><div class=\"wp-block-themeisle-blocks-accordion-item__content\">\n<p><a href=\"https:\/\/sites.uel.br\/nac\/wp-content\/uploads\/2025\/07\/Resolucao-Ensino-Superior-CMDPD-p_75-78.pdf\" target=\"_blank\" rel=\"noreferrer noopener\">Resolu\u00e7\u00e3o n\u00ba 02\/2019<\/a> &#8211; Orienta\u00e7\u00f5es para garantia do acesso e perman\u00eancia das pessoas com defici\u00eancia na educa\u00e7\u00e3o superior. (P\u00e1ginas 75 a 78).<\/p>\n\n\n\n<p><a href=\"https:\/\/www2.londrina.pr.gov.br\/jornaloficial\/images\/stories\/jornalOficial\/jornal_3805_assinado.pdf\" target=\"_blank\" rel=\"noreferrer noopener\">Resolu\u00e7\u00e3o n\u00ba 01\/2019<\/a> &#8211; Orienta\u00e7\u00f5es para Promo\u00e7\u00e3o de Acessibilidade em Eventos. (P\u00e1ginas 13 a 16).<\/p>\n<\/div><\/details>\n\n\n\n<details class=\"wp-block-themeisle-blocks-accordion-item\"><summary class=\"wp-block-themeisle-blocks-accordion-item__title\"><div><strong>Universidade Estadual de Londrina<\/strong><\/div><\/summary><div class=\"wp-block-themeisle-blocks-accordion-item__content\">\n<p><a href=\"https:\/\/sites.uel.br\/prograd\/wp-content\/uploads\/documentos\/resolucoes\/2023\/resolucao_17_23.pdf\">Resolu\u00e7\u00e3o CEPE n\u00ba 017\/2023<\/a> &#8211; Regulamenta procedimentos acad\u00eamicos e administrativos para os Cursos de Gradua\u00e7\u00e3o da Universidade Estadual de Londrina.<\/p>\n\n\n\n<p><a href=\"https:\/\/sites.uel.br\/nac\/wp-content\/uploads\/2025\/07\/79.pdf\" target=\"_blank\" rel=\"noreferrer noopener\">Resolu\u00e7\u00e3o CU\/CA n\u00b0 079\/2021<\/a> &#8211; Reformula a regulamenta\u00e7\u00e3o que disp\u00f5e sobre o NAC &#8211; N\u00facleo de acessibilidade da UEL.<\/p>\n\n\n\n<p><a href=\"https:\/\/sites.uel.br\/nac\/wp-content\/uploads\/2025\/07\/44.pdf\" target=\"_blank\" rel=\"noreferrer noopener\">Resolu\u00e7\u00e3o CEPE n\u00ba 044\/2021 <\/a>&#8211; Estabelece a reserva de vagas para pessoas com defici\u00eancia nos processos seletivos para ingresso nos cursos de Gradua\u00e7\u00e3o da UEL, como em cumprimento da Lei n\u00ba 20.443\/2020.<\/p>\n\n\n\n<p><a href=\"https:\/\/sites.uel.br\/nac\/wp-content\/uploads\/2025\/07\/44.pdf\" target=\"_blank\" rel=\"noreferrer noopener\">Resolu\u00e7\u00e3o CEPE n\u00b0 034\/2021<\/a> &#8211; Institui reserva de vagas para processos seletivos da P\u00f3s-Gradua\u00e7\u00e3o Stricto Sensu UEL.<\/p>\n<\/div><\/details>\n<\/div>\n\n\n\n<p><\/p>\n","protected":false},"excerpt":{"rendered":"","protected":false},"author":10,"featured_media":0,"parent":64,"menu_order":0,"comment_status":"closed","ping_status":"closed","template":"","meta":{"_acf_changed":false,"_themeisle_gutenberg_block_has_review":false,"footnotes":""},"class_list":["post-27","page","type-page","status-publish","hentry"],"acf":[],"_links":{"self":[{"href":"https:\/\/sites.uel.br\/nac\/wp-json\/wp\/v2\/pages\/27","targetHints":{"allow":["GET"]}}],"collection":[{"href":"https:\/\/sites.uel.br\/nac\/wp-json\/wp\/v2\/pages"}],"about":[{"href":"https:\/\/sites.uel.br\/nac\/wp-json\/wp\/v2\/types\/page"}],"author":[{"embeddable":true,"href":"https:\/\/sites.uel.br\/nac\/wp-json\/wp\/v2\/users\/10"}],"replies":[{"embeddable":true,"href":"https:\/\/sites.uel.br\/nac\/wp-json\/wp\/v2\/comments?post=27"}],"version-history":[{"count":17,"href":"https:\/\/sites.uel.br\/nac\/wp-json\/wp\/v2\/pages\/27\/revisions"}],"predecessor-version":[{"id":811,"href":"https:\/\/sites.uel.br\/nac\/wp-json\/wp\/v2\/pages\/27\/revisions\/811"}],"up":[{"embeddable":true,"href":"https:\/\/sites.uel.br\/nac\/wp-json\/wp\/v2\/pages\/64"}],"wp:attachment":[{"href":"https:\/\/sites.uel.br\/nac\/wp-json\/wp\/v2\/media?parent=27"}],"curies":[{"name":"wp","href":"https:\/\/api.w.org\/{rel}","templated":true}]}}