{"id":253,"date":"2025-07-08T15:02:01","date_gmt":"2025-07-08T18:02:01","guid":{"rendered":"https:\/\/sites.uel.br\/nac\/?page_id=253"},"modified":"2026-02-04T16:25:38","modified_gmt":"2026-02-04T19:25:38","slug":"requerimentos","status":"publish","type":"page","link":"https:\/\/sites.uel.br\/nac\/suporte\/requerimentos\/","title":{"rendered":"Requerimentos"},"content":{"rendered":"\n<div style=\"height:38px\" aria-hidden=\"true\" class=\"wp-block-spacer\"><\/div>\n\n\n\n<h3 class=\"wp-block-heading\">Para Estudantes<\/h3>\n\n\n\n<ul class=\"wp-block-list\">\n<li><strong>Solicitar Atendimento Educacional Especializado:<\/strong><br>Preencher o formul\u00e1rio e aguardar o contato da equipe para agendamento e\/ou orienta\u00e7\u00f5es. <a href=\"https:\/\/forms.gle\/96CdD2GFM59vzafUA\">Clique aqui<\/a>.<\/li>\n<\/ul>\n\n\n\n<div style=\"height:40px\" aria-hidden=\"true\" class=\"wp-block-spacer\"><\/div>\n\n\n\n<h3 class=\"wp-block-heading\">Para Docentes<\/h3>\n\n\n\n<ul class=\"wp-block-list\">\n<li><strong>Avalia\u00e7\u00e3o com Suporte (ledor, transcritor ou int\u00e9rprete de Libras<\/strong>), <a href=\"https:\/\/forms.gle\/EBqC8Y6XZaWFGWtQ8\" data-type=\"link\" data-id=\"https:\/\/forms.gle\/EBqC8Y6XZaWFGWtQ8\">clique aqui<\/a>.<\/li>\n\n\n\n<li>Para solicitar <strong>Profissional de Apoio\/ Cuidador<\/strong> ou <strong>Int\u00e9rprete de Libras<\/strong> em atividades extracurriculares, enviar email para <a href=\"mailto:nac.apoio@uel.br\">nac.apoios@uel.br<\/a> com informa\u00e7\u00f5es sobre o tipo da atividade, data, local, docente respons\u00e1vel e aluno que ser\u00e1 atendido &#8211; com anteced\u00eancia m\u00ednima de 15 dias para organiza\u00e7\u00e3o.<\/li>\n<\/ul>\n\n\n\n<p>Para saber mais sobre a atua\u00e7\u00e3o dos profissionais de apoio\/ cuidadores, <a href=\"https:\/\/sites.uel.br\/nac\/profissionais-de-apoio\/\" data-type=\"link\" data-id=\"https:\/\/sites.uel.br\/nac\/profissionais-de-apoio\/\">clique aqui<\/a> e sobre Int\u00e9rprete de Libras, <a href=\"https:\/\/sites.uel.br\/nac\/informacao\/uel-em-libras\/\" data-type=\"link\" data-id=\"https:\/\/sites.uel.br\/nac\/informacao\/uel-em-libras\/\">clique aqui<\/a>.<\/p>\n\n\n\n<p><\/p>\n","protected":false},"excerpt":{"rendered":"<p>Para Estudantes Para Docentes Para saber mais sobre a atua\u00e7\u00e3o dos profissionais de apoio\/ cuidadores, clique aqui e sobre Int\u00e9rprete de Libras, clique aqui.<\/p>\n","protected":false},"author":10,"featured_media":0,"parent":41,"menu_order":0,"comment_status":"closed","ping_status":"closed","template":"","meta":{"_acf_changed":false,"_themeisle_gutenberg_block_has_review":false,"footnotes":""},"class_list":["post-253","page","type-page","status-publish","hentry"],"acf":[],"_links":{"self":[{"href":"https:\/\/sites.uel.br\/nac\/wp-json\/wp\/v2\/pages\/253","targetHints":{"allow":["GET"]}}],"collection":[{"href":"https:\/\/sites.uel.br\/nac\/wp-json\/wp\/v2\/pages"}],"about":[{"href":"https:\/\/sites.uel.br\/nac\/wp-json\/wp\/v2\/types\/page"}],"author":[{"embeddable":true,"href":"https:\/\/sites.uel.br\/nac\/wp-json\/wp\/v2\/users\/10"}],"replies":[{"embeddable":true,"href":"https:\/\/sites.uel.br\/nac\/wp-json\/wp\/v2\/comments?post=253"}],"version-history":[{"count":58,"href":"https:\/\/sites.uel.br\/nac\/wp-json\/wp\/v2\/pages\/253\/revisions"}],"predecessor-version":[{"id":1045,"href":"https:\/\/sites.uel.br\/nac\/wp-json\/wp\/v2\/pages\/253\/revisions\/1045"}],"up":[{"embeddable":true,"href":"https:\/\/sites.uel.br\/nac\/wp-json\/wp\/v2\/pages\/41"}],"wp:attachment":[{"href":"https:\/\/sites.uel.br\/nac\/wp-json\/wp\/v2\/media?parent=253"}],"curies":[{"name":"wp","href":"https:\/\/api.w.org\/{rel}","templated":true}]}}