{"id":226,"date":"2025-07-08T11:46:51","date_gmt":"2025-07-08T14:46:51","guid":{"rendered":"https:\/\/sites.uel.br\/nac\/?page_id=226"},"modified":"2025-08-29T13:14:32","modified_gmt":"2025-08-29T16:14:32","slug":"tecnologia-assistiva","status":"publish","type":"page","link":"https:\/\/sites.uel.br\/nac\/suporte\/tecnologia-assistiva\/","title":{"rendered":"Tecnologia Assistiva"},"content":{"rendered":"\n<div style=\"height:30px\" aria-hidden=\"true\" class=\"wp-block-spacer\"><\/div>\n\n\n\n<p>De acordo com O Comit\u00ea de Ajudas T\u00e9cnicas &#8211; CAT, TECNOLOGIA&nbsp;ASSISTIVA&nbsp;\u201c\u00e9 uma \u00e1rea do conhecimento, de caracter\u00edstica interdisciplinar, que engloba produtos, recursos, metodologias, estrat\u00e9gias, pr\u00e1ticas e servi\u00e7os que objetivam promover a funcionalidade, relacionada \u00e0 atividade e participa\u00e7\u00e3o de pessoas com defici\u00eancia, incapacidades ou mobilidade reduzida, visando sua autonomia, independ\u00eancia, qualidade de vida e inclus\u00e3o social\u201d<\/p>\n\n\n\n<p>Assim, recursos de tecnologia assistiva na educa\u00e7\u00e3o s\u00e3o<strong>&nbsp;dispositivos, equipamentos, instrumentos, tecnologia e&nbsp;<em>softwares<\/em>, especialmente produzidos e dispon\u00edveis, para prevenir, compensar, monitorar, aliviar ou neutralizar qualquer impedimento, limita\u00e7\u00e3o da atividade e restri\u00e7\u00e3o na participa\u00e7\u00e3o de estudantes com defici\u00eancia ao conte\u00fado acad\u00eamico.<\/strong><\/p>\n\n\n\n<div style=\"height:30px\" aria-hidden=\"true\" class=\"wp-block-spacer\"><\/div>\n\n\n\n<h3 class=\"wp-block-heading\"><\/h3>\n\n\n\n<p>Atendendo ao&nbsp; Decreto n\u00ba 7611 de 17 de novembro de 2011, a UEL j\u00e1 disponibilizou um conjunto de equipamentos para melhor atender aos alunos com necessidades na \u00e1rea de defici\u00eancia visual.<\/p>\n\n\n\n<p>A Biblioteca Central e de Humanas foram contempladas com conjunto de equipamentos composto por: mesa, lupa, TV e&nbsp; mouse, al\u00e9m de monitores 22\u00b4 e teclados em Braille.<\/p>\n\n\n\n<p>Os Monitores de 22&#8242; polegadas est\u00e3o nas Biblioteca Central e Setorial de Humanas e teclados em braile tamb\u00e9m foram disponibilizados em todas as unidades do Sistema de Bibliotecas: Biblioteca Central, Biblioteca Setorial de Ci\u00eancias Humanas, Biblioteca Setorial da Cl\u00ednica Odontol\u00f3gica, Biblioteca Setorial do Centro de Ci\u00eancias da Sa\u00fade, Biblioteca Setorial do Escrit\u00f3rio de Aplica\u00e7\u00e3o Assuntos Jur\u00eddicos.<\/p>\n\n\n\n<div style=\"height:30px\" aria-hidden=\"true\" class=\"wp-block-spacer\"><\/div>\n\n\n\n<h3 class=\"wp-block-heading\"><strong>Recusrso de Tecnologia Assistiva gerenciados pelo NAC &#8211; dispon\u00edveis para a comunidade interna (mais informa\u00e7\u00f5es, entrar em contato com a equipe):<\/strong><br>&nbsp;<\/h3>\n\n\n\n<p>&#8211;&nbsp;<strong>M\u00e1quina de escrever em Braille<\/strong>: material espec\u00edfico para escrita do c\u00f3digo Braille; dispon\u00edvel para uso no local;<\/p>\n\n\n\n<p>&#8211;&nbsp;<strong>CD player port\u00e1til e Gravadores de voz<\/strong>: permitem a&nbsp; grava\u00e7\u00e3o e reprodu\u00e7\u00e3o de material gravado em CD e MP3; dispon\u00edveis para emprestimo.<\/p>\n\n\n\n<p>&#8211;&nbsp;<strong>Computador com software espec\u00edfico &#8211; sintetizador de voz)<\/strong>: NVDA:&nbsp;este software serve para orientar a pessoa com defici\u00eancia visual na utiliza\u00e7\u00e3o do micro, &#8220;falando&#8221; tudo o que est\u00e1 sendo executado e mostrado no monitor; orienta\u00e7\u00e3o para instala\u00e7\u00e3o em computadores individuais.<\/p>\n\n\n\n<p>Saiba como baixar o NVDA:&nbsp;<a href=\"https:\/\/www.acessibilidadeemfoco.com\/downloads\/leitor.html\" target=\"_blank\" rel=\"noreferrer noopener\">https:\/\/www.acessibilidadeemfoco.com\/downloads\/leitor.html<\/a><\/p>\n\n\n\n<p>&#8211;&nbsp;<strong>Impressora Braille<\/strong>: \u00e9 uma impressora capaz de imprimir em caracteres do c\u00f3digo Braille (pontos em relevo) a partir de um documento existente no micro computador; dispon\u00edvel para uso no local;<\/p>\n\n\n\n<p>&#8211;\u00a0<strong>TV 42&#8242; e aparelho de DVD<\/strong>: dispon\u00edvel para uso dos estudantes acompanhados pelo NAC, serve para a reprodu\u00e7\u00e3o de filmes\/ v\u00eddeos ou imagens relacionados as atividades acad\u00eamicas. dispon\u00edvel para uso no local.<\/p>\n","protected":false},"excerpt":{"rendered":"<p>De acordo com O Comit\u00ea de Ajudas T\u00e9cnicas &#8211; CAT, TECNOLOGIA&nbsp;ASSISTIVA&nbsp;\u201c\u00e9 uma \u00e1rea do conhecimento, de caracter\u00edstica interdisciplinar, que engloba produtos, recursos, metodologias, estrat\u00e9gias, pr\u00e1ticas e servi\u00e7os que objetivam promover a funcionalidade, relacionada \u00e0 atividade e participa\u00e7\u00e3o de pessoas com defici\u00eancia, incapacidades ou mobilidade reduzida, visando sua autonomia, independ\u00eancia, qualidade de vida e inclus\u00e3o social\u201d [&hellip;]<\/p>\n","protected":false},"author":10,"featured_media":0,"parent":41,"menu_order":0,"comment_status":"closed","ping_status":"closed","template":"","meta":{"_acf_changed":false,"_themeisle_gutenberg_block_has_review":false,"footnotes":""},"class_list":["post-226","page","type-page","status-publish","hentry"],"acf":[],"_links":{"self":[{"href":"https:\/\/sites.uel.br\/nac\/wp-json\/wp\/v2\/pages\/226","targetHints":{"allow":["GET"]}}],"collection":[{"href":"https:\/\/sites.uel.br\/nac\/wp-json\/wp\/v2\/pages"}],"about":[{"href":"https:\/\/sites.uel.br\/nac\/wp-json\/wp\/v2\/types\/page"}],"author":[{"embeddable":true,"href":"https:\/\/sites.uel.br\/nac\/wp-json\/wp\/v2\/users\/10"}],"replies":[{"embeddable":true,"href":"https:\/\/sites.uel.br\/nac\/wp-json\/wp\/v2\/comments?post=226"}],"version-history":[{"count":8,"href":"https:\/\/sites.uel.br\/nac\/wp-json\/wp\/v2\/pages\/226\/revisions"}],"predecessor-version":[{"id":906,"href":"https:\/\/sites.uel.br\/nac\/wp-json\/wp\/v2\/pages\/226\/revisions\/906"}],"up":[{"embeddable":true,"href":"https:\/\/sites.uel.br\/nac\/wp-json\/wp\/v2\/pages\/41"}],"wp:attachment":[{"href":"https:\/\/sites.uel.br\/nac\/wp-json\/wp\/v2\/media?parent=226"}],"curies":[{"name":"wp","href":"https:\/\/api.w.org\/{rel}","templated":true}]}}