{"id":158,"date":"2025-07-07T14:27:05","date_gmt":"2025-07-07T17:27:05","guid":{"rendered":"https:\/\/sites.uel.br\/nac\/?page_id=158"},"modified":"2026-04-08T11:07:03","modified_gmt":"2026-04-08T14:07:03","slug":"atividades-de-apoio","status":"publish","type":"page","link":"https:\/\/sites.uel.br\/nac\/suporte\/atividades-de-apoio\/","title":{"rendered":"Atividades  de Apoio"},"content":{"rendered":"\n<p><strong>Programa de Apoio ao Universit\u00e1rio <strong>p\u00fablico-alvo da Educa\u00e7\u00e3o Especial&nbsp;<\/strong> na UEL: Desenvolvendo Compet\u00eancias Sociais e Acad\u00eamicas<\/strong><\/p>\n\n\n\n<div style=\"height:38px\" aria-hidden=\"true\" class=\"wp-block-spacer\"><\/div>\n\n\n\n<p>Atividade de boas vindas (2026) aos ingressantes com defici\u00eancia<\/p>\n\n\n\n<p><strong>Roda de Conversa: Entrei na faculdade, e agora?<\/strong><\/p>\n\n\n\n<p><strong>27\/02\/2026 &#8211; 14h \u00e0s 17h<\/strong><\/p>\n\n\n\n<p>Encontro de boas vindas com a equipe do NAC, orienta\u00e7\u00f5es sobre o in\u00edcio das aulas e um bate papo com estudantes com defici\u00eancia veteranos para compartilhamento de experi\u00eancias. Ao final, faremos uma visita guiada pelo Campus. Aos estudantes da \u00e1rea da sa\u00fade que participarem do encontro,ser\u00e1 combinado uma outra data para visita ao CCS.<\/p>\n\n\n\n<p>Para participar do Encontro de Boas-Vindas, pedimos que confirme seu interesse preenchendo o&nbsp;Link para inscri\u00e7\u00e3o:&nbsp;<a href=\"http:\/\/www.uel.br\/eventos\/sigec\/?id=11564\" target=\"_blank\" rel=\"noreferrer noopener\"><\/a><a href=\"http:\/\/www.uel.br\/eventos\/sigec\/?id=11564\" target=\"_blank\" rel=\"noreferrer noopener\">http:\/\/www.uel.br\/eventos\/sigec\/?id=11564<\/a>. O local ser\u00e1 informado, por email, aos estudantes com matr\u00edcula inicial&nbsp; homologada pela reserva de vagas PCD ou que preencheram o requerimento.<\/p>\n\n\n\n<p>*Reportagem sobr o evento &#8211; <a href=\"https:\/\/www.instagram.com\/reel\/DVRfcu3jqhx\/?igsh=ZXBhOXY5OTNrb2Mx\" data-type=\"link\" data-id=\"https:\/\/www.instagram.com\/reel\/DVRfcu3jqhx\/?igsh=ZXBhOXY5OTNrb2Mx\">clique aqui<\/a>!<\/p>\n\n\n\n<div class=\"wp-block-uel-card\">\n<h3 class=\"wp-block-heading\"><strong>Atividades em grupo<\/strong><\/h3>\n\n\n\n<p><\/p>\n\n\n\n<p>Encontros coletivos para troca de experi\u00eancias e desenvolvimento de habilidades espec\u00edficas:<\/p>\n\n\n\n<p><strong>P\u00fablico-alvo:<\/strong> Estudantes da gradua\u00e7\u00e3o e da p\u00f3s-gradua\u00e7\u00e3o da UEL.<\/p>\n\n\n\n<div style=\"height:10px\" aria-hidden=\"true\" class=\"wp-block-spacer\"><\/div>\n\n\n\n<p><strong>1- InclusivaMente \u2013 Grupo de apoio para universit\u00e1rios com autismo (parceria com o Departamento de Psicologia Geral e An\u00e1lise do Comportamento\/ UEL)<\/strong><br>Mediado por estagi\u00e1rias do curso de Psicologia, para estudantes autistas da UEL, da gradua\u00e7\u00e3o ou p\u00f3s. O grupo ocorrer\u00e1 quinzenalmente \u00e0s quartas-feiras, de 12h45 \u00e0s 13h45. Para participar n\u00e3o \u00e9 preciso diagn\u00f3stico fechado de TEA. Inscri\u00e7\u00e3o para o grupo clique aqui: <a href=\"https:\/\/forms.gle\/2tuNh6D3bVvW6MoLA\">https:\/\/forms.gle\/2tuNh6D3bVvW6MoLA<\/a><\/p>\n\n\n\n<figure class=\"wp-block-gallery has-nested-images columns-default is-cropped wp-block-gallery-1 is-layout-flex wp-block-gallery-is-layout-flex\"><\/figure>\n\n\n\n<p><\/p>\n\n\n\n<p><strong>2 &#8211;<\/strong> <strong>Rodas tem\u00e1ticas para reflex\u00e3o e desenvolvimento de estrat\u00e9gias para lidar com o TDAH, Dislexia, Ansiedade e outras condi\u00e7\u00f5es que podem gerar dificuldades na aprendizagem<\/strong><br>Encontros mensais, 14h15 \u2013 15h30, conforme cronograma abaixo:&nbsp;&nbsp;\u200b<\/p>\n\n\n\n<p><strong>Inscri\u00e7\u00f5es: <a href=\"https:\/\/forms.gle\/EYZe46S4AbQFWSBw8\">https:\/\/forms.gle\/EYZe46S4AbQFWSBw8<\/a><\/strong><\/p>\n\n\n\n<figure class=\"wp-block-table\"><table class=\"has-fixed-layout\"><tbody><tr><td><strong>2026\/1<\/strong><\/td><td><strong>2026\/2<\/strong><\/td><\/tr><tr><td>23 de abril &#8211;&nbsp; Facilitadores de aprendizagem: a import\u00e2ncia dos h\u00e1bitos de estudo.<\/td><td>27 de agosto &#8211; Trabalho de conclus\u00e3o do curso: por onde come\u00e7ar?<\/td><\/tr><tr><td>28 de maio &#8211; Procrastina\u00e7\u00e3o nos estudos; ideias para gerenciar o tempo<\/td><td>24 de setembro &#8211; Est\u00e1gios e Interc\u00e2mbios para pessoas com defici\u00eancia: orienta\u00e7\u00f5es e possibilidades.  <br>*21\/09 &#8211; Dia Nacional de Luta da Pessoa com Defici\u00eancia<\/td><\/tr><tr><td>25 de junho &#8211; Leitura, an\u00e1lise e interpreta\u00e7\u00e3o de textos acad\u00eamicos<\/td><td>29 de outubro &#8211; Compreendendo a ansiedade em situa\u00e7\u00f5es de avalia\u00e7\u00e3o acad\u00eamica (com a equipe do InclusivaMente)  <br>*10\/10 &#8211; Dia Mundial da Sa\u00fade Mental&nbsp;<\/td><\/tr><\/tbody><\/table><\/figure>\n\n\n\n<p><\/p>\n\n\n\n<p>Temas j\u00e1 trabalhados, consulte <a href=\"https:\/\/sites.uel.br\/nac\/suporte\/orientacoes-de-estudo\/\">ORIENTA\u00c7\u00d5ES DE ESTUDO<\/a>.<\/p>\n\n\n\n<p><\/p>\n\n\n\n<p>3 &#8211; <strong>Grupo de Mentoria para Altas Habilidades\/Superdota\u00e7\u00e3o (AHSD)<\/strong><br>Espa\u00e7o de troca e orienta\u00e7\u00e3o para estudantes da UEL com <strong>Altas Habilidades\/Superdota\u00e7\u00e3o<\/strong>. Nos encontros conversamos sobre experi\u00eancias na universidade, desafios acad\u00eamicos, estrat\u00e9gias de estudo, organiza\u00e7\u00e3o e desenvolvimento de potencialidades. Os encontros s\u00e3o mensais (toda 2\u00aa segunda-feira do m\u00eas),  das 14h15 \u00e0s 15h15.<\/p>\n\n\n\n<ul class=\"wp-block-list\">\n<li><strong>Informa\u00e7\u00f5es e inscri\u00e7\u00f5es : <\/strong>entre em contato pelo email&nbsp;<strong><a>nac.pedagogico@uel.br<\/a><\/strong> que enviaremos as orienta\u00e7\u00f5es. N\u00e3o \u00e9 necess\u00e1rio comprova\u00e7\u00e3o da condi\u00e7\u00e3o.<\/li>\n\n\n\n<li><strong>Local: <\/strong>&nbsp;Informado diretamente aos interessados.<\/li>\n<\/ul>\n<\/div>\n\n\n\n<h2 class=\"wp-block-heading\"><strong>Atividades Individuais &#8211; apenas para estudantes cadastrados no NAC (p\u00fablico da educa\u00e7\u00e3o especial conforme <\/strong>Decreto n\u00ba 12.686\/2025).<\/h2>\n\n\n\n<div style=\"height:10px\" aria-hidden=\"true\" class=\"wp-block-spacer\"><\/div>\n\n\n\n<div class=\"wp-block-group is-vertical is-layout-flex wp-container-core-group-is-layout-8cf370e7 wp-block-group-is-layout-flex\">\n<p><\/p>\n<\/div>\n\n\n\n<div class=\"wp-block-group is-vertical is-layout-flex wp-container-core-group-is-layout-8cf370e7 wp-block-group-is-layout-flex\">\n<p><strong>1- Mentoria Especializada <\/strong><\/p>\n\n\n\n<p>Encontro destinado ao di\u00e1logo e ao acompanhamento nas demandas acad\u00eamicas. Nesse espa\u00e7o, o estudante pode conversar sobre estrat\u00e9gias de estudo e receber apoio na organiza\u00e7\u00e3o da rotina, na compreens\u00e3o e leitura de textos, bem como na realiza\u00e7\u00e3o de atividades acad\u00eamicas.<br>Tamb\u00e9m \u00e9 poss\u00edvel discutir situa\u00e7\u00f5es relacionadas \u00e0 comunica\u00e7\u00e3o com docentes e colegas, participa\u00e7\u00e3o em trabalhos em grupo, est\u00e1gios ou outras experi\u00eancias da vida universit\u00e1ria.<br>Traga suas d\u00favidas e viv\u00eancias: juntos, buscaremos caminhos e estrat\u00e9gias que possam favorecer sua trajet\u00f3ria acad\u00eamica.<\/p>\n\n\n\n<p><\/p>\n<\/div>\n\n\n\n<p><strong>2. Orienta\u00e7\u00e3o para Mobilidade e Independ\u00eancia no Campus<br><\/strong>Encontros individuais para estudantes cegos, com baixa vis\u00e3o ou dificuldades espaciais para aprender sobre o deslocamento no campus e t\u00e9cnicas de mobilidade.<\/p>\n\n\n\n<div class=\"wp-block-group is-vertical is-layout-flex wp-container-core-group-is-layout-8cf370e7 wp-block-group-is-layout-flex\">\n<p><\/p>\n\n\n\n<div style=\"height:0px\" aria-hidden=\"true\" class=\"wp-block-spacer wp-container-content-728072c3\"><\/div>\n<\/div>\n\n\n\n<p><strong>Informa\u00e7\u00f5es e <\/strong>a<strong>gendamento: <\/strong>enviar e-mail para <strong><a>nac.pedagogico@uel.br<\/a><\/strong>&nbsp;e encontramos um hor\u00e1rio para voc\u00ea.<\/p>\n\n\n\n<p>Se voc\u00ea n\u00e3o \u00e9 cadastrado, favor preencher <a href=\"https:\/\/sites.uel.br\/nac\/suporte\/requerimentos\/\" data-type=\"link\" data-id=\"https:\/\/sites.uel.br\/nac\/suporte\/requerimentos\/\">REQUERIMENTO DE EDUCA\u00c7\u00c3O ESPECIAL<\/a> e aguardar contato da equipe para agendamento de avalia\u00e7\u00e3o de suas necessidades educacionais espec\u00edficas. <\/p>\n\n\n\n<div style=\"height:20px\" aria-hidden=\"true\" class=\"wp-block-spacer\"><\/div>\n","protected":false},"excerpt":{"rendered":"<p>Programa de Apoio ao Universit\u00e1rio p\u00fablico-alvo da Educa\u00e7\u00e3o Especial&nbsp; na UEL: Desenvolvendo Compet\u00eancias Sociais e Acad\u00eamicas Atividade de boas vindas (2026) aos ingressantes com defici\u00eancia Roda de Conversa: Entrei na faculdade, e agora? 27\/02\/2026 &#8211; 14h \u00e0s 17h Encontro de boas vindas com a equipe do NAC, orienta\u00e7\u00f5es sobre o in\u00edcio das aulas e um [&hellip;]<\/p>\n","protected":false},"author":10,"featured_media":0,"parent":41,"menu_order":0,"comment_status":"closed","ping_status":"closed","template":"","meta":{"_acf_changed":false,"_themeisle_gutenberg_block_has_review":false,"footnotes":""},"class_list":["post-158","page","type-page","status-publish","hentry"],"acf":[],"_links":{"self":[{"href":"https:\/\/sites.uel.br\/nac\/wp-json\/wp\/v2\/pages\/158","targetHints":{"allow":["GET"]}}],"collection":[{"href":"https:\/\/sites.uel.br\/nac\/wp-json\/wp\/v2\/pages"}],"about":[{"href":"https:\/\/sites.uel.br\/nac\/wp-json\/wp\/v2\/types\/page"}],"author":[{"embeddable":true,"href":"https:\/\/sites.uel.br\/nac\/wp-json\/wp\/v2\/users\/10"}],"replies":[{"embeddable":true,"href":"https:\/\/sites.uel.br\/nac\/wp-json\/wp\/v2\/comments?post=158"}],"version-history":[{"count":118,"href":"https:\/\/sites.uel.br\/nac\/wp-json\/wp\/v2\/pages\/158\/revisions"}],"predecessor-version":[{"id":1115,"href":"https:\/\/sites.uel.br\/nac\/wp-json\/wp\/v2\/pages\/158\/revisions\/1115"}],"up":[{"embeddable":true,"href":"https:\/\/sites.uel.br\/nac\/wp-json\/wp\/v2\/pages\/41"}],"wp:attachment":[{"href":"https:\/\/sites.uel.br\/nac\/wp-json\/wp\/v2\/media?parent=158"}],"curies":[{"name":"wp","href":"https:\/\/api.w.org\/{rel}","templated":true}]}}