{"id":141,"date":"2025-07-07T13:44:15","date_gmt":"2025-07-07T16:44:15","guid":{"rendered":"https:\/\/sites.uel.br\/nac\/?page_id=141"},"modified":"2025-12-17T14:38:09","modified_gmt":"2025-12-17T17:38:09","slug":"duvidas-frequentes","status":"publish","type":"page","link":"https:\/\/sites.uel.br\/nac\/apresentacao\/duvidas-frequentes\/","title":{"rendered":"D\u00favidas Frequentes"},"content":{"rendered":"\n<div style=\"height:38px\" aria-hidden=\"true\" class=\"wp-block-spacer\"><\/div>\n\n\n\n<div id=\"wp-block-themeisle-blocks-accordion-cdabcc90\" class=\"wp-block-themeisle-blocks-accordion exclusive\">\n<details class=\"wp-block-themeisle-blocks-accordion-item\"><summary class=\"wp-block-themeisle-blocks-accordion-item__title\"><div><strong>O NAC oferece tratamentos ou faz diagn\u00f3sticos?<\/strong><\/div><\/summary><div class=\"wp-block-themeisle-blocks-accordion-item__content\">\n<p>N\u00e3o. O N\u00facleo de Acessibilidade (NAC) n\u00e3o realiza diagn\u00f3sticos nem oferece tratamentos de sa\u00fade.<\/p>\n\n\n\n<p>Para atendimento na UEL, entre em contato com:<br><a href=\"https:\/\/www.uel.br\/hu\/dasc\/\"><strong>DASC<\/strong> \u2013 Divis\u00e3o de Assist\u00eancia \u00e0 Sa\u00fade da Comunidade<\/a><br><a href=\"https:\/\/sites.uel.br\/sebec\/\"><strong>SEBEC<\/strong> \u2013 Servi\u00e7o de Bem Estar \u00e0 Comunidade<\/a><br><strong><a href=\"https:\/\/www.uel.br\/clinicapsicologica\/\">Cl\u00ednica Psicol\u00f3gica da UEL<\/a><\/strong><\/p>\n<\/div><\/details>\n\n\n\n<details class=\"wp-block-themeisle-blocks-accordion-item\"><summary class=\"wp-block-themeisle-blocks-accordion-item__title\"><div><strong>Como saber se minha condi\u00e7\u00e3o se enquadra como defici\u00eancia para a reserva de vagas nos cursos de Gradua\u00e7\u00e3o ou P\u00f3s-Gradua\u00e7\u00e3o?<\/strong><\/div><\/summary><div class=\"wp-block-themeisle-blocks-accordion-item__content\">\n<p>Consulte o edital vigente, que traz as orienta\u00e7\u00f5es legais. Em caso de d\u00favidas, converse com seu m\u00e9dico, respons\u00e1vel pelo diagn\u00f3stico e elabora\u00e7\u00e3o do laudo.<\/p>\n\n\n\n<p>O laudo deve indicar os comprometimentos que se enquadram como defici\u00eancia e ser\u00e1 analisado por uma banca espec\u00edfica.<\/p>\n<\/div><\/details>\n\n\n\n<details class=\"wp-block-themeisle-blocks-accordion-item\"><summary class=\"wp-block-themeisle-blocks-accordion-item__title\"><div><strong>Outros p\u00fablicos da educa\u00e7\u00e3o especial (como altas habilidades\/superdota\u00e7\u00e3o, TDAH ou dislexia) podem concorrer na reserva de vagas?<\/strong><\/div><\/summary><div class=\"wp-block-themeisle-blocks-accordion-item__content\">\n<p>N\u00e3o. As vagas reservadas s\u00e3o exclusivas para pessoas com defici\u00eancia, conforme a legisla\u00e7\u00e3o vigente nas esferas Federal e Estadual.<\/p>\n<\/div><\/details>\n\n\n\n<details class=\"wp-block-themeisle-blocks-accordion-item\"><summary class=\"wp-block-themeisle-blocks-accordion-item__title\"><div><strong>Depois que eu entrar na UEL, terei suporte para minha defici\u00eancia?<\/strong><\/div><\/summary><div class=\"wp-block-themeisle-blocks-accordion-item__content\">\n<p>Sim. Ap\u00f3s a matr\u00edcula na Gradua\u00e7\u00e3o ou P\u00f3s-Gradua\u00e7\u00e3o, o estudante pode requerer acompanhamento educacional especializado diretamente junto \u00e0 equipe do NAC. Voc\u00ea pode, ainda, participar de todas as atividades de apoio ofertadas conforme sua disponibilidade ou interesse, por meio de nossso <a href=\"https:\/\/sites.uel.br\/nac\/suporte\/atividades-de-apoio\/\" data-type=\"link\" data-id=\"https:\/\/sites.uel.br\/nac\/suporte\/atividades-de-apoio\/\">Programa de Apoio<\/a>. <\/p>\n\n\n\n<p>Ser\u00e1 agendada uma avalia\u00e7\u00e3o inicial das necessidades educacionais e, se necess\u00e1rio, elaborado um Plano Educacional Individualizado.<\/p>\n\n\n\n<p>O NAC tamb\u00e9m oferece <a href=\"https:\/\/sites.uel.br\/nac\/suporte\/formacao-continuada\/\" data-type=\"link\" data-id=\"https:\/\/sites.uel.br\/nac\/suporte\/formacao-continuada\/\">forma\u00e7\u00f5es para docentes<\/a> e atividades de apoio aos estudantes, dispon\u00edveis em cronogramas anuais no site do NAC.<\/p>\n<\/div><\/details>\n\n\n\n<details class=\"wp-block-themeisle-blocks-accordion-item\"><summary class=\"wp-block-themeisle-blocks-accordion-item__title\"><div><strong>Posso ter acesso aos materiais das capacita\u00e7\u00f5es oferecidas pelo NAC?<\/strong><\/div><\/summary><div class=\"wp-block-themeisle-blocks-accordion-item__content\">\n<p>Docentes da UEL podem solicitar acesso aos materiais (inclusive dos anos anteriores) diretamente com a equipe. Ser\u00e1 dispoonibilizado o link de acesso ao Classroom do NAC (via email institucional).<\/p>\n<\/div><\/details>\n<\/div>\n\n\n\n<p><\/p>\n","protected":false},"excerpt":{"rendered":"","protected":false},"author":10,"featured_media":0,"parent":272,"menu_order":0,"comment_status":"closed","ping_status":"closed","template":"","meta":{"_acf_changed":false,"_themeisle_gutenberg_block_has_review":false,"footnotes":""},"class_list":["post-141","page","type-page","status-publish","hentry"],"acf":[],"_links":{"self":[{"href":"https:\/\/sites.uel.br\/nac\/wp-json\/wp\/v2\/pages\/141","targetHints":{"allow":["GET"]}}],"collection":[{"href":"https:\/\/sites.uel.br\/nac\/wp-json\/wp\/v2\/pages"}],"about":[{"href":"https:\/\/sites.uel.br\/nac\/wp-json\/wp\/v2\/types\/page"}],"author":[{"embeddable":true,"href":"https:\/\/sites.uel.br\/nac\/wp-json\/wp\/v2\/users\/10"}],"replies":[{"embeddable":true,"href":"https:\/\/sites.uel.br\/nac\/wp-json\/wp\/v2\/comments?post=141"}],"version-history":[{"count":32,"href":"https:\/\/sites.uel.br\/nac\/wp-json\/wp\/v2\/pages\/141\/revisions"}],"predecessor-version":[{"id":993,"href":"https:\/\/sites.uel.br\/nac\/wp-json\/wp\/v2\/pages\/141\/revisions\/993"}],"up":[{"embeddable":true,"href":"https:\/\/sites.uel.br\/nac\/wp-json\/wp\/v2\/pages\/272"}],"wp:attachment":[{"href":"https:\/\/sites.uel.br\/nac\/wp-json\/wp\/v2\/media?parent=141"}],"curies":[{"name":"wp","href":"https:\/\/api.w.org\/{rel}","templated":true}]}}