{"id":127,"date":"2025-07-04T17:53:44","date_gmt":"2025-07-04T20:53:44","guid":{"rendered":"https:\/\/sites.uel.br\/nac\/?page_id=127"},"modified":"2026-03-05T10:20:35","modified_gmt":"2026-03-05T13:20:35","slug":"populacao-atendida","status":"publish","type":"page","link":"https:\/\/sites.uel.br\/nac\/apresentacao\/populacao-atendida\/","title":{"rendered":"Popula\u00e7\u00e3o Atendida"},"content":{"rendered":"\n<div style=\"height:38px\" aria-hidden=\"true\" class=\"wp-block-spacer\"><\/div>\n\n\n\n<p>A educa\u00e7\u00e3o especial \u00e9 uma modalidade de ensino abrangente que perpassa todos os n\u00edveis educacionais, desde a educa\u00e7\u00e3o infantil at\u00e9 o ensino superior.&nbsp;<\/p>\n\n\n\n<p>De acordo com o&nbsp;<strong>Decreto n\u00ba 12.686\/2025<\/strong>, que instituiu a&nbsp;<strong><a href=\"https:\/\/www.planalto.gov.br\/ccivil_03\/_ato2023-2026\/2025\/decreto\/d12686.htm\" data-type=\"link\" data-id=\"https:\/\/www.planalto.gov.br\/ccivil_03\/_ato2023-2026\/2025\/decreto\/d12686.htm\">Pol\u00edtica Nacional de Educa\u00e7\u00e3o Especial Inclusiva&nbsp;(PNEEI)<\/a><\/strong>, o p\u00fablico-alvo inclui estudantes com:<\/p>\n\n\n\n<ul class=\"wp-block-list\">\n<li>Defici\u00eancias: f\u00edsica, auditiva, visual e intelectual (entre outras conforme modelo de avalia\u00e7\u00e3o biopsicossocial)<\/li>\n\n\n\n<li>Transtornos do Espectro Autista (TEA).<\/li>\n\n\n\n<li>Altas Habilidades\/Superdota\u00e7\u00e3o (AHS).<\/li>\n<\/ul>\n\n\n\n<p>Para receber o acompanhamento, os estudantes devem declarar sua condi\u00e7\u00e3o no momento da matr\u00edcula, renova\u00e7\u00e3o ou ingressar pelo sistema de reserva de vagas para pessoas com defici\u00eancia.<\/p>\n\n\n\n<p>Tamb\u00e9m podem receber acompanhamento educacional especializado estudantes com diagn\u00f3stico de transtornos funcionais espec\u00edficos ou condi\u00e7\u00f5es de sa\u00fade, em tratamento, que demandam recursos de tecnologia assistiva e metodologias diferenciadas.&nbsp;<\/p>\n\n\n\n<p>Al\u00e9m do acompanhamento individual, todos os estudantes t\u00eam \u00e0 disposi\u00e7\u00e3o <a href=\"https:\/\/sites.uel.br\/nac\/suporte\/atividades-de-apoio\/\">atividades de apoio<\/a> educacional complementar (individual e\/ ou em grupo); Aos <em>docentes<\/em>, s\u00e3o ofertados assessoria individual na efetiva\u00e7\u00e3o dos suportes de acessibilidade recomendados e atividades de <a href=\"https:\/\/sites.uel.br\/nac\/suporte\/formacao-continuada\/\">forma\u00e7\u00e3o continuada<\/a>&nbsp; entre outras atividades organizadas ao longo do semestre letivo.<\/p>\n\n\n\n<div style=\"height:25px\" aria-hidden=\"true\" class=\"wp-block-spacer\"><\/div>\n\n\n\n<p class=\"has-text-align-center\"><strong>Censo da Educa\u00e7\u00e3o Especial UEL &#8211; Ano Letivo 2025:<\/strong><\/p>\n\n\n\n<p>O NAC trabalha por meio de <strong>autodeclara\u00e7\u00e3o da condi\u00e7\u00e3o<\/strong>. Os n\u00fameros abaixo, refletem apenas os&nbsp; estudantes p\u00fablico da educa\u00e7\u00e3o especial que fizeram o informe ao NAC.&nbsp;<br><\/p>\n\n\n\n<div class=\"wp-block-columns is-layout-flex wp-container-core-columns-is-layout-9d6595d7 wp-block-columns-is-layout-flex\">\n<div class=\"wp-block-column is-layout-flow wp-block-column-is-layout-flow\"><div class=\"wp-block-image\">\n<figure class=\"aligncenter\"><img loading=\"lazy\" decoding=\"async\" width=\"943\" height=\"583\" src=\"https:\/\/sites.uel.br\/nac\/wp-content\/uploads\/2026\/01\/2025.png\" alt=\"\" class=\"wp-image-1016\" srcset=\"https:\/\/sites.uel.br\/nac\/wp-content\/uploads\/2026\/01\/2025.png 943w, https:\/\/sites.uel.br\/nac\/wp-content\/uploads\/2026\/01\/2025-300x185.png 300w, https:\/\/sites.uel.br\/nac\/wp-content\/uploads\/2026\/01\/2025-768x475.png 768w\" sizes=\"auto, (max-width: 943px) 100vw, 943px\" \/><\/figure>\n<\/div>\n\n\n<p class=\"has-text-align-center has-small-font-size\"><strong>Fonte: <\/strong>Elabora\u00e7\u00e3o do NAC<\/p>\n\n\n\n<p><strong>Siglas:<\/strong><\/p>\n\n\n\n<figure class=\"wp-block-table is-style-stripes\"><table class=\"has-fixed-layout\"><tbody><tr><td>AHS &#8211; Altas Habilidades \/ Superdota\u00e7\u00e3o<\/td><\/tr><tr><td>BV &#8211; Baixa Vis\u00e3o<\/td><\/tr><tr><td>VM &#8211; Vis\u00e3o Monocular<\/td><\/tr><tr><td>DA &#8211; Defici\u00eancia Auditiva<\/td><\/tr><tr><td>DF &#8211; Defici\u00eancia F\u00edsica<\/td><\/tr><tr><td>TEA &#8211; Transtorno do Espectro Autista<\/td><\/tr><tr><td>DI &#8211; Defici\u00eancia Intelectual<\/td><\/tr><tr><td>DM &#8211; Defici\u00eancia M\u00faltipla<br>TFE &#8211; Transtornos Funcionais Espec\u00edficos (Dist\u00farbios de aprendizagem e TDAH)<br>SA\u00daDE &#8211; Tratamentos de Sa\u00fade em Andamento (com preju\u00edzo significativo para aprendizagem n\u00e3o atendidos pelos amparos regulares)<\/td><\/tr><tr><td>SURDEZ &#8211; Usu\u00e1rios de Libras<\/td><\/tr><tr><td>CEGUEIRA &#8211; Perda total ou capacidade muito reduzida de vis\u00e3o<\/td><\/tr><tr><td>OUTROS &#8211; Estudantes em an\u00e1lise &#8211; n\u00e3o s\u00e3o p\u00fablico da educa\u00e7ao especial; em analise para AEE.<\/td><\/tr><\/tbody><\/table><\/figure>\n\n\n\n<p><strong>Censo dos Anos Anteriores: <\/strong><\/p>\n\n\n\n<div data-wp-interactive=\"core\/file\" class=\"wp-block-file\"><object data-wp-bind--hidden=\"!state.hasPdfPreview\" hidden class=\"wp-block-file__embed\" data=\"https:\/\/sites.uel.br\/nac\/wp-content\/uploads\/2026\/03\/White-and-Black-Minimalist-Pitch-Deck-Presentation.pdf\" type=\"application\/pdf\" style=\"width:100%;height:600px\" aria-label=\"Incorporado de White and Black Minimalist Pitch Deck Presentation.\"><\/object><a id=\"wp-block-file--media-4d426c45-dfbf-4efc-b8c3-56b018ee3042\" href=\"https:\/\/sites.uel.br\/nac\/wp-content\/uploads\/2026\/03\/White-and-Black-Minimalist-Pitch-Deck-Presentation.pdf\">White and Black Minimalist Pitch Deck Presentation<\/a><a href=\"https:\/\/sites.uel.br\/nac\/wp-content\/uploads\/2026\/03\/White-and-Black-Minimalist-Pitch-Deck-Presentation.pdf\" class=\"wp-block-file__button wp-element-button\" download aria-describedby=\"wp-block-file--media-4d426c45-dfbf-4efc-b8c3-56b018ee3042\">Baixar<\/a><\/div>\n<\/div>\n<\/div>\n\n\n\n<div style=\"height:30px\" aria-hidden=\"true\" class=\"wp-block-spacer\"><\/div>\n\n\n\n<p><\/p>\n","protected":false},"excerpt":{"rendered":"<p>A educa\u00e7\u00e3o especial \u00e9 uma modalidade de ensino abrangente que perpassa todos os n\u00edveis educacionais, desde a educa\u00e7\u00e3o infantil at\u00e9 o ensino superior.&nbsp; De acordo com o&nbsp;Decreto n\u00ba 12.686\/2025, que instituiu a&nbsp;Pol\u00edtica Nacional de Educa\u00e7\u00e3o Especial Inclusiva&nbsp;(PNEEI), o p\u00fablico-alvo inclui estudantes com: Para receber o acompanhamento, os estudantes devem declarar sua condi\u00e7\u00e3o no momento da [&hellip;]<\/p>\n","protected":false},"author":10,"featured_media":0,"parent":272,"menu_order":0,"comment_status":"closed","ping_status":"closed","template":"","meta":{"_acf_changed":false,"_themeisle_gutenberg_block_has_review":false,"footnotes":""},"class_list":["post-127","page","type-page","status-publish","hentry"],"acf":[],"_links":{"self":[{"href":"https:\/\/sites.uel.br\/nac\/wp-json\/wp\/v2\/pages\/127","targetHints":{"allow":["GET"]}}],"collection":[{"href":"https:\/\/sites.uel.br\/nac\/wp-json\/wp\/v2\/pages"}],"about":[{"href":"https:\/\/sites.uel.br\/nac\/wp-json\/wp\/v2\/types\/page"}],"author":[{"embeddable":true,"href":"https:\/\/sites.uel.br\/nac\/wp-json\/wp\/v2\/users\/10"}],"replies":[{"embeddable":true,"href":"https:\/\/sites.uel.br\/nac\/wp-json\/wp\/v2\/comments?post=127"}],"version-history":[{"count":39,"href":"https:\/\/sites.uel.br\/nac\/wp-json\/wp\/v2\/pages\/127\/revisions"}],"predecessor-version":[{"id":1056,"href":"https:\/\/sites.uel.br\/nac\/wp-json\/wp\/v2\/pages\/127\/revisions\/1056"}],"up":[{"embeddable":true,"href":"https:\/\/sites.uel.br\/nac\/wp-json\/wp\/v2\/pages\/272"}],"wp:attachment":[{"href":"https:\/\/sites.uel.br\/nac\/wp-json\/wp\/v2\/media?parent=127"}],"curies":[{"name":"wp","href":"https:\/\/api.w.org\/{rel}","templated":true}]}}