{"id":17,"date":"2023-09-13T16:59:09","date_gmt":"2023-09-13T19:59:09","guid":{"rendered":"https:\/\/sites.uel.br\/museuanatomia\/?page_id=17"},"modified":"2023-09-26T16:01:49","modified_gmt":"2023-09-26T19:01:49","slug":"projetos","status":"publish","type":"page","link":"https:\/\/sites.uel.br\/museuanatomia\/projetos\/","title":{"rendered":"Projetos"},"content":{"rendered":"\n<p>Projeto: 02542 &#8211; PROGRAMA DO MUSEU DID\u00c1TICO PROFESSOR CARLOS DA COSTA BRANCO DE ATENDIMENTO \u00c0 SOCIEDADE: MUSEU DE ANATOMIA DA UEL.<br>Coordenador: Prof. Dr. Leandro Luis Martins (llmartins@uel.br)<\/p>\n\n\n\n<p>Projeto: 02563 &#8211; ORIENTA\u00c7\u00c3O E CESS\u00c3O DE PE\u00c7AS ANAT\u00d4MICAS DO DEPARTAMENTO DE ANATOMIA PARA PROFESSORES DO ENSINO M\u00c9DIO E FUNDAMENTAL<br>Coordenadora: Profa. Dra. C\u00e9lia Cristina Fornaziero<\/p>\n\n\n<p style=\"margin: 0cm\">Projeto: 13143 &#8211; AVALIA\u00c7\u00c3O DE VARIA\u00c7\u00c3O ANAT\u00d4MICA DO APARELHO LOCOMOTOR INTER- E INTRA-ESPEC\u00cdFICA NO ACERVO DE ANATOMIA ANIMAL E HUMANA DA UNIVERSIDADE ESTADUAL DE LONDRINA (UEL)<\/p>\n<p style=\"margin: 0cm\"><!-- \/wp:post-content --><!-- wp:paragraph --><\/p>\n<p style=\"margin: 0cm\">Coordenadora: Profa. Dra. Marna Eliana Sakalem\u00a0<\/p>\n<p style=\"margin: 0cm\"><!-- \/wp:paragraph --><\/p>\n<p><!-- \/wp:paragraph --><\/p>\n<p><!-- wp:paragraph --><\/p>\n<p>Projeto: 00837 &#8211; METODOLOGIAS DE ENSINO DA ANATOMIA HUMANA<br \/>Coordenadora: Profa. Dra. C\u00e9lia Cristina Fornaziero<\/p>\n<p><!-- \/wp:paragraph --><\/p>","protected":false},"excerpt":{"rendered":"<p>Projeto: 02542 &#8211; PROGRAMA DO MUSEU DID\u00c1TICO PROFESSOR CARLOS DA COSTA BRANCO DE ATENDIMENTO \u00c0 SOCIEDADE: MUSEU DE ANATOMIA DA UEL.Coordenador: Prof. Dr. Leandro Luis Martins (llmartins@uel.br) Projeto: 02563 &#8211; ORIENTA\u00c7\u00c3O E CESS\u00c3O DE PE\u00c7AS ANAT\u00d4MICAS DO DEPARTAMENTO DE ANATOMIA PARA PROFESSORES DO ENSINO M\u00c9DIO E FUNDAMENTALCoordenadora: Profa. Dra. C\u00e9lia Cristina Fornaziero Projeto: 13143 &#8211; [&hellip;]<\/p>\n","protected":false},"author":7,"featured_media":0,"parent":0,"menu_order":0,"comment_status":"closed","ping_status":"closed","template":"","meta":{"footnotes":""},"class_list":["post-17","page","type-page","status-publish","hentry"],"acf":[],"_links":{"self":[{"href":"https:\/\/sites.uel.br\/museuanatomia\/wp-json\/wp\/v2\/pages\/17","targetHints":{"allow":["GET"]}}],"collection":[{"href":"https:\/\/sites.uel.br\/museuanatomia\/wp-json\/wp\/v2\/pages"}],"about":[{"href":"https:\/\/sites.uel.br\/museuanatomia\/wp-json\/wp\/v2\/types\/page"}],"author":[{"embeddable":true,"href":"https:\/\/sites.uel.br\/museuanatomia\/wp-json\/wp\/v2\/users\/7"}],"replies":[{"embeddable":true,"href":"https:\/\/sites.uel.br\/museuanatomia\/wp-json\/wp\/v2\/comments?post=17"}],"version-history":[{"count":7,"href":"https:\/\/sites.uel.br\/museuanatomia\/wp-json\/wp\/v2\/pages\/17\/revisions"}],"predecessor-version":[{"id":141,"href":"https:\/\/sites.uel.br\/museuanatomia\/wp-json\/wp\/v2\/pages\/17\/revisions\/141"}],"wp:attachment":[{"href":"https:\/\/sites.uel.br\/museuanatomia\/wp-json\/wp\/v2\/media?parent=17"}],"curies":[{"name":"wp","href":"https:\/\/api.w.org\/{rel}","templated":true}]}}