{"id":888,"date":"2023-10-19T10:45:59","date_gmt":"2023-10-19T13:45:59","guid":{"rendered":"https:\/\/sites.uel.br\/museu\/?page_id=888"},"modified":"2025-07-06T16:21:24","modified_gmt":"2025-07-06T19:21:24","slug":"serie-estudos-patrimoniais","status":"publish","type":"page","link":"https:\/\/sites.uel.br\/museu\/serie-estudos-patrimoniais\/","title":{"rendered":"Estudos Patrimoniais Elisa Zanon"},"content":{"rendered":"\n<div data-wp-interactive=\"core\/file\" class=\"wp-block-file\"><object data-wp-bind--hidden=\"!state.hasPdfPreview\" hidden class=\"wp-block-file__embed\" data=\"https:\/\/sites.uel.br\/museu\/wp-content\/uploads\/2025\/06\/LIVRO-CAMINHAO-DE-BOMBEIROS.pdf\" type=\"application\/pdf\" style=\"width:100%;height:600px\" aria-label=\"Incorporado de LIVRO CAMINH\u00c3O DE BOMBEIROS.\"><\/object><a id=\"wp-block-file--media-0dc7189e-0ac0-4176-a3a6-108f5b5b6444\" href=\"https:\/\/sites.uel.br\/museu\/wp-content\/uploads\/2025\/06\/LIVRO-CAMINHAO-DE-BOMBEIROS.pdf\">LIVRO CAMINH\u00c3O DE BOMBEIROS<\/a><a href=\"https:\/\/sites.uel.br\/museu\/wp-content\/uploads\/2025\/06\/LIVRO-CAMINHAO-DE-BOMBEIROS.pdf\" class=\"wp-block-file__button wp-element-button\" download aria-describedby=\"wp-block-file--media-0dc7189e-0ac0-4176-a3a6-108f5b5b6444\">Baixar<\/a><\/div>\n\n\n\n<div data-wp-interactive=\"core\/file\" class=\"wp-block-file\"><object data-wp-bind--hidden=\"!state.hasPdfPreview\" hidden class=\"wp-block-file__embed\" data=\"https:\/\/sites.uel.br\/museu\/wp-content\/uploads\/2025\/06\/ESCOLA-DO-HEIMTAL.pdf\" type=\"application\/pdf\" style=\"width:100%;height:600px\" aria-label=\"Incorporado de ESCOLA DO HEIMTAL.\"><\/object><a id=\"wp-block-file--media-c880a246-a8cd-4326-af1a-47d322921028\" href=\"https:\/\/sites.uel.br\/museu\/wp-content\/uploads\/2025\/06\/ESCOLA-DO-HEIMTAL.pdf\">ESCOLA DO HEIMTAL<\/a><a href=\"https:\/\/sites.uel.br\/museu\/wp-content\/uploads\/2025\/06\/ESCOLA-DO-HEIMTAL.pdf\" class=\"wp-block-file__button wp-element-button\" download aria-describedby=\"wp-block-file--media-c880a246-a8cd-4326-af1a-47d322921028\">Baixar<\/a><\/div>\n\n\n\n<div data-wp-interactive=\"core\/file\" class=\"wp-block-file\"><object data-wp-bind--hidden=\"!state.hasPdfPreview\" hidden class=\"wp-block-file__embed\" data=\"https:\/\/sites.uel.br\/museu\/wp-content\/uploads\/2025\/07\/OSUEL.pdf\" type=\"application\/pdf\" style=\"width:100%;height:600px\" aria-label=\"Incorporado de OSUEL.\"><\/object><a id=\"wp-block-file--media-1898fe59-324b-499d-a6b7-f55cf5cbddb3\" href=\"https:\/\/sites.uel.br\/museu\/wp-content\/uploads\/2025\/07\/OSUEL.pdf\">OSUEL<\/a><a href=\"https:\/\/sites.uel.br\/museu\/wp-content\/uploads\/2025\/07\/OSUEL.pdf\" class=\"wp-block-file__button wp-element-button\" download aria-describedby=\"wp-block-file--media-1898fe59-324b-499d-a6b7-f55cf5cbddb3\">Baixar<\/a><\/div>\n\n\n\n<div data-wp-interactive=\"core\/file\" class=\"wp-block-file\"><object data-wp-bind--hidden=\"!state.hasPdfPreview\" hidden class=\"wp-block-file__embed\" data=\"https:\/\/sites.uel.br\/museu\/wp-content\/uploads\/2025\/07\/Antiga-Estacao-Ferroviaria-Museu-Historico-de-Londrina.pdf\" type=\"application\/pdf\" style=\"width:100%;height:600px\" aria-label=\"Incorporado de Antiga Esta\u00e7\u00e3o Ferrovi\u00e1ria - Museu Hist\u00f3rico de Londrina.\"><\/object><a id=\"wp-block-file--media-42515023-5344-431b-a791-9aefce7e0bda\" href=\"https:\/\/sites.uel.br\/museu\/wp-content\/uploads\/2025\/07\/Antiga-Estacao-Ferroviaria-Museu-Historico-de-Londrina.pdf\">Antiga Esta\u00e7\u00e3o Ferrovi\u00e1ria &#8211; Museu Hist\u00f3rico de Londrina<\/a><a href=\"https:\/\/sites.uel.br\/museu\/wp-content\/uploads\/2025\/07\/Antiga-Estacao-Ferroviaria-Museu-Historico-de-Londrina.pdf\" class=\"wp-block-file__button wp-element-button\" download aria-describedby=\"wp-block-file--media-42515023-5344-431b-a791-9aefce7e0bda\">Baixar<\/a><\/div>\n\n\n\n<div data-wp-interactive=\"core\/file\" class=\"wp-block-file\"><object data-wp-bind--hidden=\"!state.hasPdfPreview\" hidden class=\"wp-block-file__embed\" data=\"https:\/\/sites.uel.br\/museu\/wp-content\/uploads\/2025\/06\/GINASIO-MORINGAO.pdf\" type=\"application\/pdf\" style=\"width:100%;height:600px\" aria-label=\"Incorporado de GIN\u00c1SIO MORING\u00c3O.\"><\/object><a id=\"wp-block-file--media-bb106c40-e68f-4d6e-9b07-3bfddc2f90e2\" href=\"https:\/\/sites.uel.br\/museu\/wp-content\/uploads\/2025\/06\/GINASIO-MORINGAO.pdf\">GIN\u00c1SIO MORING\u00c3O<\/a><a href=\"https:\/\/sites.uel.br\/museu\/wp-content\/uploads\/2025\/06\/GINASIO-MORINGAO.pdf\" class=\"wp-block-file__button wp-element-button\" download aria-describedby=\"wp-block-file--media-bb106c40-e68f-4d6e-9b07-3bfddc2f90e2\">Baixar<\/a><\/div>\n\n\n\n<div data-wp-interactive=\"core\/file\" class=\"wp-block-file\"><object data-wp-bind--hidden=\"!state.hasPdfPreview\" hidden class=\"wp-block-file__embed\" data=\"https:\/\/sites.uel.br\/museu\/wp-content\/uploads\/2025\/07\/FEIRA-DO-CINCAO.pdf\" type=\"application\/pdf\" style=\"width:100%;height:600px\" aria-label=\"Incorporado de FEIRA DO CINC\u00c3O.\"><\/object><a id=\"wp-block-file--media-32579d3c-068f-470e-9b69-a3256ea61428\" href=\"https:\/\/sites.uel.br\/museu\/wp-content\/uploads\/2025\/07\/FEIRA-DO-CINCAO.pdf\">FEIRA DO CINC\u00c3O<\/a><a href=\"https:\/\/sites.uel.br\/museu\/wp-content\/uploads\/2025\/07\/FEIRA-DO-CINCAO.pdf\" class=\"wp-block-file__button wp-element-button\" download aria-describedby=\"wp-block-file--media-32579d3c-068f-470e-9b69-a3256ea61428\">Baixar<\/a><\/div>\n\n\n\n<div data-wp-interactive=\"core\/file\" class=\"wp-block-file\"><object data-wp-bind--hidden=\"!state.hasPdfPreview\" hidden class=\"wp-block-file__embed\" data=\"https:\/\/sites.uel.br\/museu\/wp-content\/uploads\/2025\/06\/LIVRO-PATRIMONIO-TRES-BOCCAS.pdf\" type=\"application\/pdf\" style=\"width:100%;height:600px\" aria-label=\"Incorporado de LIVRO PATRIM\u00d4NIO TR\u00caS BOCCAS.\"><\/object><a id=\"wp-block-file--media-4a774c2f-394d-4e4d-91d2-174a76415524\" href=\"https:\/\/sites.uel.br\/museu\/wp-content\/uploads\/2025\/06\/LIVRO-PATRIMONIO-TRES-BOCCAS.pdf\">LIVRO PATRIM\u00d4NIO TR\u00caS BOCCAS<\/a><a href=\"https:\/\/sites.uel.br\/museu\/wp-content\/uploads\/2025\/06\/LIVRO-PATRIMONIO-TRES-BOCCAS.pdf\" class=\"wp-block-file__button wp-element-button\" download aria-describedby=\"wp-block-file--media-4a774c2f-394d-4e4d-91d2-174a76415524\">Baixar<\/a><\/div>\n\n\n\n<div data-wp-interactive=\"core\/file\" class=\"wp-block-file\"><object data-wp-bind--hidden=\"!state.hasPdfPreview\" hidden class=\"wp-block-file__embed\" data=\"https:\/\/sites.uel.br\/museu\/wp-content\/uploads\/2025\/06\/MAQUINA-DE-ARROZ.pdf\" type=\"application\/pdf\" style=\"width:100%;height:600px\" aria-label=\"Incorporado de M\u00c1QUINA DE ARROZ.\"><\/object><a id=\"wp-block-file--media-ffbcce37-2419-4957-95dc-7be2327baea0\" href=\"https:\/\/sites.uel.br\/museu\/wp-content\/uploads\/2025\/06\/MAQUINA-DE-ARROZ.pdf\">M\u00c1QUINA DE ARROZ<\/a><a href=\"https:\/\/sites.uel.br\/museu\/wp-content\/uploads\/2025\/06\/MAQUINA-DE-ARROZ.pdf\" class=\"wp-block-file__button wp-element-button\" download aria-describedby=\"wp-block-file--media-ffbcce37-2419-4957-95dc-7be2327baea0\">Baixar<\/a><\/div>\n\n\n\n<div data-wp-interactive=\"core\/file\" class=\"wp-block-file\"><object data-wp-bind--hidden=\"!state.hasPdfPreview\" hidden class=\"wp-block-file__embed\" data=\"https:\/\/sites.uel.br\/museu\/wp-content\/uploads\/2025\/06\/LIVRO-COMPANHIA-TELEFONICA-NACIONAL.pdf\" type=\"application\/pdf\" style=\"width:100%;height:600px\" aria-label=\"Incorporado de LIVRO COMPANHIA TELEF\u00d4NICA NACIONAL.\"><\/object><a id=\"wp-block-file--media-f982755e-4083-4da3-9004-f0c404ba1109\" href=\"https:\/\/sites.uel.br\/museu\/wp-content\/uploads\/2025\/06\/LIVRO-COMPANHIA-TELEFONICA-NACIONAL.pdf\">LIVRO COMPANHIA TELEF\u00d4NICA NACIONAL<\/a><a href=\"https:\/\/sites.uel.br\/museu\/wp-content\/uploads\/2025\/06\/LIVRO-COMPANHIA-TELEFONICA-NACIONAL.pdf\" class=\"wp-block-file__button wp-element-button\" download aria-describedby=\"wp-block-file--media-f982755e-4083-4da3-9004-f0c404ba1109\">Baixar<\/a><\/div>\n\n\n\n<div data-wp-interactive=\"core\/file\" class=\"wp-block-file\"><object data-wp-bind--hidden=\"!state.hasPdfPreview\" hidden class=\"wp-block-file__embed\" data=\"https:\/\/sites.uel.br\/museu\/wp-content\/uploads\/2025\/06\/LIVRO-CASA-DA-MEMORIA-MADRE-LEONIA-MILITO.pdf\" type=\"application\/pdf\" style=\"width:100%;height:600px\" aria-label=\"Incorporado de LIVRO CASA DA MEM\u00d3RIA MADRE LE\u00d4NIA MILITO.\"><\/object><a id=\"wp-block-file--media-4127f132-695a-4c5f-a8b5-b523b9a15e5c\" href=\"https:\/\/sites.uel.br\/museu\/wp-content\/uploads\/2025\/06\/LIVRO-CASA-DA-MEMORIA-MADRE-LEONIA-MILITO.pdf\">LIVRO CASA DA MEM\u00d3RIA MADRE LE\u00d4NIA MILITO<\/a><a href=\"https:\/\/sites.uel.br\/museu\/wp-content\/uploads\/2025\/06\/LIVRO-CASA-DA-MEMORIA-MADRE-LEONIA-MILITO.pdf\" class=\"wp-block-file__button wp-element-button\" download aria-describedby=\"wp-block-file--media-4127f132-695a-4c5f-a8b5-b523b9a15e5c\">Baixar<\/a><\/div>\n\n\n\n<p><\/p>\n","protected":false},"excerpt":{"rendered":"","protected":false},"author":7,"featured_media":0,"parent":0,"menu_order":0,"comment_status":"closed","ping_status":"closed","template":"","meta":{"footnotes":""},"class_list":["post-888","page","type-page","status-publish","hentry"],"acf":[],"_links":{"self":[{"href":"https:\/\/sites.uel.br\/museu\/wp-json\/wp\/v2\/pages\/888","targetHints":{"allow":["GET"]}}],"collection":[{"href":"https:\/\/sites.uel.br\/museu\/wp-json\/wp\/v2\/pages"}],"about":[{"href":"https:\/\/sites.uel.br\/museu\/wp-json\/wp\/v2\/types\/page"}],"author":[{"embeddable":true,"href":"https:\/\/sites.uel.br\/museu\/wp-json\/wp\/v2\/users\/7"}],"replies":[{"embeddable":true,"href":"https:\/\/sites.uel.br\/museu\/wp-json\/wp\/v2\/comments?post=888"}],"version-history":[{"count":31,"href":"https:\/\/sites.uel.br\/museu\/wp-json\/wp\/v2\/pages\/888\/revisions"}],"predecessor-version":[{"id":1385,"href":"https:\/\/sites.uel.br\/museu\/wp-json\/wp\/v2\/pages\/888\/revisions\/1385"}],"wp:attachment":[{"href":"https:\/\/sites.uel.br\/museu\/wp-json\/wp\/v2\/media?parent=888"}],"curies":[{"name":"wp","href":"https:\/\/api.w.org\/{rel}","templated":true}]}}