{"id":81,"date":"2023-06-01T16:28:48","date_gmt":"2023-06-01T19:28:48","guid":{"rendered":"https:\/\/sites.uel.br\/museu\/?page_id=81"},"modified":"2023-06-15T09:41:58","modified_gmt":"2023-06-15T12:41:58","slug":"mapas-e-plantas","status":"publish","type":"page","link":"https:\/\/sites.uel.br\/museu\/mapas-e-plantas\/","title":{"rendered":""},"content":{"rendered":"\n<figure class=\"wp-block-image size-large\"><img loading=\"lazy\" decoding=\"async\" width=\"1024\" height=\"509\" src=\"https:\/\/sites.uel.br\/museu\/wp-content\/uploads\/2023\/06\/PLANTA-01-1-1024x509.png\" alt=\"\" class=\"wp-image-110\" srcset=\"https:\/\/sites.uel.br\/museu\/wp-content\/uploads\/2023\/06\/PLANTA-01-1-1024x509.png 1024w, https:\/\/sites.uel.br\/museu\/wp-content\/uploads\/2023\/06\/PLANTA-01-1-300x149.png 300w, https:\/\/sites.uel.br\/museu\/wp-content\/uploads\/2023\/06\/PLANTA-01-1-768x381.png 768w, https:\/\/sites.uel.br\/museu\/wp-content\/uploads\/2023\/06\/PLANTA-01-1-1536x763.png 1536w, https:\/\/sites.uel.br\/museu\/wp-content\/uploads\/2023\/06\/PLANTA-01-1-2048x1017.png 2048w\" sizes=\"auto, (max-width: 1024px) 100vw, 1024px\" \/><\/figure>\n\n\n\n<hr class=\"wp-block-separator has-alpha-channel-opacity is-style-wide\" \/>\n\n\n\n<figure class=\"wp-block-image size-large\"><img loading=\"lazy\" decoding=\"async\" width=\"1024\" height=\"494\" src=\"https:\/\/sites.uel.br\/museu\/wp-content\/uploads\/2023\/06\/PLANTA-02-1024x494.png\" alt=\"\" class=\"wp-image-111\" srcset=\"https:\/\/sites.uel.br\/museu\/wp-content\/uploads\/2023\/06\/PLANTA-02-1024x494.png 1024w, https:\/\/sites.uel.br\/museu\/wp-content\/uploads\/2023\/06\/PLANTA-02-300x145.png 300w, https:\/\/sites.uel.br\/museu\/wp-content\/uploads\/2023\/06\/PLANTA-02-768x370.png 768w, https:\/\/sites.uel.br\/museu\/wp-content\/uploads\/2023\/06\/PLANTA-02-1536x741.png 1536w, https:\/\/sites.uel.br\/museu\/wp-content\/uploads\/2023\/06\/PLANTA-02-2048x988.png 2048w\" sizes=\"auto, (max-width: 1024px) 100vw, 1024px\" \/><\/figure>\n\n\n\n<hr class=\"wp-block-separator has-alpha-channel-opacity is-style-wide\" \/>\n\n\n\n<figure class=\"wp-block-image size-large\"><img loading=\"lazy\" decoding=\"async\" width=\"1024\" height=\"494\" src=\"https:\/\/sites.uel.br\/museu\/wp-content\/uploads\/2023\/06\/PLANTA-03-1-1024x494.png\" alt=\"\" class=\"wp-image-116\" srcset=\"https:\/\/sites.uel.br\/museu\/wp-content\/uploads\/2023\/06\/PLANTA-03-1-1024x494.png 1024w, https:\/\/sites.uel.br\/museu\/wp-content\/uploads\/2023\/06\/PLANTA-03-1-300x145.png 300w, https:\/\/sites.uel.br\/museu\/wp-content\/uploads\/2023\/06\/PLANTA-03-1-768x370.png 768w, https:\/\/sites.uel.br\/museu\/wp-content\/uploads\/2023\/06\/PLANTA-03-1-1536x741.png 1536w, https:\/\/sites.uel.br\/museu\/wp-content\/uploads\/2023\/06\/PLANTA-03-1-2048x988.png 2048w\" sizes=\"auto, (max-width: 1024px) 100vw, 1024px\" \/><\/figure>\n\n\n\n<h2 class=\"wp-block-heading\">Plantas &#8211; revitaliza\u00e7\u00e3o<\/h2>\n\n\n\n<p class=\"has-text-align-center has-small-font-size\"><em>acervo completo das plantas da revitaliza\u00e7\u00e3o dispon\u00edvel no Museu Hist\u00f3rico de Londrina<\/em><\/p>\n\n\n\n<figure class=\"wp-block-gallery has-nested-images columns-default is-cropped wp-block-gallery-1 is-layout-flex wp-block-gallery-is-layout-flex\">\n<figure class=\"wp-block-image size-large\"><img loading=\"lazy\" decoding=\"async\" width=\"1024\" height=\"275\" data-id=\"671\" src=\"https:\/\/sites.uel.br\/museu\/wp-content\/uploads\/2023\/06\/PLANTAS-1-1-1024x275.jpeg\" alt=\"\" class=\"wp-image-671\" srcset=\"https:\/\/sites.uel.br\/museu\/wp-content\/uploads\/2023\/06\/PLANTAS-1-1-1024x275.jpeg 1024w, https:\/\/sites.uel.br\/museu\/wp-content\/uploads\/2023\/06\/PLANTAS-1-1-300x81.jpeg 300w, https:\/\/sites.uel.br\/museu\/wp-content\/uploads\/2023\/06\/PLANTAS-1-1-768x206.jpeg 768w, https:\/\/sites.uel.br\/museu\/wp-content\/uploads\/2023\/06\/PLANTAS-1-1.jpeg 1280w\" sizes=\"auto, (max-width: 1024px) 100vw, 1024px\" \/><\/figure>\n\n\n\n<figure class=\"wp-block-image size-large\"><img loading=\"lazy\" decoding=\"async\" width=\"1024\" height=\"581\" data-id=\"670\" src=\"https:\/\/sites.uel.br\/museu\/wp-content\/uploads\/2023\/06\/PLANTAS-2-1024x581.jpeg\" alt=\"\" class=\"wp-image-670\" srcset=\"https:\/\/sites.uel.br\/museu\/wp-content\/uploads\/2023\/06\/PLANTAS-2-1024x581.jpeg 1024w, https:\/\/sites.uel.br\/museu\/wp-content\/uploads\/2023\/06\/PLANTAS-2-300x170.jpeg 300w, https:\/\/sites.uel.br\/museu\/wp-content\/uploads\/2023\/06\/PLANTAS-2-768x436.jpeg 768w, https:\/\/sites.uel.br\/museu\/wp-content\/uploads\/2023\/06\/PLANTAS-2.jpeg 1280w\" sizes=\"auto, (max-width: 1024px) 100vw, 1024px\" \/><\/figure>\n\n\n\n<figure class=\"wp-block-image size-large\"><img loading=\"lazy\" decoding=\"async\" width=\"384\" height=\"296\" data-id=\"666\" src=\"https:\/\/sites.uel.br\/museu\/wp-content\/uploads\/2023\/06\/PLANTAS-4.jpeg\" alt=\"\" class=\"wp-image-666\" srcset=\"https:\/\/sites.uel.br\/museu\/wp-content\/uploads\/2023\/06\/PLANTAS-4.jpeg 384w, https:\/\/sites.uel.br\/museu\/wp-content\/uploads\/2023\/06\/PLANTAS-4-300x231.jpeg 300w\" sizes=\"auto, (max-width: 384px) 100vw, 384px\" \/><\/figure>\n\n\n\n<figure class=\"wp-block-image size-large\"><img loading=\"lazy\" decoding=\"async\" width=\"384\" height=\"288\" data-id=\"665\" src=\"https:\/\/sites.uel.br\/museu\/wp-content\/uploads\/2023\/06\/PLANTAS-25.jpeg\" alt=\"\" class=\"wp-image-665\" srcset=\"https:\/\/sites.uel.br\/museu\/wp-content\/uploads\/2023\/06\/PLANTAS-25.jpeg 384w, https:\/\/sites.uel.br\/museu\/wp-content\/uploads\/2023\/06\/PLANTAS-25-300x225.jpeg 300w\" sizes=\"auto, (max-width: 384px) 100vw, 384px\" \/><\/figure>\n\n\n\n<figure class=\"wp-block-image size-large\"><img loading=\"lazy\" decoding=\"async\" width=\"384\" height=\"288\" data-id=\"663\" src=\"https:\/\/sites.uel.br\/museu\/wp-content\/uploads\/2023\/06\/PLANTAS-26.jpeg\" alt=\"\" class=\"wp-image-663\" srcset=\"https:\/\/sites.uel.br\/museu\/wp-content\/uploads\/2023\/06\/PLANTAS-26.jpeg 384w, https:\/\/sites.uel.br\/museu\/wp-content\/uploads\/2023\/06\/PLANTAS-26-300x225.jpeg 300w\" sizes=\"auto, (max-width: 384px) 100vw, 384px\" \/><\/figure>\n\n\n\n<figure class=\"wp-block-image size-large\"><img loading=\"lazy\" decoding=\"async\" width=\"384\" height=\"348\" data-id=\"667\" src=\"https:\/\/sites.uel.br\/museu\/wp-content\/uploads\/2023\/06\/PLANTAS-28.jpeg\" alt=\"\" class=\"wp-image-667\" srcset=\"https:\/\/sites.uel.br\/museu\/wp-content\/uploads\/2023\/06\/PLANTAS-28.jpeg 384w, https:\/\/sites.uel.br\/museu\/wp-content\/uploads\/2023\/06\/PLANTAS-28-300x272.jpeg 300w\" sizes=\"auto, (max-width: 384px) 100vw, 384px\" \/><\/figure>\n\n\n\n<figure class=\"wp-block-image size-large\"><img loading=\"lazy\" decoding=\"async\" width=\"384\" height=\"288\" data-id=\"668\" src=\"https:\/\/sites.uel.br\/museu\/wp-content\/uploads\/2023\/06\/PLANTAS-29.jpeg\" alt=\"\" class=\"wp-image-668\" srcset=\"https:\/\/sites.uel.br\/museu\/wp-content\/uploads\/2023\/06\/PLANTAS-29.jpeg 384w, https:\/\/sites.uel.br\/museu\/wp-content\/uploads\/2023\/06\/PLANTAS-29-300x225.jpeg 300w\" sizes=\"auto, (max-width: 384px) 100vw, 384px\" \/><\/figure>\n\n\n\n<figure class=\"wp-block-image size-large\"><img loading=\"lazy\" decoding=\"async\" width=\"1024\" height=\"768\" data-id=\"672\" src=\"https:\/\/sites.uel.br\/museu\/wp-content\/uploads\/2023\/06\/PLANTAS-11-1024x768.jpeg\" alt=\"\" class=\"wp-image-672\" srcset=\"https:\/\/sites.uel.br\/museu\/wp-content\/uploads\/2023\/06\/PLANTAS-11-1024x768.jpeg 1024w, https:\/\/sites.uel.br\/museu\/wp-content\/uploads\/2023\/06\/PLANTAS-11-300x225.jpeg 300w, https:\/\/sites.uel.br\/museu\/wp-content\/uploads\/2023\/06\/PLANTAS-11-768x576.jpeg 768w, https:\/\/sites.uel.br\/museu\/wp-content\/uploads\/2023\/06\/PLANTAS-11.jpeg 1280w\" sizes=\"auto, (max-width: 1024px) 100vw, 1024px\" \/><\/figure>\n<\/figure>\n","protected":false},"excerpt":{"rendered":"<p>Plantas &#8211; revitaliza\u00e7\u00e3o acervo completo das plantas da revitaliza\u00e7\u00e3o dispon\u00edvel no Museu Hist\u00f3rico de Londrina<\/p>\n","protected":false},"author":7,"featured_media":0,"parent":0,"menu_order":0,"comment_status":"closed","ping_status":"closed","template":"","meta":{"footnotes":""},"class_list":["post-81","page","type-page","status-publish","hentry"],"acf":[],"_links":{"self":[{"href":"https:\/\/sites.uel.br\/museu\/wp-json\/wp\/v2\/pages\/81","targetHints":{"allow":["GET"]}}],"collection":[{"href":"https:\/\/sites.uel.br\/museu\/wp-json\/wp\/v2\/pages"}],"about":[{"href":"https:\/\/sites.uel.br\/museu\/wp-json\/wp\/v2\/types\/page"}],"author":[{"embeddable":true,"href":"https:\/\/sites.uel.br\/museu\/wp-json\/wp\/v2\/users\/7"}],"replies":[{"embeddable":true,"href":"https:\/\/sites.uel.br\/museu\/wp-json\/wp\/v2\/comments?post=81"}],"version-history":[{"count":7,"href":"https:\/\/sites.uel.br\/museu\/wp-json\/wp\/v2\/pages\/81\/revisions"}],"predecessor-version":[{"id":673,"href":"https:\/\/sites.uel.br\/museu\/wp-json\/wp\/v2\/pages\/81\/revisions\/673"}],"wp:attachment":[{"href":"https:\/\/sites.uel.br\/museu\/wp-json\/wp\/v2\/media?parent=81"}],"curies":[{"name":"wp","href":"https:\/\/api.w.org\/{rel}","templated":true}]}}